{"id":39,"date":"2015-05-27T06:33:53","date_gmt":"2015-05-27T06:33:53","guid":{"rendered":"http:\/\/www.verkkovaria.fi\/tyossaoppimisentuki\/?page_id=39"},"modified":"2015-11-23T08:43:22","modified_gmt":"2015-11-23T08:43:22","slug":"videot-tyoelama","status":"publish","type":"page","link":"https:\/\/www.verkkovaria.fi\/tyossaoppimisentuki\/?page_id=39","title":{"rendered":"Videot ty\u00f6el\u00e4m\u00e4"},"content":{"rendered":"<p>Haastatteluissa ty\u00f6el\u00e4m\u00e4n edustajat ovat vastanneet seuraaviin kysymyksiin:<\/p>\n<p>Miten olet huomioinut opiskelijan yksil\u00f6lliset tarpeet ty\u00f6ss\u00e4oppimiseen liittyen?\u00a0<\/p>\n<p>Mit\u00e4 keinoja, menetelmi\u00e4 ja yhteisty\u00f6kumppaneita olet k\u00e4ytt\u00e4nyt ohjauksen tukena (esim. ty\u00f6ss\u00e4oppimisen ohjaava opettaja, ty\u00f6valmennus, ty\u00f6el\u00e4m\u00e4, kollegat, erityisopettaja, opinto-ohjaaja, Facebook, Whatsap, s\u00e4hk\u00f6posti, \u00a0puhelin)?<\/p>\n<p>\u00a0<\/p>\n<div style=\"width: 320px;\" class=\"wp-video\"><video class=\"wp-video-shortcode\" id=\"video-39-1\" width=\"320\" height=\"240\" preload=\"metadata\" controls=\"controls\"><source type=\"video\/mp4\" src=\"http:\/\/www.verkkovaria.fi\/tyossaoppimisentuki\/wp-content\/uploads\/2015\/05\/movie_11.mp4?_=1\" \/><a href=\"http:\/\/www.verkkovaria.fi\/tyossaoppimisentuki\/wp-content\/uploads\/2015\/05\/movie_11.mp4\">http:\/\/www.verkkovaria.fi\/tyossaoppimisentuki\/wp-content\/uploads\/2015\/05\/movie_11.mp4<\/a><\/video><\/div>\n<p>Miele, huoltop\u00e4\u00e4llikk\u00f6 Samu Bj\u00f6rkman<\/p>\n","protected":false},"excerpt":{"rendered":"<p>Haastatteluissa ty\u00f6el\u00e4m\u00e4n edustajat ovat vastanneet seuraaviin kysymyksiin: Miten olet huomioinut opiskelijan yksil\u00f6lliset tarpeet ty\u00f6ss\u00e4oppimiseen liittyen?\u00a0 Mit\u00e4 keinoja, menetelmi\u00e4 ja yhteisty\u00f6kumppaneita olet k\u00e4ytt\u00e4nyt ohjauksen tukena (esim. ty\u00f6ss\u00e4oppimisen ohjaava opettaja, ty\u00f6valmennus, ty\u00f6el\u00e4m\u00e4, kollegat, erityisopettaja, opinto-ohjaaja, Facebook, Whatsap, s\u00e4hk\u00f6posti, \u00a0puhelin)? \u00a0 Miele, huoltop\u00e4\u00e4llikk\u00f6 Samu Bj\u00f6rkman<\/p>\n","protected":false},"author":1,"featured_media":0,"parent":0,"menu_order":0,"comment_status":"closed","ping_status":"closed","template":"","meta":{"footnotes":"","_links_to":"","_links_to_target":""},"class_list":["post-39","page","type-page","status-publish","hentry"],"_links":{"self":[{"href":"https:\/\/www.verkkovaria.fi\/tyossaoppimisentuki\/index.php?rest_route=\/wp\/v2\/pages\/39","targetHints":{"allow":["GET"]}}],"collection":[{"href":"https:\/\/www.verkkovaria.fi\/tyossaoppimisentuki\/index.php?rest_route=\/wp\/v2\/pages"}],"about":[{"href":"https:\/\/www.verkkovaria.fi\/tyossaoppimisentuki\/index.php?rest_route=\/wp\/v2\/types\/page"}],"author":[{"embeddable":true,"href":"https:\/\/www.verkkovaria.fi\/tyossaoppimisentuki\/index.php?rest_route=\/wp\/v2\/users\/1"}],"replies":[{"embeddable":true,"href":"https:\/\/www.verkkovaria.fi\/tyossaoppimisentuki\/index.php?rest_route=%2Fwp%2Fv2%2Fcomments&post=39"}],"version-history":[{"count":14,"href":"https:\/\/www.verkkovaria.fi\/tyossaoppimisentuki\/index.php?rest_route=\/wp\/v2\/pages\/39\/revisions"}],"predecessor-version":[{"id":311,"href":"https:\/\/www.verkkovaria.fi\/tyossaoppimisentuki\/index.php?rest_route=\/wp\/v2\/pages\/39\/revisions\/311"}],"wp:attachment":[{"href":"https:\/\/www.verkkovaria.fi\/tyossaoppimisentuki\/index.php?rest_route=%2Fwp%2Fv2%2Fmedia&parent=39"}],"curies":[{"name":"wp","href":"https:\/\/api.w.org\/{rel}","templated":true}]}}