{"id":46,"date":"2015-05-27T06:46:32","date_gmt":"2015-05-27T06:46:32","guid":{"rendered":"http:\/\/www.verkkovaria.fi\/tyossaoppimisentuki\/?page_id=46"},"modified":"2016-07-24T11:56:59","modified_gmt":"2016-07-24T11:56:59","slug":"ennen-tyossaoppimista-tyoelama","status":"publish","type":"page","link":"https:\/\/www.verkkovaria.fi\/tyossaoppimisentuki\/?page_id=46","title":{"rendered":"Ty\u00f6ss\u00e4oppimisjakso"},"content":{"rendered":"<p><strong>Ennen ty\u00f6ss\u00e4oppimista ty\u00f6el\u00e4m\u00e4<\/strong><\/p>\n<p><a href=\"http:\/\/www.verkkovaria.fi\/tyossaoppimisentuki\/wp-content\/uploads\/2015\/05\/tarjoilija.jpg\" rel=\"attachment wp-att-338\"><img loading=\"lazy\" decoding=\"async\" src=\"http:\/\/www.verkkovaria.fi\/tyossaoppimisentuki\/wp-content\/uploads\/2015\/05\/tarjoilija-300x200.jpg\" alt=\"tarjoilija\" width=\"300\" height=\"200\" \/><\/a><\/p>\n<ul>\n<li>opiskelijan mahdollinen haastattelu ja ansioluettelo<\/li>\n<li>mahdollisuuksien mukaan opiskelijan tutustuminen ty\u00f6ss\u00e4oppimispaikkaan<\/li>\n<li>perehtyminen opiskelijan tavoitteisiin ty\u00f6ss\u00e4oppimisjaksolle<\/li>\n<li>sopivan ohjaajan valinta<\/li>\n<li>ty\u00f6ss\u00e4oppimisjakson sopimusten tekeminen ja allekirjoittaminen yhdess\u00e4 ohjaavan opettajan ja opiskelijan kanssa<\/li>\n<li>kertoo ty\u00f6ymp\u00e4rist\u00f6st\u00e4 ja -teht\u00e4vist\u00e4<\/li>\n<\/ul>\n<p>&nbsp;<\/p>\n<p><strong>Ty\u00f6ss\u00e4oppimisen aikana ty\u00f6el\u00e4m\u00e4<\/strong><\/p>\n<p><a href=\"http:\/\/www.verkkovaria.fi\/tyossaoppimisentuki\/wp-content\/uploads\/2015\/05\/s\u00e4hk\u00f6.jpg\" rel=\"attachment wp-att-337\"><img loading=\"lazy\" decoding=\"async\" src=\"http:\/\/www.verkkovaria.fi\/tyossaoppimisentuki\/wp-content\/uploads\/2015\/05\/s\u00e4hk\u00f6-200x300.jpg\" alt=\"s\u00e4hk\u00f6\" width=\"200\" height=\"300\" \/><\/a><\/p>\n<ul>\n<li>varmistaa ty\u00f6ss\u00e4oppijan ty\u00f6teht\u00e4vien olevan selkeit\u00e4 ja ymm\u00e4rrett\u00e4vi\u00e4 (<a href=\"http:\/\/www.kuntoutussaatio.fi\/files\/2005\/onnistuneesti_tyoelamaan.pdf\" target=\"_blank\">Onnistuneesti ty\u00f6el\u00e4m\u00e4\u00e4n<\/a>, s. 18)<\/li>\n<li>perehdytt\u00e4\u00e4 ty\u00f6ss\u00e4oppijan ty\u00f6teht\u00e4viin (<a href=\"http:\/\/www.kuntoutussaatio.fi\/files\/2005\/onnistuneesti_tyoelamaan.pdf\" target=\"_blank\">Onnistuneesti ty\u00f6el\u00e4m\u00e4\u00e4n<\/a>, s. 15)<\/li>\n<li>kannustaa, ohjaa ja opastaa<\/li>\n<li>antaa rakentavaa, realistista palautetta opiskelijan edistymisest\u00e4 (<a href=\"http:\/\/www.kuntoutussaatio.fi\/files\/2005\/onnistuneesti_tyoelamaan.pdf\" target=\"_blank\">Onnistuneesti ty\u00f6el\u00e4m\u00e4\u00e4n<\/a>, s. 20-22)<\/li>\n<li>on yhteydess\u00e4 oppilaitokseen ty\u00f6ss\u00e4oppimista ohjaavaan opettajaan<\/li>\n<li>tarjoaa ty\u00f6ss\u00e4oppijan ammatillista kehittymist\u00e4 vastaavia ty\u00f6teht\u00e4vi\u00e4 (<a href=\"http:\/\/www.oph.fi\/download\/166817_rikasta_ja_rakasta_oppimista.pdf\" target=\"_blank\">Rikasta ja rakasta oppimista<\/a>, s. 7)<\/li>\n<li>suunnittelee n\u00e4yt\u00f6n yhdess\u00e4 opiskelijan ja opettajan kanssa<\/li>\n<li>arvioi ty\u00f6ss\u00e4oppimisjakson tavoitteiden t\u00e4yttymist\u00e4<\/li>\n<li>perehtyy arviointiin<\/li>\n<\/ul>\n<p>&nbsp;<\/p>\n<p><strong>Ty\u00f6ss\u00e4oppimisen j\u00e4lkeen ty\u00f6el\u00e4m\u00e4<\/strong><\/p>\n<p><a href=\"http:\/\/www.verkkovaria.fi\/tyossaoppimisentuki\/wp-content\/uploads\/2016\/02\/autoasentaja.jpg\" rel=\"attachment wp-att-345\"><img loading=\"lazy\" decoding=\"async\" src=\"http:\/\/www.verkkovaria.fi\/tyossaoppimisentuki\/wp-content\/uploads\/2016\/02\/autoasentaja-300x200.jpg\" alt=\"autoasentaja\" width=\"300\" height=\"200\" \/><\/a><\/p>\n<ul>\n<li>osallistuu arviointikeskusteluun jakson p\u00e4\u00e4ttyess\u00e4 (tai n\u00e4yt\u00f6n antamisen j\u00e4lkeen)<\/li>\n<li>antaa ty\u00f6ss\u00e4oppijalle realistista, rakentavaa palautetta<\/li>\n<\/ul>\n","protected":false},"excerpt":{"rendered":"<p>Ennen ty\u00f6ss\u00e4oppimista ty\u00f6el\u00e4m\u00e4 opiskelijan mahdollinen haastattelu ja ansioluettelo mahdollisuuksien mukaan opiskelijan tutustuminen ty\u00f6ss\u00e4oppimispaikkaan perehtyminen opiskelijan tavoitteisiin ty\u00f6ss\u00e4oppimisjaksolle sopivan ohjaajan valinta ty\u00f6ss\u00e4oppimisjakson sopimusten tekeminen ja allekirjoittaminen yhdess\u00e4 ohjaavan opettajan ja opiskelijan kanssa kertoo ty\u00f6ymp\u00e4rist\u00f6st\u00e4 ja -teht\u00e4vist\u00e4 &nbsp; Ty\u00f6ss\u00e4oppimisen aikana ty\u00f6el\u00e4m\u00e4 varmistaa ty\u00f6ss\u00e4oppijan ty\u00f6teht\u00e4vien olevan selkeit\u00e4 ja ymm\u00e4rrett\u00e4vi\u00e4 (Onnistuneesti ty\u00f6el\u00e4m\u00e4\u00e4n, s. 18) perehdytt\u00e4\u00e4 ty\u00f6ss\u00e4oppijan ty\u00f6teht\u00e4viin (Onnistuneesti ty\u00f6el\u00e4m\u00e4\u00e4n, &hellip; <a href=\"https:\/\/www.verkkovaria.fi\/tyossaoppimisentuki\/?page_id=46\">Continued<\/a><\/p>\n","protected":false},"author":1,"featured_media":0,"parent":0,"menu_order":0,"comment_status":"closed","ping_status":"open","template":"","meta":{"footnotes":"","_links_to":"","_links_to_target":""},"class_list":["post-46","page","type-page","status-publish","hentry"],"_links":{"self":[{"href":"https:\/\/www.verkkovaria.fi\/tyossaoppimisentuki\/index.php?rest_route=\/wp\/v2\/pages\/46","targetHints":{"allow":["GET"]}}],"collection":[{"href":"https:\/\/www.verkkovaria.fi\/tyossaoppimisentuki\/index.php?rest_route=\/wp\/v2\/pages"}],"about":[{"href":"https:\/\/www.verkkovaria.fi\/tyossaoppimisentuki\/index.php?rest_route=\/wp\/v2\/types\/page"}],"author":[{"embeddable":true,"href":"https:\/\/www.verkkovaria.fi\/tyossaoppimisentuki\/index.php?rest_route=\/wp\/v2\/users\/1"}],"replies":[{"embeddable":true,"href":"https:\/\/www.verkkovaria.fi\/tyossaoppimisentuki\/index.php?rest_route=%2Fwp%2Fv2%2Fcomments&post=46"}],"version-history":[{"count":10,"href":"https:\/\/www.verkkovaria.fi\/tyossaoppimisentuki\/index.php?rest_route=\/wp\/v2\/pages\/46\/revisions"}],"predecessor-version":[{"id":404,"href":"https:\/\/www.verkkovaria.fi\/tyossaoppimisentuki\/index.php?rest_route=\/wp\/v2\/pages\/46\/revisions\/404"}],"wp:attachment":[{"href":"https:\/\/www.verkkovaria.fi\/tyossaoppimisentuki\/index.php?rest_route=%2Fwp%2Fv2%2Fmedia&parent=46"}],"curies":[{"name":"wp","href":"https:\/\/api.w.org\/{rel}","templated":true}]}}