{"id":11,"date":"2016-01-13T12:36:05","date_gmt":"2016-01-13T12:36:05","guid":{"rendered":"http:\/\/www.verkkovaria.fi\/yhteiset\/aidinkieli\/?page_id=11"},"modified":"2016-06-29T07:26:16","modified_gmt":"2016-06-29T07:26:16","slug":"etusivu","status":"publish","type":"page","link":"https:\/\/www.verkkovaria.fi\/yhteiset\/aidinkieli\/","title":{"rendered":"Etusivu"},"content":{"rendered":"<p>Tervetuloa opiskelemaan ammatillista \u00e4idinkielt\u00e4 verkkototeutuksena. \u00c4idinkieli kuuluu opinnoissa kaikille yhteisiin tutkinnon osiin ja on osa viestint\u00e4- ja vuorovaikutustaitoja. Tutkinnon perusteet korostavat \u00e4idinkielen asemaa osana ammattitaidon kehittymist\u00e4, ja \u00e4idinkieli on paitsi oppimisen kohde my\u00f6s oppimisen v\u00e4line. Opinnoissa \u00e4idinkieli integroituu ammatillisiin opintoihisi. \u00c4idinkielen verkkototeutukset harjaannuttavat sek\u00e4 opiskelussa ett\u00e4 ty\u00f6el\u00e4m\u00e4ss\u00e4 tarvittavia tekstitaitoja.<\/p>\n<p>Verkko-opiskelu edellytt\u00e4\u00e4 sitoutumista ja ajank\u00e4yt\u00f6n suunnittelua. Toteutuksissa on yleens\u00e4 viikkoaikataulu toisin sanoen kullekin viikolle on oma teht\u00e4v\u00e4. Verkkototeutuksen suorittaminen edellytt\u00e4\u00e4 teht\u00e4vien huolellista tekemist\u00e4 ja sovitussa aikataulussa pysymist\u00e4.<\/p>\n<p>Ohjeet \u00e4idinkielen verkkototeutusten opiskeluun ja toteutusten sis\u00e4ll\u00f6t l\u00f6ytyv\u00e4t <strong>Opiskelijalle<\/strong>-alasvetovalikosta.<\/p>\n","protected":false},"excerpt":{"rendered":"<p>Tervetuloa opiskelemaan ammatillista \u00e4idinkielt\u00e4 verkkototeutuksena. \u00c4idinkieli kuuluu opinnoissa kaikille yhteisiin tutkinnon osiin ja on osa viestint\u00e4- ja vuorovaikutustaitoja. Tutkinnon perusteet korostavat \u00e4idinkielen asemaa osana ammattitaidon kehittymist\u00e4, ja \u00e4idinkieli on paitsi oppimisen kohde my\u00f6s oppimisen v\u00e4line. Opinnoissa \u00e4idinkieli integroituu ammatillisiin opintoihisi. \u00c4idinkielen verkkototeutukset harjaannuttavat sek\u00e4 opiskelussa ett\u00e4 ty\u00f6el\u00e4m\u00e4ss\u00e4 tarvittavia tekstitaitoja. Verkko-opiskelu edellytt\u00e4\u00e4 sitoutumista ja ajank\u00e4yt\u00f6n suunnittelua. &hellip; <a href=\"https:\/\/www.verkkovaria.fi\/yhteiset\/aidinkieli\/\">Continued<\/a><\/p>\n","protected":false},"author":1,"featured_media":0,"parent":0,"menu_order":0,"comment_status":"closed","ping_status":"closed","template":"","meta":{"footnotes":"","_links_to":"","_links_to_target":""},"class_list":["post-11","page","type-page","status-publish","hentry"],"_links":{"self":[{"href":"https:\/\/www.verkkovaria.fi\/yhteiset\/aidinkieli\/index.php?rest_route=\/wp\/v2\/pages\/11","targetHints":{"allow":["GET"]}}],"collection":[{"href":"https:\/\/www.verkkovaria.fi\/yhteiset\/aidinkieli\/index.php?rest_route=\/wp\/v2\/pages"}],"about":[{"href":"https:\/\/www.verkkovaria.fi\/yhteiset\/aidinkieli\/index.php?rest_route=\/wp\/v2\/types\/page"}],"author":[{"embeddable":true,"href":"https:\/\/www.verkkovaria.fi\/yhteiset\/aidinkieli\/index.php?rest_route=\/wp\/v2\/users\/1"}],"replies":[{"embeddable":true,"href":"https:\/\/www.verkkovaria.fi\/yhteiset\/aidinkieli\/index.php?rest_route=%2Fwp%2Fv2%2Fcomments&post=11"}],"version-history":[{"count":4,"href":"https:\/\/www.verkkovaria.fi\/yhteiset\/aidinkieli\/index.php?rest_route=\/wp\/v2\/pages\/11\/revisions"}],"predecessor-version":[{"id":552,"href":"https:\/\/www.verkkovaria.fi\/yhteiset\/aidinkieli\/index.php?rest_route=\/wp\/v2\/pages\/11\/revisions\/552"}],"wp:attachment":[{"href":"https:\/\/www.verkkovaria.fi\/yhteiset\/aidinkieli\/index.php?rest_route=%2Fwp%2Fv2%2Fmedia&parent=11"}],"curies":[{"name":"wp","href":"https:\/\/api.w.org\/{rel}","templated":true}]}}