{"id":129,"date":"2016-01-14T10:30:00","date_gmt":"2016-01-14T10:30:00","guid":{"rendered":"http:\/\/www.verkkovaria.fi\/yhteiset\/aidinkieli\/?page_id=129"},"modified":"2016-06-29T14:45:43","modified_gmt":"2016-06-29T14:45:43","slug":"viikko-3","status":"publish","type":"page","link":"https:\/\/www.verkkovaria.fi\/yhteiset\/aidinkieli\/?page_id=129","title":{"rendered":"Viikko 3"},"content":{"rendered":"<p><strong>Viikko 3<\/strong><\/p>\n<p>1) Lue Teht\u00e4v\u00e4n\u00e4 \u00e4idinkieli -kirjasta katkelma Arto Salmisen romaanista <em>Varasto<\/em>. Katso my\u00f6s Taru M\u00e4kel\u00e4n\u00a0elokuva <em>Varasto <\/em>(2011<em>)<\/em> samasta teoksesta. Voit valita my\u00f6s jonkin muun teoskatkelman ja teoksesta\u00a0tehdyn elokuvan.<\/p>\n<p>2) Pohdi lukemasi ja katsomasi perusteella kirjan ja elokuvan eroja: mitk\u00e4 asiat ovat kirjalle ja elokuvalle yhteisi\u00e4, mill\u00e4 lailla ne eroavat toisistaan, miksi? Laadi keskustelualueelle aiheesta puheenvuoro\u00a0(v\u00e4hint\u00e4\u00e4n 10 rivi\u00e4 teksti\u00e4).<\/p>\n<p>3) Kommentoi v\u00e4hint\u00e4\u00e4n yht\u00e4 jonkun toisen kirjoittamaa puheenvuoroa.<\/p>\n","protected":false},"excerpt":{"rendered":"<p>Viikko 3 1) Lue Teht\u00e4v\u00e4n\u00e4 \u00e4idinkieli -kirjasta katkelma Arto Salmisen romaanista Varasto. Katso my\u00f6s Taru M\u00e4kel\u00e4n\u00a0elokuva Varasto (2011) samasta teoksesta. Voit valita my\u00f6s jonkin muun teoskatkelman ja teoksesta\u00a0tehdyn elokuvan. 2) Pohdi lukemasi ja katsomasi perusteella kirjan ja elokuvan eroja: mitk\u00e4 asiat ovat kirjalle ja elokuvalle yhteisi\u00e4, mill\u00e4 lailla ne eroavat toisistaan, miksi? Laadi keskustelualueelle aiheesta &hellip; <a href=\"https:\/\/www.verkkovaria.fi\/yhteiset\/aidinkieli\/?page_id=129\">Continued<\/a><\/p>\n","protected":false},"author":2,"featured_media":0,"parent":0,"menu_order":0,"comment_status":"closed","ping_status":"closed","template":"","meta":{"footnotes":"","_links_to":"","_links_to_target":""},"class_list":["post-129","page","type-page","status-publish","hentry"],"_links":{"self":[{"href":"https:\/\/www.verkkovaria.fi\/yhteiset\/aidinkieli\/index.php?rest_route=\/wp\/v2\/pages\/129","targetHints":{"allow":["GET"]}}],"collection":[{"href":"https:\/\/www.verkkovaria.fi\/yhteiset\/aidinkieli\/index.php?rest_route=\/wp\/v2\/pages"}],"about":[{"href":"https:\/\/www.verkkovaria.fi\/yhteiset\/aidinkieli\/index.php?rest_route=\/wp\/v2\/types\/page"}],"author":[{"embeddable":true,"href":"https:\/\/www.verkkovaria.fi\/yhteiset\/aidinkieli\/index.php?rest_route=\/wp\/v2\/users\/2"}],"replies":[{"embeddable":true,"href":"https:\/\/www.verkkovaria.fi\/yhteiset\/aidinkieli\/index.php?rest_route=%2Fwp%2Fv2%2Fcomments&post=129"}],"version-history":[{"count":3,"href":"https:\/\/www.verkkovaria.fi\/yhteiset\/aidinkieli\/index.php?rest_route=\/wp\/v2\/pages\/129\/revisions"}],"predecessor-version":[{"id":612,"href":"https:\/\/www.verkkovaria.fi\/yhteiset\/aidinkieli\/index.php?rest_route=\/wp\/v2\/pages\/129\/revisions\/612"}],"wp:attachment":[{"href":"https:\/\/www.verkkovaria.fi\/yhteiset\/aidinkieli\/index.php?rest_route=%2Fwp%2Fv2%2Fmedia&parent=129"}],"curies":[{"name":"wp","href":"https:\/\/api.w.org\/{rel}","templated":true}]}}