{"id":137,"date":"2016-01-14T10:31:47","date_gmt":"2016-01-14T10:31:47","guid":{"rendered":"http:\/\/www.verkkovaria.fi\/yhteiset\/aidinkieli\/?page_id=137"},"modified":"2016-01-31T10:46:44","modified_gmt":"2016-01-31T10:46:44","slug":"viikko-5","status":"publish","type":"page","link":"https:\/\/www.verkkovaria.fi\/yhteiset\/aidinkieli\/?page_id=137","title":{"rendered":"Viikko 5"},"content":{"rendered":"<p><strong>Viikko 5<\/strong><\/p>\n<p>1) Tutustu haiku- ja tanka-runoihin esimerkiksi Teht\u00e4v\u00e4n\u00e4 \u00e4idinkieli -kirjassa. Kirjoita jommankumman runon kaavalla runo haluamastasi aiheesta. Muistathan, ett\u00e4 runon maailmassa aihe on vapaa! Liit\u00e4 runo keskustelupalstalle.<\/p>\n<p><strong>Haikun rakenne<\/strong><br \/>1. rivill\u00e4 viisi tavua<br \/>2. rivill\u00e4 nelj\u00e4 tavua<br \/>3. rivill\u00e4 kahdeksan tavua<\/p>\n<p><strong>Tankan rakenne<br \/><\/strong>1. rivill\u00e4 viisi tavua<br \/>2. rivill\u00e4 seitsem\u00e4n tavua<br \/>3. rivill\u00e4 viisi tavua<br \/>4. rivill\u00e4 seitsem\u00e4n tavua<br \/>5. rivill\u00e4 seitsem\u00e4n tavua<\/p>\n<p>2) Kirjoita keskustelupalstalle v\u00e4hint\u00e4\u00e4n yhden jonkun toisen runon synnytt\u00e4mist\u00e4 ajatuksista.<\/p>\n","protected":false},"excerpt":{"rendered":"<p>Viikko 5 1) Tutustu haiku- ja tanka-runoihin esimerkiksi Teht\u00e4v\u00e4n\u00e4 \u00e4idinkieli -kirjassa. Kirjoita jommankumman runon kaavalla runo haluamastasi aiheesta. Muistathan, ett\u00e4 runon maailmassa aihe on vapaa! Liit\u00e4 runo keskustelupalstalle. Haikun rakenne1. rivill\u00e4 viisi tavua2. rivill\u00e4 nelj\u00e4 tavua3. rivill\u00e4 kahdeksan tavua Tankan rakenne1. rivill\u00e4 viisi tavua2. rivill\u00e4 seitsem\u00e4n tavua3. rivill\u00e4 viisi tavua4. rivill\u00e4 seitsem\u00e4n tavua5. rivill\u00e4 seitsem\u00e4n &hellip; <a href=\"https:\/\/www.verkkovaria.fi\/yhteiset\/aidinkieli\/?page_id=137\">Continued<\/a><\/p>\n","protected":false},"author":2,"featured_media":0,"parent":0,"menu_order":0,"comment_status":"closed","ping_status":"closed","template":"","meta":{"footnotes":"","_links_to":"","_links_to_target":""},"class_list":["post-137","page","type-page","status-publish","hentry"],"_links":{"self":[{"href":"https:\/\/www.verkkovaria.fi\/yhteiset\/aidinkieli\/index.php?rest_route=\/wp\/v2\/pages\/137","targetHints":{"allow":["GET"]}}],"collection":[{"href":"https:\/\/www.verkkovaria.fi\/yhteiset\/aidinkieli\/index.php?rest_route=\/wp\/v2\/pages"}],"about":[{"href":"https:\/\/www.verkkovaria.fi\/yhteiset\/aidinkieli\/index.php?rest_route=\/wp\/v2\/types\/page"}],"author":[{"embeddable":true,"href":"https:\/\/www.verkkovaria.fi\/yhteiset\/aidinkieli\/index.php?rest_route=\/wp\/v2\/users\/2"}],"replies":[{"embeddable":true,"href":"https:\/\/www.verkkovaria.fi\/yhteiset\/aidinkieli\/index.php?rest_route=%2Fwp%2Fv2%2Fcomments&post=137"}],"version-history":[{"count":4,"href":"https:\/\/www.verkkovaria.fi\/yhteiset\/aidinkieli\/index.php?rest_route=\/wp\/v2\/pages\/137\/revisions"}],"predecessor-version":[{"id":235,"href":"https:\/\/www.verkkovaria.fi\/yhteiset\/aidinkieli\/index.php?rest_route=\/wp\/v2\/pages\/137\/revisions\/235"}],"wp:attachment":[{"href":"https:\/\/www.verkkovaria.fi\/yhteiset\/aidinkieli\/index.php?rest_route=%2Fwp%2Fv2%2Fmedia&parent=137"}],"curies":[{"name":"wp","href":"https:\/\/api.w.org\/{rel}","templated":true}]}}