{"id":157,"date":"2016-01-14T10:39:41","date_gmt":"2016-01-14T10:39:41","guid":{"rendered":"http:\/\/www.verkkovaria.fi\/yhteiset\/aidinkieli\/?page_id=157"},"modified":"2016-06-29T12:58:40","modified_gmt":"2016-06-29T12:58:40","slug":"tehtava-3-tyopaikkailmoitus","status":"publish","type":"page","link":"https:\/\/www.verkkovaria.fi\/yhteiset\/aidinkieli\/?page_id=157","title":{"rendered":"Teht\u00e4v\u00e4 3: Ty\u00f6paikkailmoitus"},"content":{"rendered":"<p><strong>Teht\u00e4v\u00e4 3: Ty\u00f6paikkailmoitus<\/strong><\/p>\n<p>Tutustu oman alasi ty\u00f6paikkailmoituksiin sanomalehdiss\u00e4 tai ty\u00f6voimatoimiston internet-sivuilla. Kiinnit\u00e4\u00a0huomiota siihen, millaisia asioita ty\u00f6nhakijoilta edellytet\u00e4\u00e4n ja mit\u00e4 avoimesta ty\u00f6paikasta kerrotaan.\u00a0Laadi sen j\u00e4lkeen oman alasi ty\u00f6paikkailmoitus omaa koulutustasi vastaavaan teht\u00e4v\u00e4\u00e4n. Voit itse keksi\u00e4\u00a0ty\u00f6nantajan ja ty\u00f6paikan tarkemmat tiedot. Asettelu on vapaa: voit k\u00e4ytt\u00e4\u00e4 vakioasettelua tai toteuttaa\u00a0ilmoituksen graafisesti lehti-ilmoituksen tyyliin.<\/p>\n","protected":false},"excerpt":{"rendered":"<p>Teht\u00e4v\u00e4 3: Ty\u00f6paikkailmoitus Tutustu oman alasi ty\u00f6paikkailmoituksiin sanomalehdiss\u00e4 tai ty\u00f6voimatoimiston internet-sivuilla. Kiinnit\u00e4\u00a0huomiota siihen, millaisia asioita ty\u00f6nhakijoilta edellytet\u00e4\u00e4n ja mit\u00e4 avoimesta ty\u00f6paikasta kerrotaan.\u00a0Laadi sen j\u00e4lkeen oman alasi ty\u00f6paikkailmoitus omaa koulutustasi vastaavaan teht\u00e4v\u00e4\u00e4n. Voit itse keksi\u00e4\u00a0ty\u00f6nantajan ja ty\u00f6paikan tarkemmat tiedot. Asettelu on vapaa: voit k\u00e4ytt\u00e4\u00e4 vakioasettelua tai toteuttaa\u00a0ilmoituksen graafisesti lehti-ilmoituksen tyyliin.<\/p>\n","protected":false},"author":2,"featured_media":0,"parent":0,"menu_order":0,"comment_status":"closed","ping_status":"closed","template":"","meta":{"footnotes":"","_links_to":"","_links_to_target":""},"class_list":["post-157","page","type-page","status-publish","hentry"],"_links":{"self":[{"href":"https:\/\/www.verkkovaria.fi\/yhteiset\/aidinkieli\/index.php?rest_route=\/wp\/v2\/pages\/157","targetHints":{"allow":["GET"]}}],"collection":[{"href":"https:\/\/www.verkkovaria.fi\/yhteiset\/aidinkieli\/index.php?rest_route=\/wp\/v2\/pages"}],"about":[{"href":"https:\/\/www.verkkovaria.fi\/yhteiset\/aidinkieli\/index.php?rest_route=\/wp\/v2\/types\/page"}],"author":[{"embeddable":true,"href":"https:\/\/www.verkkovaria.fi\/yhteiset\/aidinkieli\/index.php?rest_route=\/wp\/v2\/users\/2"}],"replies":[{"embeddable":true,"href":"https:\/\/www.verkkovaria.fi\/yhteiset\/aidinkieli\/index.php?rest_route=%2Fwp%2Fv2%2Fcomments&post=157"}],"version-history":[{"count":3,"href":"https:\/\/www.verkkovaria.fi\/yhteiset\/aidinkieli\/index.php?rest_route=\/wp\/v2\/pages\/157\/revisions"}],"predecessor-version":[{"id":585,"href":"https:\/\/www.verkkovaria.fi\/yhteiset\/aidinkieli\/index.php?rest_route=\/wp\/v2\/pages\/157\/revisions\/585"}],"wp:attachment":[{"href":"https:\/\/www.verkkovaria.fi\/yhteiset\/aidinkieli\/index.php?rest_route=%2Fwp%2Fv2%2Fmedia&parent=157"}],"curies":[{"name":"wp","href":"https:\/\/api.w.org\/{rel}","templated":true}]}}