{"id":17,"date":"2016-01-13T12:37:51","date_gmt":"2016-01-13T12:37:51","guid":{"rendered":"http:\/\/www.verkkovaria.fi\/yhteiset\/aidinkieli\/?page_id=17"},"modified":"2016-06-29T08:37:41","modified_gmt":"2016-06-29T08:37:41","slug":"arviointi","status":"publish","type":"page","link":"https:\/\/www.verkkovaria.fi\/yhteiset\/aidinkieli\/?page_id=17","title":{"rendered":"Arviointi"},"content":{"rendered":"<p><strong>Arviointi<\/strong><\/p>\n<p>\u00c4idinkielen pakolliset ja valinnaiset sis\u00e4ll\u00f6t kuuluvat Viestint\u00e4- ja vuorovaikutusosaaminen -tutkinnon osaan. \u00c4idinkielen osaamistavoitteet ja arviointikriteerit l\u00f6ytyv\u00e4t opetussuunnitelmasta:\u00a0<a href=\"https:\/\/eperusteet.opintopolku.fi\/#\/fi\/esitys\/612\/ops\/tutkinnonosat\/7445\">Opintopolku ePerusteet<\/a>.<\/p>\n<p><strong>Pakolliset tutkinnon osat<\/strong> arvioidaan siten, ett\u00e4 opiskelija saa suoritusmerkinn\u00e4n <strong>S.<\/strong> Jos toteutus j\u00e4\u00e4 kesken, opintorekisteriin merkit\u00e4\u00e4n <strong>KE.<\/strong> Verkkototeutuksen suorittaminen edellytt\u00e4\u00e4 annettujen teht\u00e4vien tekemist\u00e4 hyv\u00e4ksytysti ohjeiden mukaan.<\/p>\n<p><strong>Luettelo pakollisista \u00e4idinkielen opinnoista<\/strong><\/p>\n<p>Kieli oppimisen v\u00e4lineen\u00e4 1<br \/>\nKieli oppimisen v\u00e4lineen\u00e4 2<br \/>\nTekstilajit opinnoissa 1<br \/>\nTekstilajit opinnoissa 2<br \/>\nTy\u00f6el\u00e4m\u00e4n tekstit<\/p>\n<p><strong>\u00c4idinkielen pakolliset osaamistavoitteet (5 osp)<\/strong><\/p>\n<p>Opiskelija<\/p>\n<ul>\n<li>osaa viesti\u00e4 ja toimia erilaisissa vuorovaikutustilanteissa<\/li>\n<li>ymm\u00e4rt\u00e4\u00e4\u00a0<em>omaan alaan\u00a0<\/em>liittyvien t\u00e4rkeimpien tekstilajien k\u00e4yt\u00e4nteet, olennaisen sis\u00e4ll\u00f6n ja tarkoituksen<\/li>\n<li>osaa hakea tietoa eri tietol\u00e4hteist\u00e4 ja k\u00e4ytt\u00e4\u00e4 tietoa sek\u00e4 noudattaa l\u00e4hteiden k\u00e4yt\u00f6n periaatteita<\/li>\n<li>osaa hy\u00f6dynt\u00e4\u00e4 mediaa ja verkon tarjoamia viestint\u00e4- ja vuorovaikutusv\u00e4lineit\u00e4 opiskelussaan sek\u00e4 tehd\u00e4 ammattiosaamistaan n\u00e4kyv\u00e4ksi<\/li>\n<li>osaa laatia\u00a0<em>alaan liittyvi\u00e4\u00a0<\/em>kirjallisia t\u00f6it\u00e4<\/li>\n<li>osaa hy\u00f6dynt\u00e4\u00e4 \u00e4idinkielen oppimisen luku- ja opiskelustrategioita<\/li>\n<li>ymm\u00e4rt\u00e4\u00e4 \u00e4idinkielen sek\u00e4 kirjallisuuden ja muun kulttuurin merkityksen\u00a0<em>alan<\/em>\u00a0ja ammatin kannalta<\/li>\n<li>osaa arvioida ja kehitt\u00e4\u00e4 omaa \u00e4idinkielen taitoaan.<\/li>\n<\/ul>\n<p>&nbsp;<\/p>\n<p><strong>Valinnaiset tutkinnon osat<\/strong> arvioidaan arvosanalla 0 &#8211; 3. Hyv\u00e4ksytty suorittaminen edellytt\u00e4\u00e4 annettujen teht\u00e4vien tekemist\u00e4 hyv\u00e4ksytysti ohjeiden mukaan.<\/p>\n<p><strong>Luettelo valinnaisista \u00e4idinkielen opinnoista<\/strong><\/p>\n<p>Asiakaspalvelun kieli<br \/>\nViranomaiskieli oman alan viestint\u00e4tilanteissa<br \/>\nJatko-opintoihin aikovan\u00a0\u00e4idinkieli<br \/>\nKirjallisuus tiedonl\u00e4hteen\u00e4<\/p>\n<p><strong>\u00c4idinkielen valinnaiset osaamistavoitteet (3 osp)<\/strong><\/p>\n<p>Opiskelija<\/p>\n<ul>\n<li>osaa kehitt\u00e4\u00e4 viestint\u00e4- ja vuorovaikutustaitojaan<\/li>\n<li>osaa kehitt\u00e4\u00e4 esiintymis- ja ryhm\u00e4ty\u00f6taitojaan<\/li>\n<li>osaa k\u00e4ytt\u00e4\u00e4 ja tulkita erilaisia tekstilajeja<\/li>\n<li>tuntee kielen, kirjallisuuden ja kulttuurin muotoja ja merkityst\u00e4.<\/li>\n<\/ul>\n<p>&nbsp;<\/p>\n<p>\u00c4idinkielen osaamistavoitteet sis\u00e4ltyv\u00e4t kaikkiin verkkototeutuksiin. Kunkin\u00a0toteutuksen yhteydess\u00e4 on tarkemmin kerrottu toteutuksen erityinen tavoite.<\/p>\n<p><strong>Toteutusten sis\u00e4ll\u00f6t<\/strong><\/p>\n<p>1) Kieli oppimisen v\u00e4lineen\u00e4 1<\/p>\n<p>Verkkototeutuksessa orientoidutaan opiskelussa tarvittaviin kielen k\u00e4yt\u00e4nteisiin kuten kielenhuoltoon, l\u00e4hteiden k\u00e4ytt\u00e4miseen ja l\u00e4hteiden merkitsemiseen sek\u00e4 s\u00e4hk\u00f6postietikettiin.<\/p>\n<p>2) Kielioppimisen v\u00e4lineen\u00e4 2<\/p>\n<p>Verkkototeutuksessa harjoitellaan opinnoissa tarvittavaa kielenk\u00e4ytt\u00f6\u00e4 kuten graafien tulkitsemista sanallisesti ja esitystilanteiden havainnollistamista esitysgrafiikan muodossa.<\/p>\n<p>3) Tekstilajit opinnoissa 1<\/p>\n<p>Verkkototeutuksessa harjoitellaan opinnoissa tarvittavia tekstilajeja kuten referointia ja esseekirjoittamista.<\/p>\n<p>4) Tekstilajit opinnoissa 2<\/p>\n<p>Verkkototeutus integroituu oman alan sis\u00e4lt\u00f6ihin. Kurssilla kielennet\u00e4\u00e4n omaa osaamista ja harjoitellaan itsereflektointia. Tekstilajeja ovat mm. blogina teht\u00e4v\u00e4 oppimisp\u00e4iv\u00e4kirja sek\u00e4 raportti.<\/p>\n<p>5)\u00a0Tekstilajit ty\u00f6el\u00e4m\u00e4ss\u00e4<\/p>\n<p>Verkkototeutuksessa opetellaan kirjoittamaan keskeisi\u00e4 ty\u00f6el\u00e4m\u00e4ss\u00e4 t\u00e4rkeit\u00e4 ja aktiivisen kansalaisen tarvitsemia asiakirjoja ja liikekirjeit\u00e4. Opinnoissa kirjoitetaan\u00a0mm. ty\u00f6hakemus, tarjouspyynt\u00f6 ja reklamaatio k\u00e4ytt\u00e4en niin sanottua vakioasettelua.<\/p>\n<p>Autoalan \u00e4idinkieli: tekstilajit ty\u00f6el\u00e4m\u00e4ss\u00e4 on autoalan opiskelijoille tarkoitettu pakollinen \u00e4idinkielen sis\u00e4lt\u00f6. Verkkototeutuksen voi opiskella esimerkiksi yht\u00e4 aikaa <a href=\"http:\/\/verkkovaria.fi\/liikenne\/maaraaikaishuolto\/\" target=\"_blank\">M\u00e4\u00e4r\u00e4aikaishuolto<\/a>-verkkototeutuksen kanssa.<\/p>\n<p>6) Asiakaspalvelun kieli<\/p>\n<p>Verkkototeutus integroituu oman alan sis\u00e4lt\u00f6ihin. Verkkototeutuksessa harjoitellaan oman alan asiakaspalvelutilanteissa k\u00e4ytett\u00e4v\u00e4\u00e4 kielt\u00e4.<\/p>\n<p>7) Viranomaiskieli oman alan viestint\u00e4tilanteissa<\/p>\n<p>Verkkototeutuksessa k\u00e4sitell\u00e4\u00e4n oman alan ja yleens\u00e4kin kansalaisen viranomaistekstien rakenteita ja kielen piirteit\u00e4. Harjoitellaan muun muassa sit\u00e4, miten viranomaisen kanssa asioidessa argumentoidaan.<\/p>\n<p>8) Kirjallisuus tiedon l\u00e4hteen\u00e4<\/p>\n<p>Verkkototeutuksessa k\u00e4sitell\u00e4\u00e4n sek\u00e4 kauno- ett\u00e4 tietokirjatekstien avulla oman alan ty\u00f6el\u00e4m\u00e4n ja yleens\u00e4 el\u00e4m\u00e4nhallinnan kysymyksi\u00e4. Verkkototeutukseen osallistuva tutustuu kirjallisuuden tyylilajeihin ja tarvittaessa my\u00f6s kirjallisuuteen pohjautuviin esityksiin kuten elokuviin. Verkkototeutus sis\u00e4lt\u00e4\u00e4 viikoittain k\u00e4yt\u00e4v\u00e4n keskustelun yhteisist\u00e4 teksteist\u00e4 sek\u00e4 kirjallisia harjoituksia kuten lukup\u00e4iv\u00e4kirja, blogi ja essee.<\/p>\n<p>9) Jatko-opintoihin aikovan\u00a0\u00e4idinkieli<\/p>\n<p>Verkkototeutuksessa harjoitellaan jatko-opintojen p\u00e4\u00e4sykokeita varten sek\u00e4 jatko-opintojen alussa tarvittavia tekstitaitoja.<\/p>\n","protected":false},"excerpt":{"rendered":"<p>Arviointi \u00c4idinkielen pakolliset ja valinnaiset sis\u00e4ll\u00f6t kuuluvat Viestint\u00e4- ja vuorovaikutusosaaminen -tutkinnon osaan. \u00c4idinkielen osaamistavoitteet ja arviointikriteerit l\u00f6ytyv\u00e4t opetussuunnitelmasta:\u00a0Opintopolku ePerusteet. Pakolliset tutkinnon osat arvioidaan siten, ett\u00e4 opiskelija saa suoritusmerkinn\u00e4n S. Jos toteutus j\u00e4\u00e4 kesken, opintorekisteriin merkit\u00e4\u00e4n KE. Verkkototeutuksen suorittaminen edellytt\u00e4\u00e4 annettujen teht\u00e4vien tekemist\u00e4 hyv\u00e4ksytysti ohjeiden mukaan. Luettelo pakollisista \u00e4idinkielen opinnoista Kieli oppimisen v\u00e4lineen\u00e4 1 Kieli oppimisen &hellip; <a href=\"https:\/\/www.verkkovaria.fi\/yhteiset\/aidinkieli\/?page_id=17\">Continued<\/a><\/p>\n","protected":false},"author":1,"featured_media":0,"parent":0,"menu_order":0,"comment_status":"closed","ping_status":"closed","template":"","meta":{"footnotes":"","_links_to":"","_links_to_target":""},"class_list":["post-17","page","type-page","status-publish","hentry"],"_links":{"self":[{"href":"https:\/\/www.verkkovaria.fi\/yhteiset\/aidinkieli\/index.php?rest_route=\/wp\/v2\/pages\/17","targetHints":{"allow":["GET"]}}],"collection":[{"href":"https:\/\/www.verkkovaria.fi\/yhteiset\/aidinkieli\/index.php?rest_route=\/wp\/v2\/pages"}],"about":[{"href":"https:\/\/www.verkkovaria.fi\/yhteiset\/aidinkieli\/index.php?rest_route=\/wp\/v2\/types\/page"}],"author":[{"embeddable":true,"href":"https:\/\/www.verkkovaria.fi\/yhteiset\/aidinkieli\/index.php?rest_route=\/wp\/v2\/users\/1"}],"replies":[{"embeddable":true,"href":"https:\/\/www.verkkovaria.fi\/yhteiset\/aidinkieli\/index.php?rest_route=%2Fwp%2Fv2%2Fcomments&post=17"}],"version-history":[{"count":8,"href":"https:\/\/www.verkkovaria.fi\/yhteiset\/aidinkieli\/index.php?rest_route=\/wp\/v2\/pages\/17\/revisions"}],"predecessor-version":[{"id":556,"href":"https:\/\/www.verkkovaria.fi\/yhteiset\/aidinkieli\/index.php?rest_route=\/wp\/v2\/pages\/17\/revisions\/556"}],"wp:attachment":[{"href":"https:\/\/www.verkkovaria.fi\/yhteiset\/aidinkieli\/index.php?rest_route=%2Fwp%2Fv2%2Fmedia&parent=17"}],"curies":[{"name":"wp","href":"https:\/\/api.w.org\/{rel}","templated":true}]}}