{"id":212,"date":"2016-01-14T12:03:37","date_gmt":"2016-01-14T12:03:37","guid":{"rendered":"http:\/\/www.verkkovaria.fi\/yhteiset\/aidinkieli\/?page_id=212"},"modified":"2016-01-14T12:09:24","modified_gmt":"2016-01-14T12:09:24","slug":"tehtava-5-hyvaa-viranomaiskielta","status":"publish","type":"page","link":"https:\/\/www.verkkovaria.fi\/yhteiset\/aidinkieli\/?page_id=212","title":{"rendered":"Teht\u00e4v\u00e4 5: Viranomaiskielen korjaaminen"},"content":{"rendered":"<p><strong>Teht\u00e4v\u00e4 5\u00a0Viranomaiskielen korjaaminen<\/strong><\/p>\n<p>Viranomaiskieli on usein tiivist\u00e4 kielt\u00e4, jossa on pitki\u00e4 virkkeit\u00e4, paljon m\u00e4\u00e4ritteit\u00e4 ja\u00a0lauseenvastikkeita. Muokkaa seuraavat virkkeet lyhyemmiksi. K\u00e4yt\u00e4 lauseenvastikkeiden sijasta\u00a0sivulauseita.<\/p>\n<p>1.<em> Rikkomuksen laatu ja vartiointialan ty\u00f6ntekij\u00e4lle asettamat vaatimukset huomioon ottaen\u00a0ty\u00f6nantajalta ei ole voitu kohtuudella edellytt\u00e4\u00e4 sopimussuhteen jatkamista.<\/em><\/p>\n<p>2. <em>Piirivartijana ty\u00f6skentelev\u00e4 henkil\u00f6 oli tilanteessa, jossa h\u00e4nen ty\u00f6toverinsa ty\u00f6turvallisuus oli\u00a0ulkopuolisten henkil\u00f6iden pahoinpitelyn johdosta vakavasti vaarantunut, j\u00e4tt\u00e4nyt ryhtym\u00e4tt\u00e4 sellaisiin\u00a0toimenpiteisiin, joita vartijalta tuossa tilanteessa olisi edellytetty.<\/em><\/p>\n","protected":false},"excerpt":{"rendered":"<p>Teht\u00e4v\u00e4 5\u00a0Viranomaiskielen korjaaminen Viranomaiskieli on usein tiivist\u00e4 kielt\u00e4, jossa on pitki\u00e4 virkkeit\u00e4, paljon m\u00e4\u00e4ritteit\u00e4 ja\u00a0lauseenvastikkeita. Muokkaa seuraavat virkkeet lyhyemmiksi. K\u00e4yt\u00e4 lauseenvastikkeiden sijasta\u00a0sivulauseita. 1. Rikkomuksen laatu ja vartiointialan ty\u00f6ntekij\u00e4lle asettamat vaatimukset huomioon ottaen\u00a0ty\u00f6nantajalta ei ole voitu kohtuudella edellytt\u00e4\u00e4 sopimussuhteen jatkamista. 2. Piirivartijana ty\u00f6skentelev\u00e4 henkil\u00f6 oli tilanteessa, jossa h\u00e4nen ty\u00f6toverinsa ty\u00f6turvallisuus oli\u00a0ulkopuolisten henkil\u00f6iden pahoinpitelyn johdosta vakavasti vaarantunut, &hellip; <a href=\"https:\/\/www.verkkovaria.fi\/yhteiset\/aidinkieli\/?page_id=212\">Continued<\/a><\/p>\n","protected":false},"author":2,"featured_media":0,"parent":0,"menu_order":0,"comment_status":"closed","ping_status":"closed","template":"","meta":{"footnotes":"","_links_to":"","_links_to_target":""},"class_list":["post-212","page","type-page","status-publish","hentry"],"_links":{"self":[{"href":"https:\/\/www.verkkovaria.fi\/yhteiset\/aidinkieli\/index.php?rest_route=\/wp\/v2\/pages\/212","targetHints":{"allow":["GET"]}}],"collection":[{"href":"https:\/\/www.verkkovaria.fi\/yhteiset\/aidinkieli\/index.php?rest_route=\/wp\/v2\/pages"}],"about":[{"href":"https:\/\/www.verkkovaria.fi\/yhteiset\/aidinkieli\/index.php?rest_route=\/wp\/v2\/types\/page"}],"author":[{"embeddable":true,"href":"https:\/\/www.verkkovaria.fi\/yhteiset\/aidinkieli\/index.php?rest_route=\/wp\/v2\/users\/2"}],"replies":[{"embeddable":true,"href":"https:\/\/www.verkkovaria.fi\/yhteiset\/aidinkieli\/index.php?rest_route=%2Fwp%2Fv2%2Fcomments&post=212"}],"version-history":[{"count":5,"href":"https:\/\/www.verkkovaria.fi\/yhteiset\/aidinkieli\/index.php?rest_route=\/wp\/v2\/pages\/212\/revisions"}],"predecessor-version":[{"id":222,"href":"https:\/\/www.verkkovaria.fi\/yhteiset\/aidinkieli\/index.php?rest_route=\/wp\/v2\/pages\/212\/revisions\/222"}],"wp:attachment":[{"href":"https:\/\/www.verkkovaria.fi\/yhteiset\/aidinkieli\/index.php?rest_route=%2Fwp%2Fv2%2Fmedia&parent=212"}],"curies":[{"name":"wp","href":"https:\/\/api.w.org\/{rel}","templated":true}]}}