{"id":216,"date":"2016-01-14T12:06:03","date_gmt":"2016-01-14T12:06:03","guid":{"rendered":"http:\/\/www.verkkovaria.fi\/yhteiset\/aidinkieli\/?page_id=216"},"modified":"2016-01-14T12:06:03","modified_gmt":"2016-01-14T12:06:03","slug":"tehtava-6-viranomaispaatoksen-lukeminen","status":"publish","type":"page","link":"https:\/\/www.verkkovaria.fi\/yhteiset\/aidinkieli\/?page_id=216","title":{"rendered":"Teht\u00e4v\u00e4 6: Viranomaisp\u00e4\u00e4t\u00f6ksen lukeminen"},"content":{"rendered":"<p><strong>Teht\u00e4v\u00e4 6 Viranomaisp\u00e4\u00e4t\u00f6ksen lukeminen<\/strong><\/p>\n<p>Lue seuraava ty\u00f6tuomioistuimen p\u00e4\u00e4t\u00f6stiivistelm\u00e4.<\/p>\n<p><em>Ty\u00f6ntekij\u00e4 oli lyhyen ajan kuluessa ollut toistuvasti luvatta poissa ty\u00f6st\u00e4 alkoholin k\u00e4ytt\u00f6\u00f6n liittyvist\u00e4\u00a0syist\u00e4. Poissaolot olivat olleet useamman p\u00e4iv\u00e4n mittaisia. Ensimm\u00e4isen poissaolojakson j\u00e4lkeen\u00a0ty\u00f6ntekij\u00e4 oli saanut varoituksen ja toisen poissaolon j\u00e4lkeen kahden viikon ty\u00f6kiellon.\u00a0Kun ty\u00f6ntekij\u00e4n poissaolot olivat n\u00e4ist\u00e4 huolimatta jatkuneet, ty\u00f6nantajalla katsottiin olleen\u00a0ty\u00f6sopimuslain mukainen eritt\u00e4in painava syy ja my\u00f6s irtisanomissuojasopimuksessa tarkoitettu,\u00a0aikaisemman ty\u00f6sopimuslain mukainen t\u00e4rke\u00e4 syy purkaa h\u00e4nen ty\u00f6sopimuksensa. Yhti\u00f6ss\u00e4 sovellettu\u00a0hoitoonohjausj\u00e4rjestelm\u00e4 ei sulkenut pois ty\u00f6suhteen p\u00e4\u00e4tt\u00e4mist\u00e4 ty\u00f6sopimuslain mukaisin perustein\u00a0eik\u00e4 ty\u00f6nantajalla my\u00f6sk\u00e4\u00e4n katsottu olleen velvollisuutta siirt\u00e4\u00e4 ty\u00f6ntekij\u00e4\u00e4 toisiin teht\u00e4viin\u00a0purkamisen vaihtoehtoina.<\/em><\/p>\n<p>Kirjaa raportin muotoon<\/p>\n<p>&#8211; mit\u00e4 asiaa p\u00e4\u00e4t\u00f6s koskee<br \/>&#8211; millaisen p\u00e4\u00e4t\u00f6ksen ty\u00f6tuomioistuin on antanut<br \/>&#8211; miten p\u00e4\u00e4t\u00f6st\u00e4 perustellaan.<\/p>\n","protected":false},"excerpt":{"rendered":"<p>Teht\u00e4v\u00e4 6 Viranomaisp\u00e4\u00e4t\u00f6ksen lukeminen Lue seuraava ty\u00f6tuomioistuimen p\u00e4\u00e4t\u00f6stiivistelm\u00e4. Ty\u00f6ntekij\u00e4 oli lyhyen ajan kuluessa ollut toistuvasti luvatta poissa ty\u00f6st\u00e4 alkoholin k\u00e4ytt\u00f6\u00f6n liittyvist\u00e4\u00a0syist\u00e4. Poissaolot olivat olleet useamman p\u00e4iv\u00e4n mittaisia. Ensimm\u00e4isen poissaolojakson j\u00e4lkeen\u00a0ty\u00f6ntekij\u00e4 oli saanut varoituksen ja toisen poissaolon j\u00e4lkeen kahden viikon ty\u00f6kiellon.\u00a0Kun ty\u00f6ntekij\u00e4n poissaolot olivat n\u00e4ist\u00e4 huolimatta jatkuneet, ty\u00f6nantajalla katsottiin olleen\u00a0ty\u00f6sopimuslain mukainen eritt\u00e4in painava syy ja my\u00f6s &hellip; <a href=\"https:\/\/www.verkkovaria.fi\/yhteiset\/aidinkieli\/?page_id=216\">Continued<\/a><\/p>\n","protected":false},"author":2,"featured_media":0,"parent":0,"menu_order":0,"comment_status":"closed","ping_status":"closed","template":"","meta":{"footnotes":"","_links_to":"","_links_to_target":""},"class_list":["post-216","page","type-page","status-publish","hentry"],"_links":{"self":[{"href":"https:\/\/www.verkkovaria.fi\/yhteiset\/aidinkieli\/index.php?rest_route=\/wp\/v2\/pages\/216","targetHints":{"allow":["GET"]}}],"collection":[{"href":"https:\/\/www.verkkovaria.fi\/yhteiset\/aidinkieli\/index.php?rest_route=\/wp\/v2\/pages"}],"about":[{"href":"https:\/\/www.verkkovaria.fi\/yhteiset\/aidinkieli\/index.php?rest_route=\/wp\/v2\/types\/page"}],"author":[{"embeddable":true,"href":"https:\/\/www.verkkovaria.fi\/yhteiset\/aidinkieli\/index.php?rest_route=\/wp\/v2\/users\/2"}],"replies":[{"embeddable":true,"href":"https:\/\/www.verkkovaria.fi\/yhteiset\/aidinkieli\/index.php?rest_route=%2Fwp%2Fv2%2Fcomments&post=216"}],"version-history":[{"count":2,"href":"https:\/\/www.verkkovaria.fi\/yhteiset\/aidinkieli\/index.php?rest_route=\/wp\/v2\/pages\/216\/revisions"}],"predecessor-version":[{"id":219,"href":"https:\/\/www.verkkovaria.fi\/yhteiset\/aidinkieli\/index.php?rest_route=\/wp\/v2\/pages\/216\/revisions\/219"}],"wp:attachment":[{"href":"https:\/\/www.verkkovaria.fi\/yhteiset\/aidinkieli\/index.php?rest_route=%2Fwp%2Fv2%2Fmedia&parent=216"}],"curies":[{"name":"wp","href":"https:\/\/api.w.org\/{rel}","templated":true}]}}