{"id":239,"date":"2016-01-31T21:49:22","date_gmt":"2016-01-31T21:49:22","guid":{"rendered":"http:\/\/www.verkkovaria.fi\/yhteiset\/aidinkieli\/?page_id=239"},"modified":"2016-06-29T08:58:19","modified_gmt":"2016-06-29T08:58:19","slug":"tehtava-1-kuvan-tulkinta-sanallisesti","status":"publish","type":"page","link":"https:\/\/www.verkkovaria.fi\/yhteiset\/aidinkieli\/?page_id=239","title":{"rendered":"Teht\u00e4v\u00e4 1: Kuvan tulkinta sanallisesti"},"content":{"rendered":"<p><strong>Teht\u00e4v\u00e4 1: Kuvan tulkinta sanallisesti<\/strong><\/p>\n<p>Valokuva on voimakas viestinn\u00e4n v\u00e4line, joka v\u00e4litt\u00e4\u00e4 usein sanoman nopeammin kuin sanat. Toisaalta\u00a0kuva voi olla monimerkityksellinen ja sen voi tulkita monin eri tavoin.<\/p>\n<p>Valitse jokin omaa ty\u00f6alaasi esitt\u00e4v\u00e4 valokuva, esimerkiksi jonkin laitteen k\u00e4ytt\u00e4mist\u00e4 esitt\u00e4v\u00e4 kuva.\u00a0Voit my\u00f6s itse ottaa valokuvan. L\u00e4het\u00e4 kuva alussa sovittuun blogiin, esittele kuvan sis\u00e4lt\u00f6 sanallisesti ja\u00a0perustele miksi valitsit juuri t\u00e4m\u00e4n kuvan. Kommentoi lis\u00e4ksi v\u00e4hint\u00e4\u00e4n yht\u00e4 jonkun toisen l\u00e4hett\u00e4m\u00e4\u00e4\u00a0valokuvaa.<\/p>\n","protected":false},"excerpt":{"rendered":"<p>Teht\u00e4v\u00e4 1: Kuvan tulkinta sanallisesti Valokuva on voimakas viestinn\u00e4n v\u00e4line, joka v\u00e4litt\u00e4\u00e4 usein sanoman nopeammin kuin sanat. Toisaalta\u00a0kuva voi olla monimerkityksellinen ja sen voi tulkita monin eri tavoin. Valitse jokin omaa ty\u00f6alaasi esitt\u00e4v\u00e4 valokuva, esimerkiksi jonkin laitteen k\u00e4ytt\u00e4mist\u00e4 esitt\u00e4v\u00e4 kuva.\u00a0Voit my\u00f6s itse ottaa valokuvan. L\u00e4het\u00e4 kuva alussa sovittuun blogiin, esittele kuvan sis\u00e4lt\u00f6 sanallisesti ja\u00a0perustele miksi &hellip; <a href=\"https:\/\/www.verkkovaria.fi\/yhteiset\/aidinkieli\/?page_id=239\">Continued<\/a><\/p>\n","protected":false},"author":2,"featured_media":0,"parent":0,"menu_order":0,"comment_status":"closed","ping_status":"closed","template":"","meta":{"footnotes":"","_links_to":"","_links_to_target":""},"class_list":["post-239","page","type-page","status-publish","hentry"],"_links":{"self":[{"href":"https:\/\/www.verkkovaria.fi\/yhteiset\/aidinkieli\/index.php?rest_route=\/wp\/v2\/pages\/239","targetHints":{"allow":["GET"]}}],"collection":[{"href":"https:\/\/www.verkkovaria.fi\/yhteiset\/aidinkieli\/index.php?rest_route=\/wp\/v2\/pages"}],"about":[{"href":"https:\/\/www.verkkovaria.fi\/yhteiset\/aidinkieli\/index.php?rest_route=\/wp\/v2\/types\/page"}],"author":[{"embeddable":true,"href":"https:\/\/www.verkkovaria.fi\/yhteiset\/aidinkieli\/index.php?rest_route=\/wp\/v2\/users\/2"}],"replies":[{"embeddable":true,"href":"https:\/\/www.verkkovaria.fi\/yhteiset\/aidinkieli\/index.php?rest_route=%2Fwp%2Fv2%2Fcomments&post=239"}],"version-history":[{"count":3,"href":"https:\/\/www.verkkovaria.fi\/yhteiset\/aidinkieli\/index.php?rest_route=\/wp\/v2\/pages\/239\/revisions"}],"predecessor-version":[{"id":563,"href":"https:\/\/www.verkkovaria.fi\/yhteiset\/aidinkieli\/index.php?rest_route=\/wp\/v2\/pages\/239\/revisions\/563"}],"wp:attachment":[{"href":"https:\/\/www.verkkovaria.fi\/yhteiset\/aidinkieli\/index.php?rest_route=%2Fwp%2Fv2%2Fmedia&parent=239"}],"curies":[{"name":"wp","href":"https:\/\/api.w.org\/{rel}","templated":true}]}}