{"id":255,"date":"2016-01-31T22:00:23","date_gmt":"2016-01-31T22:00:23","guid":{"rendered":"http:\/\/www.verkkovaria.fi\/yhteiset\/aidinkieli\/?page_id=255"},"modified":"2016-06-29T09:15:52","modified_gmt":"2016-06-29T09:15:52","slug":"tehtava-5-sahkopostietiketti","status":"publish","type":"page","link":"https:\/\/www.verkkovaria.fi\/yhteiset\/aidinkieli\/?page_id=255","title":{"rendered":"Teht\u00e4v\u00e4 5: S\u00e4hk\u00f6postietiketti"},"content":{"rendered":"<p><strong>Teht\u00e4v\u00e4 5: S\u00e4hk\u00f6postietiketti<\/strong><\/p>\n<p>Ty\u00f6el\u00e4m\u00e4ss\u00e4 s\u00e4hk\u00f6postien l\u00e4hett\u00e4minen kuuluu usein jokap\u00e4iv\u00e4isiin rutiineihin. Ty\u00f6s\u00e4hk\u00f6postin\u00a0l\u00e4hett\u00e4minen eroaa kuitenkin paljon yksityisviestien l\u00e4hett\u00e4misest\u00e4 sek\u00e4 erilaisten\u00a0pikaviestinsovellusten k\u00e4ytt\u00e4misest\u00e4.<\/p>\n<p>Tutustu s\u00e4hk\u00f6postietikettiin esimerkiksi kirjassa Teht\u00e4v\u00e4n\u00e4 \u00e4idinkieli sivut 15-17. L\u00e4het\u00e4 t\u00e4m\u00e4n\u00a0j\u00e4lkeen teht\u00e4v\u00e4ss\u00e4 4 tekem\u00e4si esitysdiat opettajalle s\u00e4hk\u00f6postitse.<\/p>\n<p>Muistathan, ett\u00e4 pelkk\u00e4 liitetiedoston l\u00e4hett\u00e4minen sellaisenaan ei riit\u00e4, vaan sinun tulee kirjoittaa\u00a0viestikentt\u00e4\u00e4n viesti, jossa kerrot vastaanottajalle postisi sis\u00e4ll\u00f6n ja tarkoituksen. Muista my\u00f6s\u00a0otsikoida viestisi asianmukaisesti ja noudattaa s\u00e4hk\u00f6postietiketti\u00e4.<\/p>\n","protected":false},"excerpt":{"rendered":"<p>Teht\u00e4v\u00e4 5: S\u00e4hk\u00f6postietiketti Ty\u00f6el\u00e4m\u00e4ss\u00e4 s\u00e4hk\u00f6postien l\u00e4hett\u00e4minen kuuluu usein jokap\u00e4iv\u00e4isiin rutiineihin. Ty\u00f6s\u00e4hk\u00f6postin\u00a0l\u00e4hett\u00e4minen eroaa kuitenkin paljon yksityisviestien l\u00e4hett\u00e4misest\u00e4 sek\u00e4 erilaisten\u00a0pikaviestinsovellusten k\u00e4ytt\u00e4misest\u00e4. Tutustu s\u00e4hk\u00f6postietikettiin esimerkiksi kirjassa Teht\u00e4v\u00e4n\u00e4 \u00e4idinkieli sivut 15-17. L\u00e4het\u00e4 t\u00e4m\u00e4n\u00a0j\u00e4lkeen teht\u00e4v\u00e4ss\u00e4 4 tekem\u00e4si esitysdiat opettajalle s\u00e4hk\u00f6postitse. Muistathan, ett\u00e4 pelkk\u00e4 liitetiedoston l\u00e4hett\u00e4minen sellaisenaan ei riit\u00e4, vaan sinun tulee kirjoittaa\u00a0viestikentt\u00e4\u00e4n viesti, jossa kerrot vastaanottajalle postisi sis\u00e4ll\u00f6n ja tarkoituksen. &hellip; <a href=\"https:\/\/www.verkkovaria.fi\/yhteiset\/aidinkieli\/?page_id=255\">Continued<\/a><\/p>\n","protected":false},"author":2,"featured_media":0,"parent":0,"menu_order":0,"comment_status":"closed","ping_status":"closed","template":"","meta":{"footnotes":"","_links_to":"","_links_to_target":""},"class_list":["post-255","page","type-page","status-publish","hentry"],"_links":{"self":[{"href":"https:\/\/www.verkkovaria.fi\/yhteiset\/aidinkieli\/index.php?rest_route=\/wp\/v2\/pages\/255","targetHints":{"allow":["GET"]}}],"collection":[{"href":"https:\/\/www.verkkovaria.fi\/yhteiset\/aidinkieli\/index.php?rest_route=\/wp\/v2\/pages"}],"about":[{"href":"https:\/\/www.verkkovaria.fi\/yhteiset\/aidinkieli\/index.php?rest_route=\/wp\/v2\/types\/page"}],"author":[{"embeddable":true,"href":"https:\/\/www.verkkovaria.fi\/yhteiset\/aidinkieli\/index.php?rest_route=\/wp\/v2\/users\/2"}],"replies":[{"embeddable":true,"href":"https:\/\/www.verkkovaria.fi\/yhteiset\/aidinkieli\/index.php?rest_route=%2Fwp%2Fv2%2Fcomments&post=255"}],"version-history":[{"count":3,"href":"https:\/\/www.verkkovaria.fi\/yhteiset\/aidinkieli\/index.php?rest_route=\/wp\/v2\/pages\/255\/revisions"}],"predecessor-version":[{"id":567,"href":"https:\/\/www.verkkovaria.fi\/yhteiset\/aidinkieli\/index.php?rest_route=\/wp\/v2\/pages\/255\/revisions\/567"}],"wp:attachment":[{"href":"https:\/\/www.verkkovaria.fi\/yhteiset\/aidinkieli\/index.php?rest_route=%2Fwp%2Fv2%2Fmedia&parent=255"}],"curies":[{"name":"wp","href":"https:\/\/api.w.org\/{rel}","templated":true}]}}