{"id":322,"date":"2016-02-28T16:07:39","date_gmt":"2016-02-28T16:07:39","guid":{"rendered":"http:\/\/www.verkkovaria.fi\/yhteiset\/aidinkieli\/?page_id=322"},"modified":"2016-04-08T14:31:05","modified_gmt":"2016-04-08T14:31:05","slug":"autoalan-aidinkieli-tehtava-7-alan-tietokoneohjelmat","status":"publish","type":"page","link":"https:\/\/www.verkkovaria.fi\/yhteiset\/aidinkieli\/?page_id=322","title":{"rendered":"Autoalan \u00e4idinkieli, teht\u00e4v\u00e4 7: alan tietokoneohjelmat"},"content":{"rendered":"<p><a href=\"http:\/\/www.verkkovaria.fi\/yhteiset\/aidinkieli\/wp-content\/uploads\/2016\/02\/testeri.jpg\" rel=\"attachment wp-att-490\"><img loading=\"lazy\" decoding=\"async\" src=\"http:\/\/www.verkkovaria.fi\/yhteiset\/aidinkieli\/wp-content\/uploads\/2016\/02\/testeri-225x300.jpg\" alt=\"testeri\" width=\"225\" height=\"300\" \/><\/a><\/p>\n<p style=\"text-align: left;\">Mit\u00e4 alan tietokoneohjelmia olet jo k\u00e4ytt\u00e4nyt? T\u00e4llaisia ovat esimerkiksi AutoData ja AutoFutur. Nime\u00e4 ne ja esittele niiden perusk\u00e4ytt\u00f6. Kerro, miss\u00e4 olet k\u00e4ytt\u00e4nyt mit\u00e4kin ohjelmaa. Voit ottaa t\u00e4h\u00e4n mukaan my\u00f6s mahdolliset testerit. Tee video tai kirjoita teksti yhden (1) ohjelman k\u00e4yt\u00f6st\u00e4. Ole tarkkana ja esittele jokainen vaihe.<\/p>\n","protected":false},"excerpt":{"rendered":"<p>Mit\u00e4 alan tietokoneohjelmia olet jo k\u00e4ytt\u00e4nyt? T\u00e4llaisia ovat esimerkiksi AutoData ja AutoFutur. Nime\u00e4 ne ja esittele niiden perusk\u00e4ytt\u00f6. Kerro, miss\u00e4 olet k\u00e4ytt\u00e4nyt mit\u00e4kin ohjelmaa. Voit ottaa t\u00e4h\u00e4n mukaan my\u00f6s mahdolliset testerit. Tee video tai kirjoita teksti yhden (1) ohjelman k\u00e4yt\u00f6st\u00e4. Ole tarkkana ja esittele jokainen vaihe.<\/p>\n","protected":false},"author":4,"featured_media":0,"parent":0,"menu_order":0,"comment_status":"closed","ping_status":"closed","template":"","meta":{"footnotes":"","_links_to":"","_links_to_target":""},"class_list":["post-322","page","type-page","status-publish","hentry"],"_links":{"self":[{"href":"https:\/\/www.verkkovaria.fi\/yhteiset\/aidinkieli\/index.php?rest_route=\/wp\/v2\/pages\/322","targetHints":{"allow":["GET"]}}],"collection":[{"href":"https:\/\/www.verkkovaria.fi\/yhteiset\/aidinkieli\/index.php?rest_route=\/wp\/v2\/pages"}],"about":[{"href":"https:\/\/www.verkkovaria.fi\/yhteiset\/aidinkieli\/index.php?rest_route=\/wp\/v2\/types\/page"}],"author":[{"embeddable":true,"href":"https:\/\/www.verkkovaria.fi\/yhteiset\/aidinkieli\/index.php?rest_route=\/wp\/v2\/users\/4"}],"replies":[{"embeddable":true,"href":"https:\/\/www.verkkovaria.fi\/yhteiset\/aidinkieli\/index.php?rest_route=%2Fwp%2Fv2%2Fcomments&post=322"}],"version-history":[{"count":4,"href":"https:\/\/www.verkkovaria.fi\/yhteiset\/aidinkieli\/index.php?rest_route=\/wp\/v2\/pages\/322\/revisions"}],"predecessor-version":[{"id":535,"href":"https:\/\/www.verkkovaria.fi\/yhteiset\/aidinkieli\/index.php?rest_route=\/wp\/v2\/pages\/322\/revisions\/535"}],"wp:attachment":[{"href":"https:\/\/www.verkkovaria.fi\/yhteiset\/aidinkieli\/index.php?rest_route=%2Fwp%2Fv2%2Fmedia&parent=322"}],"curies":[{"name":"wp","href":"https:\/\/api.w.org\/{rel}","templated":true}]}}