{"id":332,"date":"2016-02-28T16:20:46","date_gmt":"2016-02-28T16:20:46","guid":{"rendered":"http:\/\/www.verkkovaria.fi\/yhteiset\/aidinkieli\/?page_id=332"},"modified":"2016-06-29T13:28:30","modified_gmt":"2016-06-29T13:28:30","slug":"autoalan-aidinkieli-tehtava-10-itsearviointi","status":"publish","type":"page","link":"https:\/\/www.verkkovaria.fi\/yhteiset\/aidinkieli\/?page_id=332","title":{"rendered":"Autoalan \u00e4idinkieli, teht\u00e4v\u00e4 10: itsearviointi"},"content":{"rendered":"<p>T\u00e4ss\u00e4 viimeisess\u00e4 teht\u00e4v\u00e4ss\u00e4 kertaat oppimasi asiat. Mit\u00e4 uutta opit verkkototeutusta tehdess\u00e4si? Mit\u00e4 sinulle j\u00e4i parhaiten mieleen? Miss\u00e4 olisi ollut parantamisen varaa? Miss\u00e4 onnistuit? Millaisen arvosanan antaisit itsellesi? Voit tehd\u00e4 videon, sarjakuvan tai kirjoittaa tekstin.<\/p>\n","protected":false},"excerpt":{"rendered":"<p>T\u00e4ss\u00e4 viimeisess\u00e4 teht\u00e4v\u00e4ss\u00e4 kertaat oppimasi asiat. Mit\u00e4 uutta opit verkkototeutusta tehdess\u00e4si? Mit\u00e4 sinulle j\u00e4i parhaiten mieleen? Miss\u00e4 olisi ollut parantamisen varaa? Miss\u00e4 onnistuit? Millaisen arvosanan antaisit itsellesi? Voit tehd\u00e4 videon, sarjakuvan tai kirjoittaa tekstin.<\/p>\n","protected":false},"author":4,"featured_media":0,"parent":0,"menu_order":0,"comment_status":"closed","ping_status":"closed","template":"","meta":{"footnotes":"","_links_to":"","_links_to_target":""},"class_list":["post-332","page","type-page","status-publish","hentry"],"_links":{"self":[{"href":"https:\/\/www.verkkovaria.fi\/yhteiset\/aidinkieli\/index.php?rest_route=\/wp\/v2\/pages\/332","targetHints":{"allow":["GET"]}}],"collection":[{"href":"https:\/\/www.verkkovaria.fi\/yhteiset\/aidinkieli\/index.php?rest_route=\/wp\/v2\/pages"}],"about":[{"href":"https:\/\/www.verkkovaria.fi\/yhteiset\/aidinkieli\/index.php?rest_route=\/wp\/v2\/types\/page"}],"author":[{"embeddable":true,"href":"https:\/\/www.verkkovaria.fi\/yhteiset\/aidinkieli\/index.php?rest_route=\/wp\/v2\/users\/4"}],"replies":[{"embeddable":true,"href":"https:\/\/www.verkkovaria.fi\/yhteiset\/aidinkieli\/index.php?rest_route=%2Fwp%2Fv2%2Fcomments&post=332"}],"version-history":[{"count":3,"href":"https:\/\/www.verkkovaria.fi\/yhteiset\/aidinkieli\/index.php?rest_route=\/wp\/v2\/pages\/332\/revisions"}],"predecessor-version":[{"id":594,"href":"https:\/\/www.verkkovaria.fi\/yhteiset\/aidinkieli\/index.php?rest_route=\/wp\/v2\/pages\/332\/revisions\/594"}],"wp:attachment":[{"href":"https:\/\/www.verkkovaria.fi\/yhteiset\/aidinkieli\/index.php?rest_route=%2Fwp%2Fv2%2Fmedia&parent=332"}],"curies":[{"name":"wp","href":"https:\/\/api.w.org\/{rel}","templated":true}]}}