{"id":347,"date":"2016-03-01T07:25:42","date_gmt":"2016-03-01T07:25:42","guid":{"rendered":"http:\/\/www.verkkovaria.fi\/yhteiset\/aidinkieli\/?page_id=347"},"modified":"2016-06-29T09:25:47","modified_gmt":"2016-06-29T09:25:47","slug":"tehtava-1-suorasta-epasuoraksi","status":"publish","type":"page","link":"https:\/\/www.verkkovaria.fi\/yhteiset\/aidinkieli\/?page_id=347","title":{"rendered":"Teht\u00e4v\u00e4 1: Suorasta ep\u00e4suoraksi"},"content":{"rendered":"<p><strong>Teht\u00e4v\u00e4 1: Suorasta ep\u00e4suoraksi<\/strong><\/p>\n<p>Muuta seuraavien lauseiden suora esitys ep\u00e4suoraksi ja palauta korjatut lauseet sovitulla tavalla.<\/p>\n<p>1. &#8221;Olin eilen pelaamassa jalkapalloa yst\u00e4v\u00e4ni kanssa&#8221;, kertoi Mikko.<\/p>\n<p>2. Pia kysyi: &#8221;Oletko hakemus opiskelemaan turvallisuusalaa?&#8221;<\/p>\n<p>3. &#8221;T\u00e4m\u00e4n ty\u00f6teht\u00e4v\u00e4n osaan&#8221;, sanoi Timo, &#8221;sill\u00e4 olen harjoitellut sit\u00e4 ty\u00f6ss\u00e4oppimisjaksolla&#8221;.<\/p>\n<p>4. &#8221;Mik\u00e4 teht\u00e4v\u00e4 sinulla on n\u00e4yt\u00f6ss\u00e4?&#8221; englannin opettaja kysyi Jasminalta.<\/p>\n<p>5. &#8221;Kaikki ryhm\u00e4ss\u00e4ni tekev\u00e4t hitsauksen&#8221;, kertoi Jukka.<\/p>\n<p>6. &#8221;Voinko lukea n\u00e4ytt\u00f6raporttisi sitten, kun olet saanut sen valmiiksi?&#8221; kysyi ruotsin opettaja viel\u00e4.<\/p>\n<p>7. &#8221;Tietysti saat lukea. Odotan vain ensin \u00e4idinkielen opettajain palautteen&#8221;, vastasi Mikko.<\/p>\n<p><strong>Muistathan suoran ja ep\u00e4suoran esityksen eron?<\/strong><\/p>\n<p>Esimerkiksi<\/p>\n<p>SUORA: Pekka sanoi: &#8221;Tulen huomenna.&#8221;<\/p>\n<p>EP\u00c4SUORA: Pekka sanoi tulevansa huomenna TAI Pekka sanoi, ett\u00e4 (h\u00e4n) tulee huomenna.<\/p>\n<p>Lis\u00e4tietoja voit lukea esimerkiksi \u00e4idinkielen kirjasta Teht\u00e4v\u00e4n\u00e4 \u00e4idinkieli sivulta 86.<\/p>\n<p>S\u00e4hk\u00f6postia k\u00e4ytt\u00e4ess\u00e4si, noudata s\u00e4hk\u00f6postietiketti\u00e4 ja kirjoittaa viestikentt\u00e4\u00e4n, mit\u00e4 asiasi\u00a0koskee ja allekirjoittaa viestisi. Nime\u00e4 liitetiedosto otsikolla Teht\u00e4v\u00e4 1.<\/p>\n","protected":false},"excerpt":{"rendered":"<p>Teht\u00e4v\u00e4 1: Suorasta ep\u00e4suoraksi Muuta seuraavien lauseiden suora esitys ep\u00e4suoraksi ja palauta korjatut lauseet sovitulla tavalla. 1. &#8221;Olin eilen pelaamassa jalkapalloa yst\u00e4v\u00e4ni kanssa&#8221;, kertoi Mikko. 2. Pia kysyi: &#8221;Oletko hakemus opiskelemaan turvallisuusalaa?&#8221; 3. &#8221;T\u00e4m\u00e4n ty\u00f6teht\u00e4v\u00e4n osaan&#8221;, sanoi Timo, &#8221;sill\u00e4 olen harjoitellut sit\u00e4 ty\u00f6ss\u00e4oppimisjaksolla&#8221;. 4. &#8221;Mik\u00e4 teht\u00e4v\u00e4 sinulla on n\u00e4yt\u00f6ss\u00e4?&#8221; englannin opettaja kysyi Jasminalta. 5. &#8221;Kaikki &hellip; <a href=\"https:\/\/www.verkkovaria.fi\/yhteiset\/aidinkieli\/?page_id=347\">Continued<\/a><\/p>\n","protected":false},"author":2,"featured_media":0,"parent":0,"menu_order":0,"comment_status":"closed","ping_status":"closed","template":"","meta":{"footnotes":"","_links_to":"","_links_to_target":""},"class_list":["post-347","page","type-page","status-publish","hentry"],"_links":{"self":[{"href":"https:\/\/www.verkkovaria.fi\/yhteiset\/aidinkieli\/index.php?rest_route=\/wp\/v2\/pages\/347","targetHints":{"allow":["GET"]}}],"collection":[{"href":"https:\/\/www.verkkovaria.fi\/yhteiset\/aidinkieli\/index.php?rest_route=\/wp\/v2\/pages"}],"about":[{"href":"https:\/\/www.verkkovaria.fi\/yhteiset\/aidinkieli\/index.php?rest_route=\/wp\/v2\/types\/page"}],"author":[{"embeddable":true,"href":"https:\/\/www.verkkovaria.fi\/yhteiset\/aidinkieli\/index.php?rest_route=\/wp\/v2\/users\/2"}],"replies":[{"embeddable":true,"href":"https:\/\/www.verkkovaria.fi\/yhteiset\/aidinkieli\/index.php?rest_route=%2Fwp%2Fv2%2Fcomments&post=347"}],"version-history":[{"count":5,"href":"https:\/\/www.verkkovaria.fi\/yhteiset\/aidinkieli\/index.php?rest_route=\/wp\/v2\/pages\/347\/revisions"}],"predecessor-version":[{"id":575,"href":"https:\/\/www.verkkovaria.fi\/yhteiset\/aidinkieli\/index.php?rest_route=\/wp\/v2\/pages\/347\/revisions\/575"}],"wp:attachment":[{"href":"https:\/\/www.verkkovaria.fi\/yhteiset\/aidinkieli\/index.php?rest_route=%2Fwp%2Fv2%2Fmedia&parent=347"}],"curies":[{"name":"wp","href":"https:\/\/api.w.org\/{rel}","templated":true}]}}