{"id":351,"date":"2016-03-01T07:27:27","date_gmt":"2016-03-01T07:27:27","guid":{"rendered":"http:\/\/www.verkkovaria.fi\/yhteiset\/aidinkieli\/?page_id=351"},"modified":"2016-06-29T09:21:05","modified_gmt":"2016-06-29T09:21:05","slug":"tehtava-2-viittaustavat","status":"publish","type":"page","link":"https:\/\/www.verkkovaria.fi\/yhteiset\/aidinkieli\/?page_id=351","title":{"rendered":"Teht\u00e4v\u00e4 2: Viittaustavat"},"content":{"rendered":"<p><strong>Teht\u00e4v\u00e4 2: Viittaustavat<\/strong><\/p>\n<p>Etsi jonkin suomalaisen sanomalehden internet-sivuilta itse\u00e4si kiinnostava haastattelu. Etsi\u00a0haastattelusta tavat, joilla haastateltavaan viitataan.\u00a0Kirjoita l\u00f6yt\u00e4m\u00e4si tavat luetteloksi ja palauta se alkuper\u00e4isen tekstin kanssa opettajalle sovitulla tavalla.<\/p>\n<p>Liit\u00e4 vastauksen mukaan linkki tekstiin, jota olet tutkinut. Vaihtoehtoisesti voit my\u00f6s tallentaa tekstin\u00a0ja l\u00e4hett\u00e4\u00e4 sen liitetiedostona.<\/p>\n<p>Noudata teht\u00e4v\u00e4ss\u00e4 yksi ohjeistettua s\u00e4hk\u00f6postietiketti\u00e4.<\/p>\n","protected":false},"excerpt":{"rendered":"<p>Teht\u00e4v\u00e4 2: Viittaustavat Etsi jonkin suomalaisen sanomalehden internet-sivuilta itse\u00e4si kiinnostava haastattelu. Etsi\u00a0haastattelusta tavat, joilla haastateltavaan viitataan.\u00a0Kirjoita l\u00f6yt\u00e4m\u00e4si tavat luetteloksi ja palauta se alkuper\u00e4isen tekstin kanssa opettajalle sovitulla tavalla. Liit\u00e4 vastauksen mukaan linkki tekstiin, jota olet tutkinut. Vaihtoehtoisesti voit my\u00f6s tallentaa tekstin\u00a0ja l\u00e4hett\u00e4\u00e4 sen liitetiedostona. Noudata teht\u00e4v\u00e4ss\u00e4 yksi ohjeistettua s\u00e4hk\u00f6postietiketti\u00e4.<\/p>\n","protected":false},"author":2,"featured_media":0,"parent":0,"menu_order":0,"comment_status":"closed","ping_status":"closed","template":"","meta":{"footnotes":"","_links_to":"","_links_to_target":""},"class_list":["post-351","page","type-page","status-publish","hentry"],"_links":{"self":[{"href":"https:\/\/www.verkkovaria.fi\/yhteiset\/aidinkieli\/index.php?rest_route=\/wp\/v2\/pages\/351","targetHints":{"allow":["GET"]}}],"collection":[{"href":"https:\/\/www.verkkovaria.fi\/yhteiset\/aidinkieli\/index.php?rest_route=\/wp\/v2\/pages"}],"about":[{"href":"https:\/\/www.verkkovaria.fi\/yhteiset\/aidinkieli\/index.php?rest_route=\/wp\/v2\/types\/page"}],"author":[{"embeddable":true,"href":"https:\/\/www.verkkovaria.fi\/yhteiset\/aidinkieli\/index.php?rest_route=\/wp\/v2\/users\/2"}],"replies":[{"embeddable":true,"href":"https:\/\/www.verkkovaria.fi\/yhteiset\/aidinkieli\/index.php?rest_route=%2Fwp%2Fv2%2Fcomments&post=351"}],"version-history":[{"count":3,"href":"https:\/\/www.verkkovaria.fi\/yhteiset\/aidinkieli\/index.php?rest_route=\/wp\/v2\/pages\/351\/revisions"}],"predecessor-version":[{"id":571,"href":"https:\/\/www.verkkovaria.fi\/yhteiset\/aidinkieli\/index.php?rest_route=\/wp\/v2\/pages\/351\/revisions\/571"}],"wp:attachment":[{"href":"https:\/\/www.verkkovaria.fi\/yhteiset\/aidinkieli\/index.php?rest_route=%2Fwp%2Fv2%2Fmedia&parent=351"}],"curies":[{"name":"wp","href":"https:\/\/api.w.org\/{rel}","templated":true}]}}