{"id":355,"date":"2016-03-01T07:28:27","date_gmt":"2016-03-01T07:28:27","guid":{"rendered":"http:\/\/www.verkkovaria.fi\/yhteiset\/aidinkieli\/?page_id=355"},"modified":"2016-06-29T09:23:17","modified_gmt":"2016-06-29T09:23:17","slug":"tehtava-3-koevastaus","status":"publish","type":"page","link":"https:\/\/www.verkkovaria.fi\/yhteiset\/aidinkieli\/?page_id=355","title":{"rendered":"Teht\u00e4v\u00e4 3: Koevastaus"},"content":{"rendered":"<p><strong>Teht\u00e4v\u00e4 3: Koevastaus<\/strong><\/p>\n<p>Kirjoita koevastaus jostakin oman alasi kysymyksest\u00e4. Rakenna koevastaus kaavan avulla:<\/p>\n<p>1) M\u00e4\u00e4rittelev\u00e4 aines \u2013 m\u00e4\u00e4rittele k\u00e4sitteet ja termit, kerro luokittelut.<\/p>\n<p>2) Havainnollistava aines \u2013 selosta ja tarkenna asiat, anna esimerkkej\u00e4.<\/p>\n<p>3) Pohtiva aines \u2013 kerro asian yhteys k\u00e4yt\u00e4nt\u00f6\u00f6n, tee p\u00e4\u00e4telmi\u00e4, arvioi, vertaile.<\/p>\n<p>Voit kysy\u00e4 sopivaa koevastauksen aihetta my\u00f6s ammattiaineiden opettajaltasi.<\/p>\n","protected":false},"excerpt":{"rendered":"<p>Teht\u00e4v\u00e4 3: Koevastaus Kirjoita koevastaus jostakin oman alasi kysymyksest\u00e4. Rakenna koevastaus kaavan avulla: 1) M\u00e4\u00e4rittelev\u00e4 aines \u2013 m\u00e4\u00e4rittele k\u00e4sitteet ja termit, kerro luokittelut. 2) Havainnollistava aines \u2013 selosta ja tarkenna asiat, anna esimerkkej\u00e4. 3) Pohtiva aines \u2013 kerro asian yhteys k\u00e4yt\u00e4nt\u00f6\u00f6n, tee p\u00e4\u00e4telmi\u00e4, arvioi, vertaile. Voit kysy\u00e4 sopivaa koevastauksen aihetta my\u00f6s ammattiaineiden opettajaltasi.<\/p>\n","protected":false},"author":2,"featured_media":0,"parent":0,"menu_order":0,"comment_status":"closed","ping_status":"closed","template":"","meta":{"footnotes":"","_links_to":"","_links_to_target":""},"class_list":["post-355","page","type-page","status-publish","hentry"],"_links":{"self":[{"href":"https:\/\/www.verkkovaria.fi\/yhteiset\/aidinkieli\/index.php?rest_route=\/wp\/v2\/pages\/355","targetHints":{"allow":["GET"]}}],"collection":[{"href":"https:\/\/www.verkkovaria.fi\/yhteiset\/aidinkieli\/index.php?rest_route=\/wp\/v2\/pages"}],"about":[{"href":"https:\/\/www.verkkovaria.fi\/yhteiset\/aidinkieli\/index.php?rest_route=\/wp\/v2\/types\/page"}],"author":[{"embeddable":true,"href":"https:\/\/www.verkkovaria.fi\/yhteiset\/aidinkieli\/index.php?rest_route=\/wp\/v2\/users\/2"}],"replies":[{"embeddable":true,"href":"https:\/\/www.verkkovaria.fi\/yhteiset\/aidinkieli\/index.php?rest_route=%2Fwp%2Fv2%2Fcomments&post=355"}],"version-history":[{"count":4,"href":"https:\/\/www.verkkovaria.fi\/yhteiset\/aidinkieli\/index.php?rest_route=\/wp\/v2\/pages\/355\/revisions"}],"predecessor-version":[{"id":574,"href":"https:\/\/www.verkkovaria.fi\/yhteiset\/aidinkieli\/index.php?rest_route=\/wp\/v2\/pages\/355\/revisions\/574"}],"wp:attachment":[{"href":"https:\/\/www.verkkovaria.fi\/yhteiset\/aidinkieli\/index.php?rest_route=%2Fwp%2Fv2%2Fmedia&parent=355"}],"curies":[{"name":"wp","href":"https:\/\/api.w.org\/{rel}","templated":true}]}}