{"id":359,"date":"2016-03-01T07:29:41","date_gmt":"2016-03-01T07:29:41","guid":{"rendered":"http:\/\/www.verkkovaria.fi\/yhteiset\/aidinkieli\/?page_id=359"},"modified":"2016-06-29T09:26:46","modified_gmt":"2016-06-29T09:26:46","slug":"tehtava-4-kuullun-referointi","status":"publish","type":"page","link":"https:\/\/www.verkkovaria.fi\/yhteiset\/aidinkieli\/?page_id=359","title":{"rendered":"Teht\u00e4v\u00e4 4: Kuullun referointi"},"content":{"rendered":"<p><strong>Teht\u00e4v\u00e4 4: Kuullun referointi<\/strong><\/p>\n<p>Kuuntele radiosta tai televisiosta (esim. Yle Areena) uutiset. Referoi kirjallisesti kirjakielisess\u00e4\u00a0muodossa jokin uutisiin sis\u00e4ltyv\u00e4 suomenkielinen haastattelu.<\/p>\n<p>Kirjoita referaattisi vakioasettelun muotoon. Muista taustoittaa vastauksesi: mist\u00e4 uutisl\u00e4hetyksest\u00e4 on kyse. Kirjoita vastauksesi loppuun linkki uutisl\u00e4hetykseen.<\/p>\n<p>L\u00e4het\u00e4 referaatti opettajalle s\u00e4hk\u00f6postitse liitetiedostona tai muulla sovitulla tavalla. Noudata s\u00e4hk\u00f6postietiketti\u00e4.<\/p>\n","protected":false},"excerpt":{"rendered":"<p>Teht\u00e4v\u00e4 4: Kuullun referointi Kuuntele radiosta tai televisiosta (esim. Yle Areena) uutiset. Referoi kirjallisesti kirjakielisess\u00e4\u00a0muodossa jokin uutisiin sis\u00e4ltyv\u00e4 suomenkielinen haastattelu. Kirjoita referaattisi vakioasettelun muotoon. Muista taustoittaa vastauksesi: mist\u00e4 uutisl\u00e4hetyksest\u00e4 on kyse. Kirjoita vastauksesi loppuun linkki uutisl\u00e4hetykseen. L\u00e4het\u00e4 referaatti opettajalle s\u00e4hk\u00f6postitse liitetiedostona tai muulla sovitulla tavalla. Noudata s\u00e4hk\u00f6postietiketti\u00e4.<\/p>\n","protected":false},"author":2,"featured_media":0,"parent":0,"menu_order":0,"comment_status":"closed","ping_status":"closed","template":"","meta":{"footnotes":"","_links_to":"","_links_to_target":""},"class_list":["post-359","page","type-page","status-publish","hentry"],"_links":{"self":[{"href":"https:\/\/www.verkkovaria.fi\/yhteiset\/aidinkieli\/index.php?rest_route=\/wp\/v2\/pages\/359","targetHints":{"allow":["GET"]}}],"collection":[{"href":"https:\/\/www.verkkovaria.fi\/yhteiset\/aidinkieli\/index.php?rest_route=\/wp\/v2\/pages"}],"about":[{"href":"https:\/\/www.verkkovaria.fi\/yhteiset\/aidinkieli\/index.php?rest_route=\/wp\/v2\/types\/page"}],"author":[{"embeddable":true,"href":"https:\/\/www.verkkovaria.fi\/yhteiset\/aidinkieli\/index.php?rest_route=\/wp\/v2\/users\/2"}],"replies":[{"embeddable":true,"href":"https:\/\/www.verkkovaria.fi\/yhteiset\/aidinkieli\/index.php?rest_route=%2Fwp%2Fv2%2Fcomments&post=359"}],"version-history":[{"count":3,"href":"https:\/\/www.verkkovaria.fi\/yhteiset\/aidinkieli\/index.php?rest_route=\/wp\/v2\/pages\/359\/revisions"}],"predecessor-version":[{"id":576,"href":"https:\/\/www.verkkovaria.fi\/yhteiset\/aidinkieli\/index.php?rest_route=\/wp\/v2\/pages\/359\/revisions\/576"}],"wp:attachment":[{"href":"https:\/\/www.verkkovaria.fi\/yhteiset\/aidinkieli\/index.php?rest_route=%2Fwp%2Fv2%2Fmedia&parent=359"}],"curies":[{"name":"wp","href":"https:\/\/api.w.org\/{rel}","templated":true}]}}