{"id":363,"date":"2016-03-01T07:31:04","date_gmt":"2016-03-01T07:31:04","guid":{"rendered":"http:\/\/www.verkkovaria.fi\/yhteiset\/aidinkieli\/?page_id=363"},"modified":"2016-06-29T09:27:36","modified_gmt":"2016-06-29T09:27:36","slug":"tehtava-5-luetun-referointi","status":"publish","type":"page","link":"https:\/\/www.verkkovaria.fi\/yhteiset\/aidinkieli\/?page_id=363","title":{"rendered":"Teht\u00e4v\u00e4 5: Luetun referointi"},"content":{"rendered":"<p><strong>Teht\u00e4v\u00e4 5: Luetun referointi<\/strong><\/p>\n<p>Tutustu referointiin oppikirjan Teht\u00e4v\u00e4n\u00e4 \u00e4idinkieli ohjeiden mukaan: sivuilta 91-92 tai jossakin\u00a0muussa \u00e4idinkielen oppikirjassa olevien ohjeiden avulla.<\/p>\n<p>Kirjoita sen j\u00e4lkeen referaatti teht\u00e4v\u00e4ss\u00e4 2 k\u00e4ytt\u00e4m\u00e4st\u00e4si lehtihaastattelusta niin, ett\u00e4 alkuper\u00e4inen\u00a0teksti lyhenee kolmannekseen. K\u00e4yt\u00e4 referaatissasi sopivia viittaustapoja.<\/p>\n<p>Kirjoita referaatti k\u00e4ytt\u00e4en vakioasettelua. Palauta referaatti opettajalle sovitulla tavalla.<\/p>\n","protected":false},"excerpt":{"rendered":"<p>Teht\u00e4v\u00e4 5: Luetun referointi Tutustu referointiin oppikirjan Teht\u00e4v\u00e4n\u00e4 \u00e4idinkieli ohjeiden mukaan: sivuilta 91-92 tai jossakin\u00a0muussa \u00e4idinkielen oppikirjassa olevien ohjeiden avulla. Kirjoita sen j\u00e4lkeen referaatti teht\u00e4v\u00e4ss\u00e4 2 k\u00e4ytt\u00e4m\u00e4st\u00e4si lehtihaastattelusta niin, ett\u00e4 alkuper\u00e4inen\u00a0teksti lyhenee kolmannekseen. K\u00e4yt\u00e4 referaatissasi sopivia viittaustapoja. Kirjoita referaatti k\u00e4ytt\u00e4en vakioasettelua. Palauta referaatti opettajalle sovitulla tavalla.<\/p>\n","protected":false},"author":2,"featured_media":0,"parent":0,"menu_order":0,"comment_status":"closed","ping_status":"closed","template":"","meta":{"footnotes":"","_links_to":"","_links_to_target":""},"class_list":["post-363","page","type-page","status-publish","hentry"],"_links":{"self":[{"href":"https:\/\/www.verkkovaria.fi\/yhteiset\/aidinkieli\/index.php?rest_route=\/wp\/v2\/pages\/363","targetHints":{"allow":["GET"]}}],"collection":[{"href":"https:\/\/www.verkkovaria.fi\/yhteiset\/aidinkieli\/index.php?rest_route=\/wp\/v2\/pages"}],"about":[{"href":"https:\/\/www.verkkovaria.fi\/yhteiset\/aidinkieli\/index.php?rest_route=\/wp\/v2\/types\/page"}],"author":[{"embeddable":true,"href":"https:\/\/www.verkkovaria.fi\/yhteiset\/aidinkieli\/index.php?rest_route=\/wp\/v2\/users\/2"}],"replies":[{"embeddable":true,"href":"https:\/\/www.verkkovaria.fi\/yhteiset\/aidinkieli\/index.php?rest_route=%2Fwp%2Fv2%2Fcomments&post=363"}],"version-history":[{"count":3,"href":"https:\/\/www.verkkovaria.fi\/yhteiset\/aidinkieli\/index.php?rest_route=\/wp\/v2\/pages\/363\/revisions"}],"predecessor-version":[{"id":577,"href":"https:\/\/www.verkkovaria.fi\/yhteiset\/aidinkieli\/index.php?rest_route=\/wp\/v2\/pages\/363\/revisions\/577"}],"wp:attachment":[{"href":"https:\/\/www.verkkovaria.fi\/yhteiset\/aidinkieli\/index.php?rest_route=%2Fwp%2Fv2%2Fmedia&parent=363"}],"curies":[{"name":"wp","href":"https:\/\/api.w.org\/{rel}","templated":true}]}}