{"id":380,"date":"2016-03-01T08:42:51","date_gmt":"2016-03-01T08:42:51","guid":{"rendered":"http:\/\/www.verkkovaria.fi\/yhteiset\/aidinkieli\/?page_id=380"},"modified":"2016-03-01T08:57:47","modified_gmt":"2016-03-01T08:57:47","slug":"tehtava-4-esittelyjen-kommentointi","status":"publish","type":"page","link":"https:\/\/www.verkkovaria.fi\/yhteiset\/aidinkieli\/?page_id=380","title":{"rendered":"Teht\u00e4v\u00e4 4: Artikkelin esitteleminen 2"},"content":{"rendered":"\n<p>Tutustu <strong>Teht\u00e4v\u00e4ss\u00e4 3<\/strong> kirjoitettuihin lehtiesittelyihin. Kommentoi v\u00e4hint\u00e4\u00e4n yht\u00e4 esittely\u00e4.<\/p>\n<p>Voit kommentissasi esitt\u00e4\u00e4 my\u00f6s lis\u00e4kysymyksi\u00e4 mielt\u00e4si askarruttavista asioista.<\/p>\n","protected":false},"excerpt":{"rendered":"<p>Tutustu Teht\u00e4v\u00e4ss\u00e4 3 kirjoitettuihin lehtiesittelyihin. Kommentoi v\u00e4hint\u00e4\u00e4n yht\u00e4 esittely\u00e4. Voit kommentissasi esitt\u00e4\u00e4 my\u00f6s lis\u00e4kysymyksi\u00e4 mielt\u00e4si askarruttavista asioista.<\/p>\n","protected":false},"author":2,"featured_media":0,"parent":0,"menu_order":0,"comment_status":"closed","ping_status":"closed","template":"","meta":{"footnotes":"","_links_to":"","_links_to_target":""},"class_list":["post-380","page","type-page","status-publish","hentry"],"_links":{"self":[{"href":"https:\/\/www.verkkovaria.fi\/yhteiset\/aidinkieli\/index.php?rest_route=\/wp\/v2\/pages\/380","targetHints":{"allow":["GET"]}}],"collection":[{"href":"https:\/\/www.verkkovaria.fi\/yhteiset\/aidinkieli\/index.php?rest_route=\/wp\/v2\/pages"}],"about":[{"href":"https:\/\/www.verkkovaria.fi\/yhteiset\/aidinkieli\/index.php?rest_route=\/wp\/v2\/types\/page"}],"author":[{"embeddable":true,"href":"https:\/\/www.verkkovaria.fi\/yhteiset\/aidinkieli\/index.php?rest_route=\/wp\/v2\/users\/2"}],"replies":[{"embeddable":true,"href":"https:\/\/www.verkkovaria.fi\/yhteiset\/aidinkieli\/index.php?rest_route=%2Fwp%2Fv2%2Fcomments&post=380"}],"version-history":[{"count":4,"href":"https:\/\/www.verkkovaria.fi\/yhteiset\/aidinkieli\/index.php?rest_route=\/wp\/v2\/pages\/380\/revisions"}],"predecessor-version":[{"id":397,"href":"https:\/\/www.verkkovaria.fi\/yhteiset\/aidinkieli\/index.php?rest_route=\/wp\/v2\/pages\/380\/revisions\/397"}],"wp:attachment":[{"href":"https:\/\/www.verkkovaria.fi\/yhteiset\/aidinkieli\/index.php?rest_route=%2Fwp%2Fv2%2Fmedia&parent=380"}],"curies":[{"name":"wp","href":"https:\/\/api.w.org\/{rel}","templated":true}]}}