{"id":63,"date":"2016-01-13T13:25:25","date_gmt":"2016-01-13T13:25:25","guid":{"rendered":"http:\/\/www.verkkovaria.fi\/yhteiset\/aidinkieli\/?page_id=63"},"modified":"2016-06-29T08:56:43","modified_gmt":"2016-06-29T08:56:43","slug":"kieli-oppimisen-valineena-2","status":"publish","type":"page","link":"https:\/\/www.verkkovaria.fi\/yhteiset\/aidinkieli\/?page_id=63","title":{"rendered":"Kieli oppimisen v\u00e4lineen\u00e4 2"},"content":{"rendered":"<p><strong>Tervetuloa Kieli oppimisen v\u00e4lineen\u00e4 2 -verkkototeutukseen<\/strong><\/p>\n<p>Kieli oppimisen v\u00e4lineen\u00e4\u00a02 -verkkototeutuksessa harjoitellaan opinnoissa tarvittavaa kielenk\u00e4ytt\u00f6\u00e4 kuten\u00a0graafien tulkitsemista sanallisesti ja esitystilanteiden havainnollistamista esitysgrafiikan muodossa.<\/p>\n<p><strong>Arviointi<\/strong><\/p>\n<p>Verkkototeutuksen suorittanut saa suoritusmerkinn\u00e4n S. Jos verkkototeutus j\u00e4\u00e4 kesken, opintorekisteriin merkit\u00e4\u00e4n KE.\u00a0Suorittaminen edellytt\u00e4\u00e4 annettujen teht\u00e4vien tekemist\u00e4 hyv\u00e4ksytysti ohjeiden mukaan.<\/p>\n<p style=\"text-align: center;\"><a style=\"color: #ffffff;\" href=\"http:\/\/www.verkkovaria.fi\/yhteiset\/aidinkieli\/?page_id=239\" target=\"_blank\">Teht\u00e4v\u00e4 1: Kuvan tulkinta sanallisesti<\/a><\/p>\n<p style=\"text-align: center;\"><a style=\"color: #ffffff;\" href=\"http:\/\/www.verkkovaria.fi\/yhteiset\/aidinkieli\/?page_id=243\" target=\"_blank\">Teht\u00e4v\u00e4 2: Graafin tulkinta sanallisesti<\/a><\/p>\n<p style=\"text-align: center;\"><a style=\"color: #ffffff;\" href=\"http:\/\/www.verkkovaria.fi\/yhteiset\/aidinkieli\/?page_id=247\" target=\"_blank\">Teht\u00e4v\u00e4 3: Taulukon tulkinta sanallisesti<\/a><\/p>\n<p style=\"text-align: center;\"><a style=\"color: #ffffff;\" href=\"http:\/\/www.verkkovaria.fi\/yhteiset\/aidinkieli\/?page_id=251\" target=\"_blank\">Teht\u00e4v\u00e4 4: Esitysdiojen tekeminen<\/a><\/p>\n<p style=\"text-align: center;\"><a style=\"color: #ffffff;\" href=\"http:\/\/www.verkkovaria.fi\/yhteiset\/aidinkieli\/?page_id=255\" target=\"_blank\">Teht\u00e4v\u00e4 5: S\u00e4hk\u00f6postietiketti<\/a><\/p>\n","protected":false},"excerpt":{"rendered":"<p>Tervetuloa Kieli oppimisen v\u00e4lineen\u00e4 2 -verkkototeutukseen Kieli oppimisen v\u00e4lineen\u00e4\u00a02 -verkkototeutuksessa harjoitellaan opinnoissa tarvittavaa kielenk\u00e4ytt\u00f6\u00e4 kuten\u00a0graafien tulkitsemista sanallisesti ja esitystilanteiden havainnollistamista esitysgrafiikan muodossa. Arviointi Verkkototeutuksen suorittanut saa suoritusmerkinn\u00e4n S. Jos verkkototeutus j\u00e4\u00e4 kesken, opintorekisteriin merkit\u00e4\u00e4n KE.\u00a0Suorittaminen edellytt\u00e4\u00e4 annettujen teht\u00e4vien tekemist\u00e4 hyv\u00e4ksytysti ohjeiden mukaan. Teht\u00e4v\u00e4 1: Kuvan tulkinta sanallisesti Teht\u00e4v\u00e4 2: Graafin tulkinta sanallisesti Teht\u00e4v\u00e4 3: Taulukon &hellip; <a href=\"https:\/\/www.verkkovaria.fi\/yhteiset\/aidinkieli\/?page_id=63\">Continued<\/a><\/p>\n","protected":false},"author":1,"featured_media":0,"parent":0,"menu_order":0,"comment_status":"closed","ping_status":"closed","template":"","meta":{"footnotes":"","_links_to":"","_links_to_target":""},"class_list":["post-63","page","type-page","status-publish","hentry"],"_links":{"self":[{"href":"https:\/\/www.verkkovaria.fi\/yhteiset\/aidinkieli\/index.php?rest_route=\/wp\/v2\/pages\/63","targetHints":{"allow":["GET"]}}],"collection":[{"href":"https:\/\/www.verkkovaria.fi\/yhteiset\/aidinkieli\/index.php?rest_route=\/wp\/v2\/pages"}],"about":[{"href":"https:\/\/www.verkkovaria.fi\/yhteiset\/aidinkieli\/index.php?rest_route=\/wp\/v2\/types\/page"}],"author":[{"embeddable":true,"href":"https:\/\/www.verkkovaria.fi\/yhteiset\/aidinkieli\/index.php?rest_route=\/wp\/v2\/users\/1"}],"replies":[{"embeddable":true,"href":"https:\/\/www.verkkovaria.fi\/yhteiset\/aidinkieli\/index.php?rest_route=%2Fwp%2Fv2%2Fcomments&post=63"}],"version-history":[{"count":8,"href":"https:\/\/www.verkkovaria.fi\/yhteiset\/aidinkieli\/index.php?rest_route=\/wp\/v2\/pages\/63\/revisions"}],"predecessor-version":[{"id":562,"href":"https:\/\/www.verkkovaria.fi\/yhteiset\/aidinkieli\/index.php?rest_route=\/wp\/v2\/pages\/63\/revisions\/562"}],"wp:attachment":[{"href":"https:\/\/www.verkkovaria.fi\/yhteiset\/aidinkieli\/index.php?rest_route=%2Fwp%2Fv2%2Fmedia&parent=63"}],"curies":[{"name":"wp","href":"https:\/\/api.w.org\/{rel}","templated":true}]}}