{"id":72,"date":"2016-01-13T13:26:23","date_gmt":"2016-01-13T13:26:23","guid":{"rendered":"http:\/\/www.verkkovaria.fi\/yhteiset\/aidinkieli\/?page_id=72"},"modified":"2017-04-05T07:22:11","modified_gmt":"2017-04-05T07:22:11","slug":"jatko-opintoihin-valmentava-aidinkieli","status":"publish","type":"page","link":"https:\/\/www.verkkovaria.fi\/yhteiset\/aidinkieli\/?page_id=72","title":{"rendered":"Jatko-opintoihin aikovan \u00e4idinkieli"},"content":{"rendered":"<p style=\"text-align: left;\">Tervetuloa verkkototeutukseen <strong>Jatko-opintoihin aikovan\u00a0\u00e4idinkieli <\/strong>(1\u20132 osp). Verkkototeutuksen tarkoituksena on\u00a0vahvistaa niit\u00e4 \u00e4idinkielen ja viestinn\u00e4n taitoja, joita tarvitaan ammattikorkeakouluopinnoissa. Verkkototeutuksen suorittaminen valmentaa my\u00f6s\u00a0ammattikorkeakoulun p\u00e4\u00e4sykokeiden viestinn\u00e4n osioon.<\/p>\n<p><strong>Verkkototeuksen sis\u00e4lt\u00f6<\/strong><\/p>\n<p>Verkkototeutuksessa harjoitellaan opinnoissa tarvittavaa luku- ja kirjoitustaitoa, keskustelutaitoa, johon kuuluu muun muassa argumentointitaito sek\u00e4 l\u00e4hteiden k\u00e4ytt\u00e4misen taitoa. Verkkototeutukseen kuuluu sek\u00e4 verkkokeskusteluja ett\u00e4 itsen\u00e4isi\u00e4 teht\u00e4vi\u00e4. Teht\u00e4ven palautustavasta sovitaan opiskelun alussa. Saat my\u00f6s tunnukset verkkototeutuksen blogiin.<\/p>\n<p style=\"text-align: center;\"><a style=\"color: #ffffff;\" href=\"http:\/\/www.verkkovaria.fi\/yhteiset\/aidinkieli\/?page_id=368\" target=\"_blank\">Teht\u00e4v\u00e4 1: Oman mielipiteen ilmaiseminen<\/a><\/p>\n<p style=\"text-align: center;\"><a style=\"color: #ffffff;\" href=\"http:\/\/www.verkkovaria.fi\/yhteiset\/aidinkieli\/?page_id=372\" target=\"_blank\">Teht\u00e4v\u00e4 2: Kooste<\/a><\/p>\n<p style=\"text-align: center;\"><a style=\"color: #ffffff;\" href=\"http:\/\/www.verkkovaria.fi\/yhteiset\/aidinkieli\/?page_id=376\" target=\"_blank\">Teht\u00e4v\u00e4 3: Artikkelin esitteleminen<\/a><\/p>\n<p style=\"text-align: center;\"><a style=\"color: #ffffff;\" href=\"http:\/\/www.verkkovaria.fi\/yhteiset\/aidinkieli\/?page_id=380\" target=\"_blank\">Teht\u00e4v\u00e4 4: Artikkelin esitteleminen 2<\/a><\/p>\n<p style=\"text-align: center;\"><a style=\"color: #ffffff;\" href=\"http:\/\/www.verkkovaria.fi\/yhteiset\/aidinkieli\/?page_id=384\" target=\"_blank\">Teht\u00e4v\u00e4 5: Taulukot ja graafit<\/a><\/p>\n<p style=\"text-align: center;\"><a style=\"color: #ffffff;\" href=\"http:\/\/www.verkkovaria.fi\/yhteiset\/aidinkieli\/?page_id=388\" target=\"_blank\">Teht\u00e4v\u00e4 6: Taulukot ja graafit 2<\/a><\/p>\n<p style=\"text-align: center;\"><a style=\"color: #ffffff;\" href=\"http:\/\/www.verkkovaria.fi\/yhteiset\/aidinkieli\/?page_id=392\" target=\"_blank\">Teht\u00e4v\u00e4 7: Min\u00e4 kielenk\u00e4ytt\u00e4j\u00e4n\u00e4<\/a><\/p>\n","protected":false},"excerpt":{"rendered":"<p>Tervetuloa verkkototeutukseen Jatko-opintoihin aikovan\u00a0\u00e4idinkieli (1\u20132 osp). Verkkototeutuksen tarkoituksena on\u00a0vahvistaa niit\u00e4 \u00e4idinkielen ja viestinn\u00e4n taitoja, joita tarvitaan ammattikorkeakouluopinnoissa. Verkkototeutuksen suorittaminen valmentaa my\u00f6s\u00a0ammattikorkeakoulun p\u00e4\u00e4sykokeiden viestinn\u00e4n osioon. Verkkototeuksen sis\u00e4lt\u00f6 Verkkototeutuksessa harjoitellaan opinnoissa tarvittavaa luku- ja kirjoitustaitoa, keskustelutaitoa, johon kuuluu muun muassa argumentointitaito sek\u00e4 l\u00e4hteiden k\u00e4ytt\u00e4misen taitoa. Verkkototeutukseen kuuluu sek\u00e4 verkkokeskusteluja ett\u00e4 itsen\u00e4isi\u00e4 teht\u00e4vi\u00e4. Teht\u00e4ven palautustavasta sovitaan opiskelun alussa. &hellip; <a href=\"https:\/\/www.verkkovaria.fi\/yhteiset\/aidinkieli\/?page_id=72\">Continued<\/a><\/p>\n","protected":false},"author":1,"featured_media":0,"parent":0,"menu_order":0,"comment_status":"closed","ping_status":"closed","template":"","meta":{"footnotes":"","_links_to":"","_links_to_target":""},"class_list":["post-72","page","type-page","status-publish","hentry"],"_links":{"self":[{"href":"https:\/\/www.verkkovaria.fi\/yhteiset\/aidinkieli\/index.php?rest_route=\/wp\/v2\/pages\/72","targetHints":{"allow":["GET"]}}],"collection":[{"href":"https:\/\/www.verkkovaria.fi\/yhteiset\/aidinkieli\/index.php?rest_route=\/wp\/v2\/pages"}],"about":[{"href":"https:\/\/www.verkkovaria.fi\/yhteiset\/aidinkieli\/index.php?rest_route=\/wp\/v2\/types\/page"}],"author":[{"embeddable":true,"href":"https:\/\/www.verkkovaria.fi\/yhteiset\/aidinkieli\/index.php?rest_route=\/wp\/v2\/users\/1"}],"replies":[{"embeddable":true,"href":"https:\/\/www.verkkovaria.fi\/yhteiset\/aidinkieli\/index.php?rest_route=%2Fwp%2Fv2%2Fcomments&post=72"}],"version-history":[{"count":11,"href":"https:\/\/www.verkkovaria.fi\/yhteiset\/aidinkieli\/index.php?rest_route=\/wp\/v2\/pages\/72\/revisions"}],"predecessor-version":[{"id":604,"href":"https:\/\/www.verkkovaria.fi\/yhteiset\/aidinkieli\/index.php?rest_route=\/wp\/v2\/pages\/72\/revisions\/604"}],"wp:attachment":[{"href":"https:\/\/www.verkkovaria.fi\/yhteiset\/aidinkieli\/index.php?rest_route=%2Fwp%2Fv2%2Fmedia&parent=72"}],"curies":[{"name":"wp","href":"https:\/\/api.w.org\/{rel}","templated":true}]}}