{"id":19,"date":"2015-08-25T12:48:49","date_gmt":"2015-08-25T12:48:49","guid":{"rendered":"http:\/\/www.verkkovaria.fi\/yhteiset\/englanti\/?page_id=19"},"modified":"2017-09-28T07:07:45","modified_gmt":"2017-09-28T07:07:45","slug":"arviointi","status":"publish","type":"page","link":"https:\/\/www.verkkovaria.fi\/yhteiset\/englanti\/?page_id=19","title":{"rendered":"Arviointi"},"content":{"rendered":"<p>Englannin opinnot kuuluvat yhteisten tutkinnon osien Viestint\u00e4- ja vuorovaikutusosaaminen -tutkinnon osaan.<\/p>\n<p>Pakolliset englannin opinnot (2 osp) arvostellaan arvosanalla 1-3. Pakollisten osa-alueiden osasis\u00e4ll\u00f6ist\u00e4\u00a0(englantia ty\u00f6el\u00e4m\u00e4\u00e4n \/ ammattienglantia) saa suoritusmerkinn\u00e4n (S). Verkkototeutuksen valinnaiset englannin opinnot arvioidaan arvosanoin 1 (tyydytt\u00e4v\u00e4), 2 (hyv\u00e4) ja 3 (kiitett\u00e4v\u00e4).<\/p>\n<p>Verkkototeutuksissa on niin yksil\u00f6teht\u00e4vi\u00e4 kuin teht\u00e4vi\u00e4, joissa vaaditaan yhteisty\u00f6t\u00e4 muiden opiskelijoiden kanssa. Yhteistoiminnallisella opiskelulla on t\u00e4rke\u00e4 rooli; ty\u00f6el\u00e4m\u00e4ss\u00e4 tarvittavaa sanastoa ja fraaseja rakennetaan yhdess\u00e4, ja ty\u00f6t vaativat valmistuakseen jokaisen opiskelijan ty\u00f6panoksen.<\/p>\n<p>Verkkoty\u00f6skentelyn aikana opettaja seuraa opiskelijoiden etenemist\u00e4 sovitulla alustalla, vastaa kysymyksiin ja on tavoitettavissa verkossa sovittuna aikana.<\/p>\n<p><strong>Vieras kieli, A-kieli<\/strong><br \/>\n<strong>Pakolliset osaamistavoitteet (2 osp)<\/strong><\/p>\n<p>Opiskelija:<\/p>\n<ul>\n<li>osaa viesti\u00e4 ja toimia vuorovaikutustilanteissa siten, ett\u00e4 h\u00e4n kykenee harjoittamaan <em>ammattiaan<\/em><\/li>\n<li>osaa k\u00e4ytt\u00e4\u00e4<em> oman alan<\/em> ty\u00f6teht\u00e4viss\u00e4 tarvittavaa vierasta kielt\u00e4<\/li>\n<li>osaa hakea tietoa erilaisista vieraskielisist\u00e4 l\u00e4hteist\u00e4<\/li>\n<li>osaa toimia monikielisess\u00e4 ja -kulttuurisessa ymp\u00e4rist\u00f6ss\u00e4<\/li>\n<\/ul>\n<p data-canvas-width=\"77.8712616550875\"><strong>Valinnaiset osaamistavoitteet (3 osp)<\/strong><\/p>\n<p data-canvas-width=\"77.8712616550875\">Opiskelija:<\/p>\n<ul>\n<li>osaa viesti\u00e4 vieraalla kielell\u00e4 <em>ty\u00f6el\u00e4m\u00e4n<\/em> tilanteissa<\/li>\n<li>osaa toimia erilaisissa vuorovaikutustilanteissa vieraalla kielell\u00e4<\/li>\n<li>osaa toimia aktiivisena kansalaisena vieraskielisiss\u00e4 yhteyksiss\u00e4<\/li>\n<li>ymm\u00e4rt\u00e4\u00e4 kielen ja kulttuurin merkityksen<\/li>\n<li>osaa kehitt\u00e4\u00e4 kielen oppimisen strategioitansa ja oppimistapojaan.<\/li>\n<\/ul>\n<p>&nbsp;<\/p>\n<p>Vieraan kielen (A-kieli) opetussuunnitelma (osaamistavoitteet ja osaamisen arviointi) l\u00f6ytyy ammatillisen perustutkinnon perusteiden viestint\u00e4- ja vuorovaikutusosaaminen -tutkinnon osasta: <a href=\"https:\/\/eperusteet.opintopolku.fi\/#\/fi\/esitys\/133955\/ops\/tutkinnonosat\/151629\" target=\"_blank\" rel=\"noopener\">Opintopolku, ePerusteet: Viestint\u00e4- ja vuorovaikutusosaaminen.<\/a><\/p>\n","protected":false},"excerpt":{"rendered":"<p>Englannin opinnot kuuluvat yhteisten tutkinnon osien Viestint\u00e4- ja vuorovaikutusosaaminen -tutkinnon osaan. Pakolliset englannin opinnot (2 osp) arvostellaan arvosanalla 1-3. Pakollisten osa-alueiden osasis\u00e4ll\u00f6ist\u00e4\u00a0(englantia ty\u00f6el\u00e4m\u00e4\u00e4n \/ ammattienglantia) saa suoritusmerkinn\u00e4n (S). Verkkototeutuksen valinnaiset englannin opinnot arvioidaan arvosanoin 1 (tyydytt\u00e4v\u00e4), 2 (hyv\u00e4) ja 3 (kiitett\u00e4v\u00e4). Verkkototeutuksissa on niin yksil\u00f6teht\u00e4vi\u00e4 kuin teht\u00e4vi\u00e4, joissa vaaditaan yhteisty\u00f6t\u00e4 muiden opiskelijoiden kanssa. Yhteistoiminnallisella opiskelulla &hellip; <a href=\"https:\/\/www.verkkovaria.fi\/yhteiset\/englanti\/?page_id=19\">Continued<\/a><\/p>\n","protected":false},"author":1,"featured_media":285,"parent":0,"menu_order":0,"comment_status":"closed","ping_status":"closed","template":"","meta":{"footnotes":"","_links_to":"","_links_to_target":""},"class_list":["post-19","page","type-page","status-publish","has-post-thumbnail","hentry"],"_links":{"self":[{"href":"https:\/\/www.verkkovaria.fi\/yhteiset\/englanti\/index.php?rest_route=\/wp\/v2\/pages\/19","targetHints":{"allow":["GET"]}}],"collection":[{"href":"https:\/\/www.verkkovaria.fi\/yhteiset\/englanti\/index.php?rest_route=\/wp\/v2\/pages"}],"about":[{"href":"https:\/\/www.verkkovaria.fi\/yhteiset\/englanti\/index.php?rest_route=\/wp\/v2\/types\/page"}],"author":[{"embeddable":true,"href":"https:\/\/www.verkkovaria.fi\/yhteiset\/englanti\/index.php?rest_route=\/wp\/v2\/users\/1"}],"replies":[{"embeddable":true,"href":"https:\/\/www.verkkovaria.fi\/yhteiset\/englanti\/index.php?rest_route=%2Fwp%2Fv2%2Fcomments&post=19"}],"version-history":[{"count":36,"href":"https:\/\/www.verkkovaria.fi\/yhteiset\/englanti\/index.php?rest_route=\/wp\/v2\/pages\/19\/revisions"}],"predecessor-version":[{"id":754,"href":"https:\/\/www.verkkovaria.fi\/yhteiset\/englanti\/index.php?rest_route=\/wp\/v2\/pages\/19\/revisions\/754"}],"wp:featuredmedia":[{"embeddable":true,"href":"https:\/\/www.verkkovaria.fi\/yhteiset\/englanti\/index.php?rest_route=\/wp\/v2\/media\/285"}],"wp:attachment":[{"href":"https:\/\/www.verkkovaria.fi\/yhteiset\/englanti\/index.php?rest_route=%2Fwp%2Fv2%2Fmedia&parent=19"}],"curies":[{"name":"wp","href":"https:\/\/api.w.org\/{rel}","templated":true}]}}