{"id":2,"date":"2015-08-25T12:08:23","date_gmt":"2015-08-25T12:08:23","guid":{"rendered":"http:\/\/www.verkkovaria.fi\/yhteiset\/englanti\/?page_id=2"},"modified":"2016-07-05T10:13:13","modified_gmt":"2016-07-05T10:13:13","slug":"about","status":"publish","type":"page","link":"https:\/\/www.verkkovaria.fi\/yhteiset\/englanti\/","title":{"rendered":"Etusivu"},"content":{"rendered":"<p style=\"text-align: left;\"><strong>Tervetuloa Varian englannin verkkototeutukseen!<\/strong><\/p>\n<p style=\"text-align: left;\">T\u00e4ss\u00e4 verkkototeutuksessa opiskelijalla on mahdollisuus suorittaa englannin pakollisia ja valinnaisia opintoja seuraavasti:<\/p>\n<p style=\"text-align: left;\">Pakolliset:<\/p>\n<ul style=\"text-align: left;\">\n<li><a href=\"http:\/\/www.verkkovaria.fi\/yhteiset\/englanti\/?page_id=441\" target=\"_blank\">Kone- ja metallialan ammattienglanti<\/a><br \/>\n<a href=\"http:\/\/www.verkkovaria.fi\/yhteiset\/englanti\/?page_id=441\" target=\"_blank\">Working in a metal company<\/a><\/li>\n<li><a href=\"http:\/\/www.verkkovaria.fi\/yhteiset\/englanti\/?page_id=587\" target=\"_blank\">Auto- ja logistiikka-alan ammattienglanti<\/a><\/li>\n<\/ul>\n<p style=\"text-align: left;\">\n<p style=\"text-align: left;\">\u00a0Valinnaiset:<\/p>\n<ul style=\"text-align: left;\">\n<li><a href=\"http:\/\/www.verkkovaria.fi\/yhteiset\/englanti\/?page_id=424\" target=\"_blank\">Kaikki alat: Explore and Express! Englannin projektity\u00f6<\/a><\/li>\n<li><a href=\"http:\/\/www.verkkovaria.fi\/yhteiset\/englanti\/?page_id=508\" target=\"_blank\">Hotelli-, ravintola- ja catering-ala: At your service! \u2013 asiakaspalvelun englanti (1 osp)<\/a><\/li>\n<\/ul>\n<p style=\"text-align: left;\">\n<p style=\"text-align: left;\">Opintojen sis\u00e4ll\u00f6t l\u00f6ytyv\u00e4t Opiskelijalle-alasvetovalikosta.<\/p>\n<p style=\"text-align: left;\">\n","protected":false},"excerpt":{"rendered":"<p>Tervetuloa Varian englannin verkkototeutukseen! T\u00e4ss\u00e4 verkkototeutuksessa opiskelijalla on mahdollisuus suorittaa englannin pakollisia ja valinnaisia opintoja seuraavasti: Pakolliset: Kone- ja metallialan ammattienglanti Working in a metal company Auto- ja logistiikka-alan ammattienglanti \u00a0Valinnaiset: Kaikki alat: Explore and Express! Englannin projektity\u00f6 Hotelli-, ravintola- ja catering-ala: At your service! \u2013 asiakaspalvelun englanti (1 osp) Opintojen sis\u00e4ll\u00f6t l\u00f6ytyv\u00e4t Opiskelijalle-alasvetovalikosta.<\/p>\n","protected":false},"author":1,"featured_media":281,"parent":0,"menu_order":0,"comment_status":"open","ping_status":"open","template":"frontpage.php","meta":{"footnotes":"","_links_to":"","_links_to_target":""},"class_list":["post-2","page","type-page","status-publish","has-post-thumbnail","hentry"],"_links":{"self":[{"href":"https:\/\/www.verkkovaria.fi\/yhteiset\/englanti\/index.php?rest_route=\/wp\/v2\/pages\/2","targetHints":{"allow":["GET"]}}],"collection":[{"href":"https:\/\/www.verkkovaria.fi\/yhteiset\/englanti\/index.php?rest_route=\/wp\/v2\/pages"}],"about":[{"href":"https:\/\/www.verkkovaria.fi\/yhteiset\/englanti\/index.php?rest_route=\/wp\/v2\/types\/page"}],"author":[{"embeddable":true,"href":"https:\/\/www.verkkovaria.fi\/yhteiset\/englanti\/index.php?rest_route=\/wp\/v2\/users\/1"}],"replies":[{"embeddable":true,"href":"https:\/\/www.verkkovaria.fi\/yhteiset\/englanti\/index.php?rest_route=%2Fwp%2Fv2%2Fcomments&post=2"}],"version-history":[{"count":39,"href":"https:\/\/www.verkkovaria.fi\/yhteiset\/englanti\/index.php?rest_route=\/wp\/v2\/pages\/2\/revisions"}],"predecessor-version":[{"id":726,"href":"https:\/\/www.verkkovaria.fi\/yhteiset\/englanti\/index.php?rest_route=\/wp\/v2\/pages\/2\/revisions\/726"}],"wp:featuredmedia":[{"embeddable":true,"href":"https:\/\/www.verkkovaria.fi\/yhteiset\/englanti\/index.php?rest_route=\/wp\/v2\/media\/281"}],"wp:attachment":[{"href":"https:\/\/www.verkkovaria.fi\/yhteiset\/englanti\/index.php?rest_route=%2Fwp%2Fv2%2Fmedia&parent=2"}],"curies":[{"name":"wp","href":"https:\/\/api.w.org\/{rel}","templated":true}]}}