{"id":25,"date":"2015-08-25T12:51:20","date_gmt":"2015-08-25T12:51:20","guid":{"rendered":"http:\/\/www.verkkovaria.fi\/yhteiset\/englanti\/?page_id=25"},"modified":"2016-07-05T10:26:32","modified_gmt":"2016-07-05T10:26:32","slug":"sahkoalan-englantia","status":"publish","type":"page","link":"https:\/\/www.verkkovaria.fi\/yhteiset\/englanti\/?page_id=25","title":{"rendered":"1.2 My workplace"},"content":{"rendered":"<p><strong>My workplace<\/strong><\/p>\n<p><strong>T\u00e4ss\u00e4 osiossa etsit\u00e4\u00e4n tietoa omasta ty\u00f6ss\u00e4oppimispaikasta. Tarkoituksena on tutustua omaan ty\u00f6paikkaan liittyviin k\u00e4sitteisiin ja sanastoon englanniksi.<\/strong><\/p>\n<p><strong>Exercise:<\/strong> Ota selv\u00e4\u00e4 tulevasta ty\u00f6ss\u00e4oppimispaikastasi. L\u00f6yd\u00e4t tietoa esimerkiksi internetist\u00e4. Vastaa kysymyksiin tai kirjoita raportti englanniksi. Valmis ty\u00f6 j\u00e4tet\u00e4\u00e4n Fronterin palautuskansioon tai muuhun sovittuun paikkaan.<\/p>\n<p>1. What is the name of the company?<br \/>\n2. In which field does the company work?<br \/>\n3. How old is the company? \/ When was it founded?<br \/>\n4. Who is the managing director of the company?<br \/>\n5. In which countries does it operate?<br \/>\n6. How many employees does it have?<br \/>\n7. Name the main products of the company.<br \/>\n8. Find the logo or pictures of the company.<br \/>\n9. Add other information that you find relevant.<\/p>\n","protected":false},"excerpt":{"rendered":"<p>My workplace T\u00e4ss\u00e4 osiossa etsit\u00e4\u00e4n tietoa omasta ty\u00f6ss\u00e4oppimispaikasta. Tarkoituksena on tutustua omaan ty\u00f6paikkaan liittyviin k\u00e4sitteisiin ja sanastoon englanniksi. Exercise: Ota selv\u00e4\u00e4 tulevasta ty\u00f6ss\u00e4oppimispaikastasi. L\u00f6yd\u00e4t tietoa esimerkiksi internetist\u00e4. Vastaa kysymyksiin tai kirjoita raportti englanniksi. Valmis ty\u00f6 j\u00e4tet\u00e4\u00e4n Fronterin palautuskansioon tai muuhun sovittuun paikkaan. 1. What is the name of the company? 2. In which field does &hellip; <a href=\"https:\/\/www.verkkovaria.fi\/yhteiset\/englanti\/?page_id=25\">Continued<\/a><\/p>\n","protected":false},"author":1,"featured_media":274,"parent":0,"menu_order":0,"comment_status":"closed","ping_status":"closed","template":"","meta":{"footnotes":"","_links_to":"","_links_to_target":""},"class_list":["post-25","page","type-page","status-publish","has-post-thumbnail","hentry"],"_links":{"self":[{"href":"https:\/\/www.verkkovaria.fi\/yhteiset\/englanti\/index.php?rest_route=\/wp\/v2\/pages\/25","targetHints":{"allow":["GET"]}}],"collection":[{"href":"https:\/\/www.verkkovaria.fi\/yhteiset\/englanti\/index.php?rest_route=\/wp\/v2\/pages"}],"about":[{"href":"https:\/\/www.verkkovaria.fi\/yhteiset\/englanti\/index.php?rest_route=\/wp\/v2\/types\/page"}],"author":[{"embeddable":true,"href":"https:\/\/www.verkkovaria.fi\/yhteiset\/englanti\/index.php?rest_route=\/wp\/v2\/users\/1"}],"replies":[{"embeddable":true,"href":"https:\/\/www.verkkovaria.fi\/yhteiset\/englanti\/index.php?rest_route=%2Fwp%2Fv2%2Fcomments&post=25"}],"version-history":[{"count":11,"href":"https:\/\/www.verkkovaria.fi\/yhteiset\/englanti\/index.php?rest_route=\/wp\/v2\/pages\/25\/revisions"}],"predecessor-version":[{"id":732,"href":"https:\/\/www.verkkovaria.fi\/yhteiset\/englanti\/index.php?rest_route=\/wp\/v2\/pages\/25\/revisions\/732"}],"wp:featuredmedia":[{"embeddable":true,"href":"https:\/\/www.verkkovaria.fi\/yhteiset\/englanti\/index.php?rest_route=\/wp\/v2\/media\/274"}],"wp:attachment":[{"href":"https:\/\/www.verkkovaria.fi\/yhteiset\/englanti\/index.php?rest_route=%2Fwp%2Fv2%2Fmedia&parent=25"}],"curies":[{"name":"wp","href":"https:\/\/api.w.org\/{rel}","templated":true}]}}