{"id":421,"date":"2015-11-18T12:17:33","date_gmt":"2015-11-18T12:17:33","guid":{"rendered":"http:\/\/www.verkkovaria.fi\/yhteiset\/englanti\/?page_id=421"},"modified":"2016-03-31T06:11:20","modified_gmt":"2016-03-31T06:11:20","slug":"englanti-valinnaiset","status":"publish","type":"page","link":"https:\/\/www.verkkovaria.fi\/yhteiset\/englanti\/?page_id=421","title":{"rendered":"Englanti, valinnaiset"},"content":{"rendered":"<p>Tervetuloa opiskelemaan englannin valinnaisia opintoja!<\/p>\n<p>Sis\u00e4lt\u00f6ihin p\u00e4\u00e4set Opiskelijalle-alasvetovalikosta, kohdasta Englanti, valinnaiset.<\/p>\n<p>\t\t\t\t<img decoding=\"async\" src=\"http:\/\/www.verkkovaria.fi\/yhteiset\/englanti\/wp-content\/uploads\/2015\/11\/enkkulaku.jpg\" alt=\"Kuva: Pixabay 2016\" itemprop=\"image\"  \/><br \/>\n\t\tKuva: Pixabay 2016<\/p>\n","protected":false},"excerpt":{"rendered":"<p>Tervetuloa opiskelemaan englannin valinnaisia opintoja! Sis\u00e4lt\u00f6ihin p\u00e4\u00e4set Opiskelijalle-alasvetovalikosta, kohdasta Englanti, valinnaiset. Kuva: Pixabay 2016<\/p>\n","protected":false},"author":1,"featured_media":0,"parent":0,"menu_order":0,"comment_status":"closed","ping_status":"closed","template":"","meta":{"footnotes":"","_links_to":"","_links_to_target":""},"class_list":["post-421","page","type-page","status-publish","hentry"],"_links":{"self":[{"href":"https:\/\/www.verkkovaria.fi\/yhteiset\/englanti\/index.php?rest_route=\/wp\/v2\/pages\/421","targetHints":{"allow":["GET"]}}],"collection":[{"href":"https:\/\/www.verkkovaria.fi\/yhteiset\/englanti\/index.php?rest_route=\/wp\/v2\/pages"}],"about":[{"href":"https:\/\/www.verkkovaria.fi\/yhteiset\/englanti\/index.php?rest_route=\/wp\/v2\/types\/page"}],"author":[{"embeddable":true,"href":"https:\/\/www.verkkovaria.fi\/yhteiset\/englanti\/index.php?rest_route=\/wp\/v2\/users\/1"}],"replies":[{"embeddable":true,"href":"https:\/\/www.verkkovaria.fi\/yhteiset\/englanti\/index.php?rest_route=%2Fwp%2Fv2%2Fcomments&post=421"}],"version-history":[{"count":6,"href":"https:\/\/www.verkkovaria.fi\/yhteiset\/englanti\/index.php?rest_route=\/wp\/v2\/pages\/421\/revisions"}],"predecessor-version":[{"id":704,"href":"https:\/\/www.verkkovaria.fi\/yhteiset\/englanti\/index.php?rest_route=\/wp\/v2\/pages\/421\/revisions\/704"}],"wp:attachment":[{"href":"https:\/\/www.verkkovaria.fi\/yhteiset\/englanti\/index.php?rest_route=%2Fwp%2Fv2%2Fmedia&parent=421"}],"curies":[{"name":"wp","href":"https:\/\/api.w.org\/{rel}","templated":true}]}}