{"id":424,"date":"2015-11-18T12:18:29","date_gmt":"2015-11-18T12:18:29","guid":{"rendered":"http:\/\/www.verkkovaria.fi\/yhteiset\/englanti\/?page_id=424"},"modified":"2017-04-05T07:48:12","modified_gmt":"2017-04-05T07:48:12","slug":"osa-alue-1","status":"publish","type":"page","link":"https:\/\/www.verkkovaria.fi\/yhteiset\/englanti\/?page_id=424","title":{"rendered":"Explore and Express! Englannin projektity\u00f6"},"content":{"rendered":"<p>Englannin valinnaisten opintojen ensimm\u00e4inen osa voidaan suorittaa ennen ty\u00f6ss\u00e4oppimisaksoa ja toinen osa ty\u00f6ss\u00e4oppimisen aikana. Ensimm\u00e4isen kokonaisuuden avulla opiskelijat p\u00e4\u00e4sev\u00e4t tutustumaan\u00a0 ty\u00f6el\u00e4m\u00e4sanastoon englanniksi, mik\u00e4 helpottaa opiskelijoiden ty\u00f6ss\u00e4oppimisjakson aloitusta ja itse harjoittelun\u00a0sujuvuutta esim. ulkomailla suoritettavan jakson aikana. Toinen kokonaisuus suoritetaan ty\u00f6ss\u00e4oppimisjakson aikana ja siin\u00e4 keskityt\u00e4\u00e4n varsinaiseen ty\u00f6ymp\u00e4rist\u00f6\u00f6n.<\/p>\n<p style=\"text-align: center;\"><a style=\"color: #ffffff;\" href=\"http:\/\/www.verkkovaria.fi\/yhteiset\/englanti\/?page_id=22\" target=\"_blank\">Englanti 1: Applying for a job<\/a><\/p>\n<p style=\"text-align: center;\"><a style=\"color: #ffffff;\" href=\"http:\/\/www.verkkovaria.fi\/yhteiset\/englanti\/?page_id=47\" target=\"_blank\">Englanti 2: At work<\/a><\/p>\n","protected":false},"excerpt":{"rendered":"<p>Englannin valinnaisten opintojen ensimm\u00e4inen osa voidaan suorittaa ennen ty\u00f6ss\u00e4oppimisaksoa ja toinen osa ty\u00f6ss\u00e4oppimisen aikana. Ensimm\u00e4isen kokonaisuuden avulla opiskelijat p\u00e4\u00e4sev\u00e4t tutustumaan\u00a0 ty\u00f6el\u00e4m\u00e4sanastoon englanniksi, mik\u00e4 helpottaa opiskelijoiden ty\u00f6ss\u00e4oppimisjakson aloitusta ja itse harjoittelun\u00a0sujuvuutta esim. ulkomailla suoritettavan jakson aikana. Toinen kokonaisuus suoritetaan ty\u00f6ss\u00e4oppimisjakson aikana ja siin\u00e4 keskityt\u00e4\u00e4n varsinaiseen ty\u00f6ymp\u00e4rist\u00f6\u00f6n. Englanti 1: Applying for a job Englanti 2: At work<\/p>\n","protected":false},"author":1,"featured_media":0,"parent":0,"menu_order":0,"comment_status":"closed","ping_status":"closed","template":"","meta":{"footnotes":"","_links_to":"","_links_to_target":""},"class_list":["post-424","page","type-page","status-publish","hentry"],"_links":{"self":[{"href":"https:\/\/www.verkkovaria.fi\/yhteiset\/englanti\/index.php?rest_route=\/wp\/v2\/pages\/424","targetHints":{"allow":["GET"]}}],"collection":[{"href":"https:\/\/www.verkkovaria.fi\/yhteiset\/englanti\/index.php?rest_route=\/wp\/v2\/pages"}],"about":[{"href":"https:\/\/www.verkkovaria.fi\/yhteiset\/englanti\/index.php?rest_route=\/wp\/v2\/types\/page"}],"author":[{"embeddable":true,"href":"https:\/\/www.verkkovaria.fi\/yhteiset\/englanti\/index.php?rest_route=\/wp\/v2\/users\/1"}],"replies":[{"embeddable":true,"href":"https:\/\/www.verkkovaria.fi\/yhteiset\/englanti\/index.php?rest_route=%2Fwp%2Fv2%2Fcomments&post=424"}],"version-history":[{"count":9,"href":"https:\/\/www.verkkovaria.fi\/yhteiset\/englanti\/index.php?rest_route=\/wp\/v2\/pages\/424\/revisions"}],"predecessor-version":[{"id":701,"href":"https:\/\/www.verkkovaria.fi\/yhteiset\/englanti\/index.php?rest_route=\/wp\/v2\/pages\/424\/revisions\/701"}],"wp:attachment":[{"href":"https:\/\/www.verkkovaria.fi\/yhteiset\/englanti\/index.php?rest_route=%2Fwp%2Fv2%2Fmedia&parent=424"}],"curies":[{"name":"wp","href":"https:\/\/api.w.org\/{rel}","templated":true}]}}