{"id":446,"date":"2015-12-02T10:45:30","date_gmt":"2015-12-02T10:45:30","guid":{"rendered":"http:\/\/www.verkkovaria.fi\/yhteiset\/englanti\/?page_id=446"},"modified":"2016-07-05T10:19:09","modified_gmt":"2016-07-05T10:19:09","slug":"1-vocabulary-for-working-life","status":"publish","type":"page","link":"https:\/\/www.verkkovaria.fi\/yhteiset\/englanti\/?page_id=446","title":{"rendered":"Kone- ja metalliala: 1. Vocabulary for working life"},"content":{"rendered":"<p>T\u00e4ss\u00e4 osiossa tutustutaan ty\u00f6el\u00e4m\u00e4ss\u00e4 tarvittavaan perussanastoon englanniksi. Opeteltavia sis\u00e4lt\u00f6j\u00e4 ovat yrityksen esittely, k\u00e4sity\u00f6kalut, ty\u00f6st\u00f6koneet, koneistus, hitsaus, ty\u00f6turvallisuus ja kest\u00e4v\u00e4 kehitys.<\/p>\n<p>1. Tutustu tarvittavaan englannin kielen sanastoon lukemalla ja kuuntelemalla oheisissa linkeiss\u00e4 olevat sanat. Opiskele ja harjoittele sanoja sivun yl\u00e4laidassa olevien Flashcards-, Learn- ja Speller-toimintojen avulla. Voit pelata sanoilla Scatter- ja Gravity-toimintojen avulla. Testaa lopuksi osaamistasi tekem\u00e4ll\u00e4 <strong>Test<\/strong>-osio ja l\u00e4het\u00e4 testien tulokset opettajalle ennalta sovitulle alustalle.<\/p>\n<p>Opeteltavat sanat l\u00f6ytyv\u00e4t seuraavista linkeist\u00e4:<\/p>\n<ul>\n<li><a href=\"https:\/\/quizlet.com\/_1j07e4\" target=\"_blank\">Company presentation<\/a><\/li>\n<li><a href=\"https:\/\/quizlet.com\/_1styet\" target=\"_blank\">Hand tools and Machine tools<\/a><\/li>\n<li><a href=\"https:\/\/quizlet.com\/_1tcm2j\" target=\"_blank\">Safety and recycling at work<\/a><\/li>\n<\/ul>\n","protected":false},"excerpt":{"rendered":"<p>T\u00e4ss\u00e4 osiossa tutustutaan ty\u00f6el\u00e4m\u00e4ss\u00e4 tarvittavaan perussanastoon englanniksi. Opeteltavia sis\u00e4lt\u00f6j\u00e4 ovat yrityksen esittely, k\u00e4sity\u00f6kalut, ty\u00f6st\u00f6koneet, koneistus, hitsaus, ty\u00f6turvallisuus ja kest\u00e4v\u00e4 kehitys. 1. Tutustu tarvittavaan englannin kielen sanastoon lukemalla ja kuuntelemalla oheisissa linkeiss\u00e4 olevat sanat. Opiskele ja harjoittele sanoja sivun yl\u00e4laidassa olevien Flashcards-, Learn- ja Speller-toimintojen avulla. Voit pelata sanoilla Scatter- ja Gravity-toimintojen avulla. Testaa lopuksi osaamistasi &hellip; <a href=\"https:\/\/www.verkkovaria.fi\/yhteiset\/englanti\/?page_id=446\">Continued<\/a><\/p>\n","protected":false},"author":1,"featured_media":0,"parent":0,"menu_order":0,"comment_status":"closed","ping_status":"closed","template":"","meta":{"footnotes":"","_links_to":"","_links_to_target":""},"class_list":["post-446","page","type-page","status-publish","hentry"],"_links":{"self":[{"href":"https:\/\/www.verkkovaria.fi\/yhteiset\/englanti\/index.php?rest_route=\/wp\/v2\/pages\/446","targetHints":{"allow":["GET"]}}],"collection":[{"href":"https:\/\/www.verkkovaria.fi\/yhteiset\/englanti\/index.php?rest_route=\/wp\/v2\/pages"}],"about":[{"href":"https:\/\/www.verkkovaria.fi\/yhteiset\/englanti\/index.php?rest_route=\/wp\/v2\/types\/page"}],"author":[{"embeddable":true,"href":"https:\/\/www.verkkovaria.fi\/yhteiset\/englanti\/index.php?rest_route=\/wp\/v2\/users\/1"}],"replies":[{"embeddable":true,"href":"https:\/\/www.verkkovaria.fi\/yhteiset\/englanti\/index.php?rest_route=%2Fwp%2Fv2%2Fcomments&post=446"}],"version-history":[{"count":11,"href":"https:\/\/www.verkkovaria.fi\/yhteiset\/englanti\/index.php?rest_route=\/wp\/v2\/pages\/446\/revisions"}],"predecessor-version":[{"id":728,"href":"https:\/\/www.verkkovaria.fi\/yhteiset\/englanti\/index.php?rest_route=\/wp\/v2\/pages\/446\/revisions\/728"}],"wp:attachment":[{"href":"https:\/\/www.verkkovaria.fi\/yhteiset\/englanti\/index.php?rest_route=%2Fwp%2Fv2%2Fmedia&parent=446"}],"curies":[{"name":"wp","href":"https:\/\/api.w.org\/{rel}","templated":true}]}}