{"id":452,"date":"2015-12-02T10:46:13","date_gmt":"2015-12-02T10:46:13","guid":{"rendered":"http:\/\/www.verkkovaria.fi\/yhteiset\/englanti\/?page_id=452"},"modified":"2016-07-05T10:22:10","modified_gmt":"2016-07-05T10:22:10","slug":"3-hand-tools-and-machine-tools","status":"publish","type":"page","link":"https:\/\/www.verkkovaria.fi\/yhteiset\/englanti\/?page_id=452","title":{"rendered":"Kone- ja metalliala: 3. Hand tools and machine tools"},"content":{"rendered":"<p>T\u00e4ss\u00e4 osiossa opitaan ty\u00f6paikalla tarvittavien ty\u00f6kalujen nimi\u00e4 englanniksi. Lis\u00e4ksi kerrotaan mihin niit\u00e4 k\u00e4ytet\u00e4\u00e4n ja millaisia ty\u00f6st\u00f6toimenpiteit\u00e4 niill\u00e4 tehd\u00e4\u00e4n.\u00a0<\/p>\n<p>3. a) Kirjoita englanniksi 10-15 ty\u00f6paikalla k\u00e4ytett\u00e4v\u00e4n ty\u00f6kalun ja\/tai ty\u00f6st\u00f6koneen nimet ja k\u00e4ytt\u00f6tarkoitukset. Mukaan voi liitt\u00e4\u00e4 kuvia. Palauta ty\u00f6 Fronterin palautuskansioon tai muulle sovitulle alustalle. Esimerkkisivun l\u00f6yd\u00e4t linkin takaa.<\/p>\n<p>Linkki: <a href=\"http:\/\/www.verkkovaria.fi\/yhteiset\/englanti\/wp-content\/uploads\/2015\/10\/Tools-of-my-trade.docx\" target=\"_blank\">Tools of my trade<\/a><\/p>\n<p>3. b) Kirjoita Facebookin keskusteluryhm\u00e4n \u201dWorking in a metal company\u201d sivulle englanniksi kuvaus ainakin kahden ty\u00f6kalun tai ty\u00f6st\u00f6koneen k\u00e4ytt\u00f6tarkoituksesta ja toiset kirjoittavat oman arvauksensa ty\u00f6kalusta. Esim. \u201dIt is used for turning metal pieces.\u201d \u2013 \u201dI know, it is a lathe!\u201d\u00a0<\/p>\n","protected":false},"excerpt":{"rendered":"<p>T\u00e4ss\u00e4 osiossa opitaan ty\u00f6paikalla tarvittavien ty\u00f6kalujen nimi\u00e4 englanniksi. Lis\u00e4ksi kerrotaan mihin niit\u00e4 k\u00e4ytet\u00e4\u00e4n ja millaisia ty\u00f6st\u00f6toimenpiteit\u00e4 niill\u00e4 tehd\u00e4\u00e4n.\u00a0 3. a) Kirjoita englanniksi 10-15 ty\u00f6paikalla k\u00e4ytett\u00e4v\u00e4n ty\u00f6kalun ja\/tai ty\u00f6st\u00f6koneen nimet ja k\u00e4ytt\u00f6tarkoitukset. Mukaan voi liitt\u00e4\u00e4 kuvia. Palauta ty\u00f6 Fronterin palautuskansioon tai muulle sovitulle alustalle. Esimerkkisivun l\u00f6yd\u00e4t linkin takaa. Linkki: Tools of my trade 3. b) Kirjoita &hellip; <a href=\"https:\/\/www.verkkovaria.fi\/yhteiset\/englanti\/?page_id=452\">Continued<\/a><\/p>\n","protected":false},"author":1,"featured_media":0,"parent":0,"menu_order":0,"comment_status":"closed","ping_status":"closed","template":"","meta":{"footnotes":"","_links_to":"","_links_to_target":""},"class_list":["post-452","page","type-page","status-publish","hentry"],"_links":{"self":[{"href":"https:\/\/www.verkkovaria.fi\/yhteiset\/englanti\/index.php?rest_route=\/wp\/v2\/pages\/452","targetHints":{"allow":["GET"]}}],"collection":[{"href":"https:\/\/www.verkkovaria.fi\/yhteiset\/englanti\/index.php?rest_route=\/wp\/v2\/pages"}],"about":[{"href":"https:\/\/www.verkkovaria.fi\/yhteiset\/englanti\/index.php?rest_route=\/wp\/v2\/types\/page"}],"author":[{"embeddable":true,"href":"https:\/\/www.verkkovaria.fi\/yhteiset\/englanti\/index.php?rest_route=\/wp\/v2\/users\/1"}],"replies":[{"embeddable":true,"href":"https:\/\/www.verkkovaria.fi\/yhteiset\/englanti\/index.php?rest_route=%2Fwp%2Fv2%2Fcomments&post=452"}],"version-history":[{"count":8,"href":"https:\/\/www.verkkovaria.fi\/yhteiset\/englanti\/index.php?rest_route=\/wp\/v2\/pages\/452\/revisions"}],"predecessor-version":[{"id":730,"href":"https:\/\/www.verkkovaria.fi\/yhteiset\/englanti\/index.php?rest_route=\/wp\/v2\/pages\/452\/revisions\/730"}],"wp:attachment":[{"href":"https:\/\/www.verkkovaria.fi\/yhteiset\/englanti\/index.php?rest_route=%2Fwp%2Fv2%2Fmedia&parent=452"}],"curies":[{"name":"wp","href":"https:\/\/api.w.org\/{rel}","templated":true}]}}