{"id":49,"date":"2015-09-17T10:36:47","date_gmt":"2015-09-17T10:36:47","guid":{"rendered":"http:\/\/www.verkkovaria.fi\/yhteiset\/englanti\/?page_id=49"},"modified":"2016-07-05T10:30:23","modified_gmt":"2016-07-05T10:30:23","slug":"interview","status":"publish","type":"page","link":"https:\/\/www.verkkovaria.fi\/yhteiset\/englanti\/?page_id=49","title":{"rendered":"1.5 Job interview"},"content":{"rendered":"<p><strong>A job interview<\/strong><\/p>\n<p><strong>T\u00e4ss\u00e4 osiossa keksit\u00e4\u00e4n kysymyksi\u00e4 ty\u00f6paikkahaastattelua varten. Samalla harjoitellaan haastattelutilanteita ja kertomaan itsest\u00e4 sujuvasti englanniksi. Tee molemmat teht\u00e4v\u00e4t ryhm\u00e4ty\u00f6n\u00e4.<br \/><\/strong><\/p>\n<p><strong>Exercises<\/strong><\/p>\n<p>a) Fronterin keskustelupalstalle tai muulle alustalle kirjoitetaan yhdess\u00e4 englanniksi kysymyksi\u00e4 ty\u00f6paikkahaastatteluun. Keksik\u00e4\u00e4 v\u00e4hint\u00e4\u00e4n 10 kysymyst\u00e4, jotka haastattelija voisi esitt\u00e4\u00e4 ty\u00f6haastattelussa, esim. Why did you apply for this job? What kind of education do you have?<\/p>\n<p>b) Skypen v\u00e4lityksell\u00e4 tai matkapuhelimella tehd\u00e4\u00e4n englanniksi haastattelutilanne, jossa ty\u00f6nantajaa esitt\u00e4v\u00e4 opiskelija esitt\u00e4\u00e4 kysymyksi\u00e4 ja keskustelee ty\u00f6nhakijoiden kanssa. Apuna voidaan k\u00e4ytt\u00e4\u00e4 edellisen teht\u00e4v\u00e4n kysymyksi\u00e4 ja englanniksi kirjoitettuja ty\u00f6paikkahakemuksia. Haastateltavina voi olla esim. 2-3 henkil\u00f6\u00e4. Muut voivat kommentoida ja auttaa valitsemaan sopivimman henkil\u00f6n ty\u00f6h\u00f6n.\u00a0<\/p>\n","protected":false},"excerpt":{"rendered":"<p>A job interview T\u00e4ss\u00e4 osiossa keksit\u00e4\u00e4n kysymyksi\u00e4 ty\u00f6paikkahaastattelua varten. Samalla harjoitellaan haastattelutilanteita ja kertomaan itsest\u00e4 sujuvasti englanniksi. Tee molemmat teht\u00e4v\u00e4t ryhm\u00e4ty\u00f6n\u00e4. Exercises a) Fronterin keskustelupalstalle tai muulle alustalle kirjoitetaan yhdess\u00e4 englanniksi kysymyksi\u00e4 ty\u00f6paikkahaastatteluun. Keksik\u00e4\u00e4 v\u00e4hint\u00e4\u00e4n 10 kysymyst\u00e4, jotka haastattelija voisi esitt\u00e4\u00e4 ty\u00f6haastattelussa, esim. Why did you apply for this job? What kind of education do &hellip; <a href=\"https:\/\/www.verkkovaria.fi\/yhteiset\/englanti\/?page_id=49\">Continued<\/a><\/p>\n","protected":false},"author":1,"featured_media":286,"parent":0,"menu_order":0,"comment_status":"closed","ping_status":"closed","template":"","meta":{"footnotes":"","_links_to":"","_links_to_target":""},"class_list":["post-49","page","type-page","status-publish","has-post-thumbnail","hentry"],"_links":{"self":[{"href":"https:\/\/www.verkkovaria.fi\/yhteiset\/englanti\/index.php?rest_route=\/wp\/v2\/pages\/49","targetHints":{"allow":["GET"]}}],"collection":[{"href":"https:\/\/www.verkkovaria.fi\/yhteiset\/englanti\/index.php?rest_route=\/wp\/v2\/pages"}],"about":[{"href":"https:\/\/www.verkkovaria.fi\/yhteiset\/englanti\/index.php?rest_route=\/wp\/v2\/types\/page"}],"author":[{"embeddable":true,"href":"https:\/\/www.verkkovaria.fi\/yhteiset\/englanti\/index.php?rest_route=\/wp\/v2\/users\/1"}],"replies":[{"embeddable":true,"href":"https:\/\/www.verkkovaria.fi\/yhteiset\/englanti\/index.php?rest_route=%2Fwp%2Fv2%2Fcomments&post=49"}],"version-history":[{"count":20,"href":"https:\/\/www.verkkovaria.fi\/yhteiset\/englanti\/index.php?rest_route=\/wp\/v2\/pages\/49\/revisions"}],"predecessor-version":[{"id":735,"href":"https:\/\/www.verkkovaria.fi\/yhteiset\/englanti\/index.php?rest_route=\/wp\/v2\/pages\/49\/revisions\/735"}],"wp:featuredmedia":[{"embeddable":true,"href":"https:\/\/www.verkkovaria.fi\/yhteiset\/englanti\/index.php?rest_route=\/wp\/v2\/media\/286"}],"wp:attachment":[{"href":"https:\/\/www.verkkovaria.fi\/yhteiset\/englanti\/index.php?rest_route=%2Fwp%2Fv2%2Fmedia&parent=49"}],"curies":[{"name":"wp","href":"https:\/\/api.w.org\/{rel}","templated":true}]}}