{"id":508,"date":"2016-01-21T09:55:44","date_gmt":"2016-01-21T09:55:44","guid":{"rendered":"http:\/\/www.verkkovaria.fi\/yhteiset\/englanti\/?page_id=508"},"modified":"2017-04-05T07:49:41","modified_gmt":"2017-04-05T07:49:41","slug":"at-your-service","status":"publish","type":"page","link":"https:\/\/www.verkkovaria.fi\/yhteiset\/englanti\/?page_id=508","title":{"rendered":"At your service!"},"content":{"rendered":"<p><strong>At your Service!\u00a0(1 osp)<\/strong><\/p>\n<p><strong>Hotelli-, ravintola- ja catering-alan\u00a0asiakaspalvelun englanti\u00a0<\/strong><br \/><strong>Working in a caf\u00e9<\/strong><\/p>\n<p>Tee alla olevien teemojen teht\u00e4v\u00e4t opettajan kanssa sovitun aikataulun mukaisesti. Teemasivuille p\u00e4\u00e4set linkkaamalla teeman nimest\u00e4.<\/p>\n<p style=\"text-align: center;\"><a style=\"color: #ffffff;\" href=\"http:\/\/www.verkkovaria.fi\/yhteiset\/englanti\/?page_id=515\" target=\"_blank\">1. Vocabulary for customer service<\/a><\/p>\n<p style=\"text-align: center;\"><a style=\"color: #ffffff;\" href=\"http:\/\/www.verkkovaria.fi\/yhteiset\/englanti\/?page_id=518\" target=\"_blank\">2. My on-the-job learning place<\/a><\/p>\n<p style=\"text-align: center;\"><a style=\"color: #ffffff;\" href=\"http:\/\/www.verkkovaria.fi\/yhteiset\/englanti\/?page_id=521\" target=\"_blank\">3. Menu<\/a><\/p>\n<p style=\"text-align: center;\"><a style=\"color: #ffffff;\" href=\"http:\/\/www.verkkovaria.fi\/yhteiset\/englanti\/?page_id=524\" target=\"_blank\">4. Answering the customer\u00b4s questions<\/a><\/p>\n<p style=\"text-align: center;\"><a style=\"color: #ffffff;\" href=\"http:\/\/www.verkkovaria.fi\/yhteiset\/englanti\/?page_id=527\" target=\"_blank\">5. Learning diary<\/a><\/p>\n","protected":false},"excerpt":{"rendered":"<p>At your Service!\u00a0(1 osp) Hotelli-, ravintola- ja catering-alan\u00a0asiakaspalvelun englanti\u00a0Working in a caf\u00e9 Tee alla olevien teemojen teht\u00e4v\u00e4t opettajan kanssa sovitun aikataulun mukaisesti. Teemasivuille p\u00e4\u00e4set linkkaamalla teeman nimest\u00e4. 1. Vocabulary for customer service 2. My on-the-job learning place 3. Menu 4. Answering the customer\u00b4s questions 5. Learning diary<\/p>\n","protected":false},"author":1,"featured_media":0,"parent":0,"menu_order":0,"comment_status":"closed","ping_status":"closed","template":"","meta":{"footnotes":"","_links_to":"","_links_to_target":""},"class_list":["post-508","page","type-page","status-publish","hentry"],"_links":{"self":[{"href":"https:\/\/www.verkkovaria.fi\/yhteiset\/englanti\/index.php?rest_route=\/wp\/v2\/pages\/508","targetHints":{"allow":["GET"]}}],"collection":[{"href":"https:\/\/www.verkkovaria.fi\/yhteiset\/englanti\/index.php?rest_route=\/wp\/v2\/pages"}],"about":[{"href":"https:\/\/www.verkkovaria.fi\/yhteiset\/englanti\/index.php?rest_route=\/wp\/v2\/types\/page"}],"author":[{"embeddable":true,"href":"https:\/\/www.verkkovaria.fi\/yhteiset\/englanti\/index.php?rest_route=\/wp\/v2\/users\/1"}],"replies":[{"embeddable":true,"href":"https:\/\/www.verkkovaria.fi\/yhteiset\/englanti\/index.php?rest_route=%2Fwp%2Fv2%2Fcomments&post=508"}],"version-history":[{"count":11,"href":"https:\/\/www.verkkovaria.fi\/yhteiset\/englanti\/index.php?rest_route=\/wp\/v2\/pages\/508\/revisions"}],"predecessor-version":[{"id":752,"href":"https:\/\/www.verkkovaria.fi\/yhteiset\/englanti\/index.php?rest_route=\/wp\/v2\/pages\/508\/revisions\/752"}],"wp:attachment":[{"href":"https:\/\/www.verkkovaria.fi\/yhteiset\/englanti\/index.php?rest_route=%2Fwp%2Fv2%2Fmedia&parent=508"}],"curies":[{"name":"wp","href":"https:\/\/api.w.org\/{rel}","templated":true}]}}