{"id":518,"date":"2016-01-21T11:47:56","date_gmt":"2016-01-21T11:47:56","guid":{"rendered":"http:\/\/www.verkkovaria.fi\/yhteiset\/englanti\/?page_id=518"},"modified":"2016-03-15T14:53:33","modified_gmt":"2016-03-15T14:53:33","slug":"hotelli-ravintola-ja-catering-ala-2-my-on-the-job-learning-place","status":"publish","type":"page","link":"https:\/\/www.verkkovaria.fi\/yhteiset\/englanti\/?page_id=518","title":{"rendered":"Hotelli-, ravintola- ja catering-ala: 2. My on-the-job learning place"},"content":{"rendered":"<p>T\u00e4ss\u00e4 osiossa etsit\u00e4\u00e4n tietoa ty\u00f6ss\u00e4oppimispaikastasi. Tarkoituksena on oppia omaan ty\u00f6paikkaan liittyvi\u00e4 k\u00e4sitteit\u00e4 ja sanastoa englanniksi. Lis\u00e4ksi opitaan hakemaan tietoa ja kertomaan kahvila- tai pikaruokayrityksest\u00e4.<\/p>\n<p>2. Ota selv\u00e4\u00e4 ty\u00f6ss\u00e4oppimispaikastasi. Voit haastatella ty\u00f6nantajaasi, esimiest\u00e4si tai ty\u00f6kaveriasi englanniksi. Voit my\u00f6s mahdollisesti l\u00f6yt\u00e4\u00e4 tietoa yrityksest\u00e4 internetist\u00e4. Vastaa kysymyksiin englanniksi tai tee video haastattelusta. Valmis ty\u00f6 j\u00e4tet\u00e4\u00e4n Fronterin palautuskansioon tai muuhun sovittuun paikkaan.<\/p>\n<ol>\n<li>What is the name of the caf\u00e9?<\/li>\n<li>Where is it situated?<\/li>\n<li>How old is the caf\u00e9?<\/li>\n<li>Who is the manager of the caf\u00e9?<\/li>\n<li>How many customer seats (or tables) does the caf\u00e9 have?<\/li>\n<li>How many employees does it have?<\/li>\n<li>Does the caf\u00e9 have a special theme? What is it?<\/li>\n<li>What are the opening hours?<\/li>\n<\/ol>\n","protected":false},"excerpt":{"rendered":"<p>T\u00e4ss\u00e4 osiossa etsit\u00e4\u00e4n tietoa ty\u00f6ss\u00e4oppimispaikastasi. Tarkoituksena on oppia omaan ty\u00f6paikkaan liittyvi\u00e4 k\u00e4sitteit\u00e4 ja sanastoa englanniksi. Lis\u00e4ksi opitaan hakemaan tietoa ja kertomaan kahvila- tai pikaruokayrityksest\u00e4. 2. Ota selv\u00e4\u00e4 ty\u00f6ss\u00e4oppimispaikastasi. Voit haastatella ty\u00f6nantajaasi, esimiest\u00e4si tai ty\u00f6kaveriasi englanniksi. Voit my\u00f6s mahdollisesti l\u00f6yt\u00e4\u00e4 tietoa yrityksest\u00e4 internetist\u00e4. Vastaa kysymyksiin englanniksi tai tee video haastattelusta. Valmis ty\u00f6 j\u00e4tet\u00e4\u00e4n Fronterin palautuskansioon tai &hellip; <a href=\"https:\/\/www.verkkovaria.fi\/yhteiset\/englanti\/?page_id=518\">Continued<\/a><\/p>\n","protected":false},"author":1,"featured_media":0,"parent":0,"menu_order":0,"comment_status":"closed","ping_status":"closed","template":"","meta":{"footnotes":"","_links_to":"","_links_to_target":""},"class_list":["post-518","page","type-page","status-publish","hentry"],"_links":{"self":[{"href":"https:\/\/www.verkkovaria.fi\/yhteiset\/englanti\/index.php?rest_route=\/wp\/v2\/pages\/518","targetHints":{"allow":["GET"]}}],"collection":[{"href":"https:\/\/www.verkkovaria.fi\/yhteiset\/englanti\/index.php?rest_route=\/wp\/v2\/pages"}],"about":[{"href":"https:\/\/www.verkkovaria.fi\/yhteiset\/englanti\/index.php?rest_route=\/wp\/v2\/types\/page"}],"author":[{"embeddable":true,"href":"https:\/\/www.verkkovaria.fi\/yhteiset\/englanti\/index.php?rest_route=\/wp\/v2\/users\/1"}],"replies":[{"embeddable":true,"href":"https:\/\/www.verkkovaria.fi\/yhteiset\/englanti\/index.php?rest_route=%2Fwp%2Fv2%2Fcomments&post=518"}],"version-history":[{"count":4,"href":"https:\/\/www.verkkovaria.fi\/yhteiset\/englanti\/index.php?rest_route=\/wp\/v2\/pages\/518\/revisions"}],"predecessor-version":[{"id":619,"href":"https:\/\/www.verkkovaria.fi\/yhteiset\/englanti\/index.php?rest_route=\/wp\/v2\/pages\/518\/revisions\/619"}],"wp:attachment":[{"href":"https:\/\/www.verkkovaria.fi\/yhteiset\/englanti\/index.php?rest_route=%2Fwp%2Fv2%2Fmedia&parent=518"}],"curies":[{"name":"wp","href":"https:\/\/api.w.org\/{rel}","templated":true}]}}