{"id":521,"date":"2016-01-21T11:48:24","date_gmt":"2016-01-21T11:48:24","guid":{"rendered":"http:\/\/www.verkkovaria.fi\/yhteiset\/englanti\/?page_id=521"},"modified":"2016-07-05T10:47:02","modified_gmt":"2016-07-05T10:47:02","slug":"hotelli-ravintola-ja-catering-ala-3-menu","status":"publish","type":"page","link":"https:\/\/www.verkkovaria.fi\/yhteiset\/englanti\/?page_id=521","title":{"rendered":"Hotelli-, ravintola- ja catering-ala: 3. Menu"},"content":{"rendered":"<p>T\u00e4ss\u00e4 osiossa tutustutaan ty\u00f6paikan ruokalistaan tai tuotevalikoimaan ja opitaan ruokalistasanastoa englanniksi.<\/p>\n<p>3. a) Ota valokuva kahvilan ruokalistasta (kysy lupa!) ja k\u00e4\u00e4nn\u00e4 se englanniksi. Muista, ett\u00e4 englantilaisessa ruokalistassa kaikki sanat kirjoitetaan isolla alkukirjaimella, ainoastaan sidesanat (and, or, with) kirjoitetaan pienell\u00e4 alkukirjaimella. Palauta ty\u00f6 Fronterin palautuskansioon tai muulle sovitulle alustalle.<\/p>\n<p>b) Vertaile Facebookin \u201dWorking in a caf\u00e9\u201d -keskusteluryhm\u00e4n sivulla luokkatovereittesi kanssa ty\u00f6paikkojen ruokalistoja englanniksi. Kirjoita sivulle oma suosikkisi ty\u00f6paikkasi ruokalistalta ja toiset kertovat l\u00f6ytyyk\u00f6 samaa tuotetta heid\u00e4n ty\u00f6paikaltaan ja kertovat oman suosikkinsa. Voit my\u00f6s l\u00e4hett\u00e4\u00e4 kuvan suosikkituotteestasi.<\/p>\n","protected":false},"excerpt":{"rendered":"<p>T\u00e4ss\u00e4 osiossa tutustutaan ty\u00f6paikan ruokalistaan tai tuotevalikoimaan ja opitaan ruokalistasanastoa englanniksi. 3. a) Ota valokuva kahvilan ruokalistasta (kysy lupa!) ja k\u00e4\u00e4nn\u00e4 se englanniksi. Muista, ett\u00e4 englantilaisessa ruokalistassa kaikki sanat kirjoitetaan isolla alkukirjaimella, ainoastaan sidesanat (and, or, with) kirjoitetaan pienell\u00e4 alkukirjaimella. Palauta ty\u00f6 Fronterin palautuskansioon tai muulle sovitulle alustalle. b) Vertaile Facebookin \u201dWorking in a caf\u00e9\u201d &hellip; <a href=\"https:\/\/www.verkkovaria.fi\/yhteiset\/englanti\/?page_id=521\">Continued<\/a><\/p>\n","protected":false},"author":1,"featured_media":0,"parent":0,"menu_order":0,"comment_status":"closed","ping_status":"closed","template":"","meta":{"footnotes":"","_links_to":"","_links_to_target":""},"class_list":["post-521","page","type-page","status-publish","hentry"],"_links":{"self":[{"href":"https:\/\/www.verkkovaria.fi\/yhteiset\/englanti\/index.php?rest_route=\/wp\/v2\/pages\/521","targetHints":{"allow":["GET"]}}],"collection":[{"href":"https:\/\/www.verkkovaria.fi\/yhteiset\/englanti\/index.php?rest_route=\/wp\/v2\/pages"}],"about":[{"href":"https:\/\/www.verkkovaria.fi\/yhteiset\/englanti\/index.php?rest_route=\/wp\/v2\/types\/page"}],"author":[{"embeddable":true,"href":"https:\/\/www.verkkovaria.fi\/yhteiset\/englanti\/index.php?rest_route=\/wp\/v2\/users\/1"}],"replies":[{"embeddable":true,"href":"https:\/\/www.verkkovaria.fi\/yhteiset\/englanti\/index.php?rest_route=%2Fwp%2Fv2%2Fcomments&post=521"}],"version-history":[{"count":3,"href":"https:\/\/www.verkkovaria.fi\/yhteiset\/englanti\/index.php?rest_route=\/wp\/v2\/pages\/521\/revisions"}],"predecessor-version":[{"id":745,"href":"https:\/\/www.verkkovaria.fi\/yhteiset\/englanti\/index.php?rest_route=\/wp\/v2\/pages\/521\/revisions\/745"}],"wp:attachment":[{"href":"https:\/\/www.verkkovaria.fi\/yhteiset\/englanti\/index.php?rest_route=%2Fwp%2Fv2%2Fmedia&parent=521"}],"curies":[{"name":"wp","href":"https:\/\/api.w.org\/{rel}","templated":true}]}}