{"id":527,"date":"2016-01-21T11:49:16","date_gmt":"2016-01-21T11:49:16","guid":{"rendered":"http:\/\/www.verkkovaria.fi\/yhteiset\/englanti\/?page_id=527"},"modified":"2016-03-16T08:48:22","modified_gmt":"2016-03-16T08:48:22","slug":"hotelli-ravintola-ja-catering-ala-5-learning-diary","status":"publish","type":"page","link":"https:\/\/www.verkkovaria.fi\/yhteiset\/englanti\/?page_id=527","title":{"rendered":"Hotelli-, ravintola- ja catering-ala: 5. Learning diary"},"content":{"rendered":"<p>T\u00e4ss\u00e4 osiossa pidet\u00e4\u00e4n oppimisp\u00e4iv\u00e4kirjaa yhdelt\u00e4 ty\u00f6ss\u00e4oppimisjakson viikolta. Samalla opitaan kuvailemaan ty\u00f6ymp\u00e4rist\u00f6\u00e4 ja ty\u00f6teht\u00e4vi\u00e4.<\/p>\n<p>Valitse teht\u00e4v\u00e4 5. a) tai 5. b). Vastaa esimerkiksi kysymyksiin: What have you done during this week? What have you learned? Have you enjoyed your work? Palauta ty\u00f6 Fronterin palautuskansioon tai muulle sovitulle alustalle.<\/p>\n<p>5. a) Kirjoita englanniksi oppimisp\u00e4iv\u00e4kirja yhdelt\u00e4 ty\u00f6viikoltasi. Liit\u00e4 mukaan valokuvia tai piirustuksia.Esimerkkej\u00e4 p\u00e4iv\u00e4kirjasta l\u00f6yd\u00e4t linkeist\u00e4: <a href=\"http:\/\/www.verkkovaria.fi\/yhteiset\/englanti\/wp-content\/uploads\/2015\/10\/A-learning-diary.docx\" rel=\"\">A learning diary<\/a>\u00a0ja\u00a0<a href=\"http:\/\/www.verkkovaria.fi\/yhteiset\/englanti\/wp-content\/uploads\/2015\/10\/Diary-with-pictures.rtf\" rel=\"\">Diary with pictures<\/a>.\u00a0<\/p>\n<p>TAI<\/p>\n<p>b) Kerro videolla englanniksi ty\u00f6ss\u00e4oppimisviikostasi, ty\u00f6paikasta, ty\u00f6teht\u00e4vist\u00e4 ja jos mahdollista n\u00e4yt\u00e4 ja kuvaile valmistamiasi tuotteita videolla. Esimerkin videop\u00e4iv\u00e4kirjasta l\u00f6yd\u00e4t mm. YouTubesta, Stanley Thomson: My Work Experience Diary.<\/p>\n","protected":false},"excerpt":{"rendered":"<p>T\u00e4ss\u00e4 osiossa pidet\u00e4\u00e4n oppimisp\u00e4iv\u00e4kirjaa yhdelt\u00e4 ty\u00f6ss\u00e4oppimisjakson viikolta. Samalla opitaan kuvailemaan ty\u00f6ymp\u00e4rist\u00f6\u00e4 ja ty\u00f6teht\u00e4vi\u00e4. Valitse teht\u00e4v\u00e4 5. a) tai 5. b). Vastaa esimerkiksi kysymyksiin: What have you done during this week? What have you learned? Have you enjoyed your work? Palauta ty\u00f6 Fronterin palautuskansioon tai muulle sovitulle alustalle. 5. a) Kirjoita englanniksi oppimisp\u00e4iv\u00e4kirja yhdelt\u00e4 ty\u00f6viikoltasi. Liit\u00e4 &hellip; <a href=\"https:\/\/www.verkkovaria.fi\/yhteiset\/englanti\/?page_id=527\">Continued<\/a><\/p>\n","protected":false},"author":1,"featured_media":0,"parent":0,"menu_order":0,"comment_status":"closed","ping_status":"closed","template":"","meta":{"footnotes":"","_links_to":"","_links_to_target":""},"class_list":["post-527","page","type-page","status-publish","hentry"],"_links":{"self":[{"href":"https:\/\/www.verkkovaria.fi\/yhteiset\/englanti\/index.php?rest_route=\/wp\/v2\/pages\/527","targetHints":{"allow":["GET"]}}],"collection":[{"href":"https:\/\/www.verkkovaria.fi\/yhteiset\/englanti\/index.php?rest_route=\/wp\/v2\/pages"}],"about":[{"href":"https:\/\/www.verkkovaria.fi\/yhteiset\/englanti\/index.php?rest_route=\/wp\/v2\/types\/page"}],"author":[{"embeddable":true,"href":"https:\/\/www.verkkovaria.fi\/yhteiset\/englanti\/index.php?rest_route=\/wp\/v2\/users\/1"}],"replies":[{"embeddable":true,"href":"https:\/\/www.verkkovaria.fi\/yhteiset\/englanti\/index.php?rest_route=%2Fwp%2Fv2%2Fcomments&post=527"}],"version-history":[{"count":6,"href":"https:\/\/www.verkkovaria.fi\/yhteiset\/englanti\/index.php?rest_route=\/wp\/v2\/pages\/527\/revisions"}],"predecessor-version":[{"id":625,"href":"https:\/\/www.verkkovaria.fi\/yhteiset\/englanti\/index.php?rest_route=\/wp\/v2\/pages\/527\/revisions\/625"}],"wp:attachment":[{"href":"https:\/\/www.verkkovaria.fi\/yhteiset\/englanti\/index.php?rest_route=%2Fwp%2Fv2%2Fmedia&parent=527"}],"curies":[{"name":"wp","href":"https:\/\/api.w.org\/{rel}","templated":true}]}}