{"id":54,"date":"2015-09-17T11:29:24","date_gmt":"2015-09-17T11:29:24","guid":{"rendered":"http:\/\/www.verkkovaria.fi\/yhteiset\/englanti\/?page_id=54"},"modified":"2016-07-05T10:28:37","modified_gmt":"2016-07-05T10:28:37","slug":"curriculum-vitae","status":"publish","type":"page","link":"https:\/\/www.verkkovaria.fi\/yhteiset\/englanti\/?page_id=54","title":{"rendered":"1.3 Curriculum vitae"},"content":{"rendered":"<p><strong>Curriculum Vitae<\/strong><\/p>\n<p><strong>T\u00e4ss\u00e4 osiossa opit laatimaan ansioluettelon englanniksi. Kun haet ty\u00f6paikkaa, sinua todenn\u00e4k\u00f6isesti pyydet\u00e4\u00e4n l\u00e4hett\u00e4m\u00e4\u00e4n ansioluettelo (Curriculum Vitae (CV)\/R\u00e9sum\u00e9). CV on tiivistetty luettelo henkil\u00f6tiedoista, koulutuksesta, tutkinnoista, ty\u00f6kokemuksesta, kielitaidosta ja muista oleellisista tiedoista.<\/strong><\/p>\n<p><strong>Exercise:<\/strong> Valitse teht\u00e4v\u00e4 a tai b (tai tee molemmat)<\/p>\n<p>a) Kirjoita ansioluettelo omilla tiedoillasi oheisen CV-linkin mallin mukaan tai jollakin muulla pohjalla. Palauta ty\u00f6 Fronterin palautuskansioon tai muulle sovitulle alustalle.<\/p>\n<p><strong>Linkki<\/strong>:\u00a0<a href=\"http:\/\/www.verkkovaria.fi\/yhteiset\/englanti\/wp-content\/uploads\/2015\/10\/CURRICULUM-VITAE.docx\" target=\"_blank\">CURRICULUM VITAE<\/a><\/p>\n<p>b) Voit tehd\u00e4 ansioluettelon my\u00f6s verkossa Europassin omalla verkkoty\u00f6kalulla tai ladata itsellesi tyhj\u00e4n Europass-ansioluettelomallin, esimerkit ja ohjeet ja k\u00e4ytt\u00e4\u00e4 niit\u00e4 omalla tietokoneellasi. Ansioluettelossa on useita kielivaihtoehtoja. Palauta Fronterin palautuskansioon tai muulle sovitulle alustalle.<\/p>\n<p><strong>Linkki:<\/strong> <a style=\"color: #000080;\" href=\"https:\/\/europass.cedefop.europa.eu\/fi\/documents\/curriculum-vitae\" target=\"_blank\">Europassi CV<\/a>\u00a0<\/p>\n","protected":false},"excerpt":{"rendered":"<p>Curriculum Vitae T\u00e4ss\u00e4 osiossa opit laatimaan ansioluettelon englanniksi. Kun haet ty\u00f6paikkaa, sinua todenn\u00e4k\u00f6isesti pyydet\u00e4\u00e4n l\u00e4hett\u00e4m\u00e4\u00e4n ansioluettelo (Curriculum Vitae (CV)\/R\u00e9sum\u00e9). CV on tiivistetty luettelo henkil\u00f6tiedoista, koulutuksesta, tutkinnoista, ty\u00f6kokemuksesta, kielitaidosta ja muista oleellisista tiedoista. Exercise: Valitse teht\u00e4v\u00e4 a tai b (tai tee molemmat) a) Kirjoita ansioluettelo omilla tiedoillasi oheisen CV-linkin mallin mukaan tai jollakin muulla pohjalla. Palauta &hellip; <a href=\"https:\/\/www.verkkovaria.fi\/yhteiset\/englanti\/?page_id=54\">Continued<\/a><\/p>\n","protected":false},"author":1,"featured_media":283,"parent":0,"menu_order":0,"comment_status":"closed","ping_status":"closed","template":"","meta":{"footnotes":"","_links_to":"","_links_to_target":""},"class_list":["post-54","page","type-page","status-publish","has-post-thumbnail","hentry"],"_links":{"self":[{"href":"https:\/\/www.verkkovaria.fi\/yhteiset\/englanti\/index.php?rest_route=\/wp\/v2\/pages\/54","targetHints":{"allow":["GET"]}}],"collection":[{"href":"https:\/\/www.verkkovaria.fi\/yhteiset\/englanti\/index.php?rest_route=\/wp\/v2\/pages"}],"about":[{"href":"https:\/\/www.verkkovaria.fi\/yhteiset\/englanti\/index.php?rest_route=\/wp\/v2\/types\/page"}],"author":[{"embeddable":true,"href":"https:\/\/www.verkkovaria.fi\/yhteiset\/englanti\/index.php?rest_route=\/wp\/v2\/users\/1"}],"replies":[{"embeddable":true,"href":"https:\/\/www.verkkovaria.fi\/yhteiset\/englanti\/index.php?rest_route=%2Fwp%2Fv2%2Fcomments&post=54"}],"version-history":[{"count":22,"href":"https:\/\/www.verkkovaria.fi\/yhteiset\/englanti\/index.php?rest_route=\/wp\/v2\/pages\/54\/revisions"}],"predecessor-version":[{"id":733,"href":"https:\/\/www.verkkovaria.fi\/yhteiset\/englanti\/index.php?rest_route=\/wp\/v2\/pages\/54\/revisions\/733"}],"wp:featuredmedia":[{"embeddable":true,"href":"https:\/\/www.verkkovaria.fi\/yhteiset\/englanti\/index.php?rest_route=\/wp\/v2\/media\/283"}],"wp:attachment":[{"href":"https:\/\/www.verkkovaria.fi\/yhteiset\/englanti\/index.php?rest_route=%2Fwp%2Fv2%2Fmedia&parent=54"}],"curies":[{"name":"wp","href":"https:\/\/api.w.org\/{rel}","templated":true}]}}