{"id":587,"date":"2016-03-09T10:57:42","date_gmt":"2016-03-09T10:57:42","guid":{"rendered":"http:\/\/www.verkkovaria.fi\/yhteiset\/englanti\/?page_id=587"},"modified":"2017-04-05T07:45:32","modified_gmt":"2017-04-05T07:45:32","slug":"englantia-tyoelamaan-liikenteen-ala-auto-ja-logistiikka-alat","status":"publish","type":"page","link":"https:\/\/www.verkkovaria.fi\/yhteiset\/englanti\/?page_id=587","title":{"rendered":"Ammattienglantia, auto- ja logistiikka-ala"},"content":{"rendered":"<p>Tervetuloa tekem\u00e4\u00e4n auto- ja logistiikka-alan ammattienglannin harjoituksia.<\/p>\n<p>T\u00e4h\u00e4n verkkototeutukseen on koottu auto- ja logistiikka-alalle soveltuvia ammattialan sanastoa ja kielenk\u00e4ytt\u00f6\u00e4 harjoittavia teht\u00e4vi\u00e4. Tee teht\u00e4v\u00e4t siin\u00e4 aikataulussa kun opettajan kanssa on sovittu ja palauta ne sovitulla tavalla.<\/p>\n<p>\t\t\t\t<img decoding=\"async\" src=\"http:\/\/www.verkkovaria.fi\/yhteiset\/englanti\/wp-content\/uploads\/2016\/03\/P8231923.jpg\" alt=\"Kuva: Minna Tamminen\" itemprop=\"image\"  \/><br \/>\n\t\tKuva: Minna Tamminen<\/p>\n<p style=\"text-align: center;\"><a style=\"color: #ffffff;\" href=\"http:\/\/www.verkkovaria.fi\/yhteiset\/englanti\/?page_id=596\" target=\"_blank\">Teht\u00e4v\u00e4 1: Sanasto ja lauseenmuodostus<\/a><\/p>\n<p style=\"text-align: center;\"><a style=\"color: #ffffff;\" href=\"http:\/\/www.verkkovaria.fi\/yhteiset\/englanti\/?page_id=641\" target=\"_blank\">Teht\u00e4v\u00e4 2: Tekstinkirjoittaminen ja esitelm\u00e4<\/a><\/p>\n<p style=\"text-align: center;\"><a style=\"color: #ffffff;\" href=\"http:\/\/www.verkkovaria.fi\/yhteiset\/englanti\/?page_id=645\" target=\"_blank\">Teht\u00e4v\u00e4 3: S\u00e4hk\u00f6postin kirjoittaminen<\/a><\/p>\n<p style=\"text-align: center;\"><a style=\"color: #ffffff;\" href=\"http:\/\/www.verkkovaria.fi\/yhteiset\/englanti\/?page_id=649\" target=\"_blank\">Teht\u00e4v\u00e4 4: Ohjeiden antaminen<\/a><\/p>\n","protected":false},"excerpt":{"rendered":"<p>Tervetuloa tekem\u00e4\u00e4n auto- ja logistiikka-alan ammattienglannin harjoituksia. T\u00e4h\u00e4n verkkototeutukseen on koottu auto- ja logistiikka-alalle soveltuvia ammattialan sanastoa ja kielenk\u00e4ytt\u00f6\u00e4 harjoittavia teht\u00e4vi\u00e4. Tee teht\u00e4v\u00e4t siin\u00e4 aikataulussa kun opettajan kanssa on sovittu ja palauta ne sovitulla tavalla. Kuva: Minna Tamminen Teht\u00e4v\u00e4 1: Sanasto ja lauseenmuodostus Teht\u00e4v\u00e4 2: Tekstinkirjoittaminen ja esitelm\u00e4 Teht\u00e4v\u00e4 3: S\u00e4hk\u00f6postin kirjoittaminen Teht\u00e4v\u00e4 4: Ohjeiden &hellip; <a href=\"https:\/\/www.verkkovaria.fi\/yhteiset\/englanti\/?page_id=587\">Continued<\/a><\/p>\n","protected":false},"author":4,"featured_media":0,"parent":0,"menu_order":0,"comment_status":"closed","ping_status":"closed","template":"","meta":{"footnotes":"","_links_to":"","_links_to_target":""},"class_list":["post-587","page","type-page","status-publish","hentry"],"_links":{"self":[{"href":"https:\/\/www.verkkovaria.fi\/yhteiset\/englanti\/index.php?rest_route=\/wp\/v2\/pages\/587","targetHints":{"allow":["GET"]}}],"collection":[{"href":"https:\/\/www.verkkovaria.fi\/yhteiset\/englanti\/index.php?rest_route=\/wp\/v2\/pages"}],"about":[{"href":"https:\/\/www.verkkovaria.fi\/yhteiset\/englanti\/index.php?rest_route=\/wp\/v2\/types\/page"}],"author":[{"embeddable":true,"href":"https:\/\/www.verkkovaria.fi\/yhteiset\/englanti\/index.php?rest_route=\/wp\/v2\/users\/4"}],"replies":[{"embeddable":true,"href":"https:\/\/www.verkkovaria.fi\/yhteiset\/englanti\/index.php?rest_route=%2Fwp%2Fv2%2Fcomments&post=587"}],"version-history":[{"count":14,"href":"https:\/\/www.verkkovaria.fi\/yhteiset\/englanti\/index.php?rest_route=\/wp\/v2\/pages\/587\/revisions"}],"predecessor-version":[{"id":751,"href":"https:\/\/www.verkkovaria.fi\/yhteiset\/englanti\/index.php?rest_route=\/wp\/v2\/pages\/587\/revisions\/751"}],"wp:attachment":[{"href":"https:\/\/www.verkkovaria.fi\/yhteiset\/englanti\/index.php?rest_route=%2Fwp%2Fv2%2Fmedia&parent=587"}],"curies":[{"name":"wp","href":"https:\/\/api.w.org\/{rel}","templated":true}]}}