{"id":641,"date":"2016-03-23T11:02:43","date_gmt":"2016-03-23T11:02:43","guid":{"rendered":"http:\/\/www.verkkovaria.fi\/yhteiset\/englanti\/?page_id=641"},"modified":"2016-03-30T11:54:23","modified_gmt":"2016-03-30T11:54:23","slug":"tehtava-2-tekstin-kirjoittaminen-ja-esitelma","status":"publish","type":"page","link":"https:\/\/www.verkkovaria.fi\/yhteiset\/englanti\/?page_id=641","title":{"rendered":"Teht\u00e4v\u00e4 2: Tekstin kirjoittaminen ja esitelm\u00e4"},"content":{"rendered":"<p>Teht\u00e4v\u00e4ss\u00e4 on oma vaihtoehtonsa sek\u00e4 auto- ett\u00e4 logistiikka-alalle.<\/p>\n<p>Tavoitteena on harjoitella sek\u00e4 yleiskielen ett\u00e4 oman erikoisalan kielen sanastoa sek\u00e4 kielen k\u00e4ytt\u00e4mist\u00e4.<\/p>\n<p>Tee teht\u00e4v\u00e4 huolellisesti. Teht\u00e4v\u00e4ss\u00e4 arvioidaan kirjallista ja suullista kielitaitoa, k\u00e4ytt\u00e4m\u00e4\u00e4si yleiskielt\u00e4 ja oman alasi erityissanaston k\u00e4ytt\u00f6\u00e4.\u00a0<\/p>\n<p>\t\t\t\t<img decoding=\"async\" src=\"http:\/\/www.verkkovaria.fi\/yhteiset\/englanti\/wp-content\/uploads\/2016\/03\/P8251930.jpg\" alt=\"Kuva: Minna Tamminen\" itemprop=\"image\"  \/><br \/>\n\t\tKuva: Minna Tamminen<\/p>\n<p><strong>Teht\u00e4v\u00e4:\u00a0<\/strong>Tee kuvitteellisen ty\u00f6paikan viikkopalaveriin PowerPoint-esitys (a) ja suullinen esitys (b) asiakkaan autossa tai muussa valitussa kohteessa olevasta viasta.\u00a0<\/p>\n<ul>\n<li>Ota valokuva jostain teknisest\u00e4 laitteesta, jossa on jotain vikaa. Huomaa, ett\u00e4 valokuva on tarkoitettu havainnollistamaan vikaa, eli siin\u00e4 t\u00e4ytyy olla mahdollisimman PALJON YKSITYISKOHTIA, joista voit kertoa. Esim. t<u>ilanne, jossa vikana on tyhjentynyt akku ei siis riit\u00e4, vaan kerrottavaa t\u00e4ytyy olla enemm\u00e4n.<\/u><\/li>\n<li><u>Esimerkki: <\/u>Voit kertoa esim. viallisesta moottorista tai jostain auton osasta, jossa on vikaa. Yht\u00e4 hyvin kuvassa voi n\u00e4ky\u00e4 kolarissa kolhiintunut ajoneuvo.<\/li>\n<\/ul>\n<p><strong>Autoala:\u00a0<\/strong>Ty\u00f6paikan palaverissa keskustellaan tulevalle viikolle aikataulutettavista t\u00f6ist\u00e4. Teht\u00e4v\u00e4si on esitell\u00e4 asiakkaan autossa oleva vika ja ehdottaa miten se pit\u00e4isi korjata (mit\u00e4 osia pit\u00e4isi hankkia, mitk\u00e4 ovat korjauskustannukset jne.).\u00a0<\/p>\n<p><strong>Logistiikka-ala: <\/strong>Ty\u00f6paikan palaverissa keskustellaan laitteessa tai kohteessa olevasta viasta.\u00a0Kuvaile vikaa jossain valitussa laitteessa tai kohteessa, vaikkapa virheellist\u00e4 kuorman lastausta tai sitomista. My\u00f6s rekkoihin ja linja-autoihin liittyv\u00e4t viat sopivat.\u00a0<\/p>\n<p><strong>a) Kirjallinen esitys, PowerPoint:<\/strong><\/p>\n<p>Keksi ty\u00f6llesi p\u00e4\u00e4otsikko, joka kuvaa teht\u00e4v\u00e4\u00e4 ty\u00f6t\u00e4.\u00a0Kirjoita ty\u00f6h\u00f6n seuraavat kolme alaotsikkoa, joiden alle kirjoitat tekstin:<\/p>\n<ul>\n<li><strong>What is this?<\/strong><br \/>T\u00e4m\u00e4n otsikon alla kerro mahdollisimman paljon yksityiskohtia kuvasta; esim. mit\u00e4 osia kuvassa n\u00e4kyy. T\u00e4ll\u00e4 tavoin p\u00e4\u00e4set osoittamaan opettajalle omaa kyky\u00e4si k\u00e4ytt\u00e4\u00e4 englannin kielt\u00e4 (yleiskielt\u00e4 ja oman alan sanastoasi).<\/li>\n<li><strong>What is the problem?<\/strong><br \/>T\u00e4m\u00e4n otsikon alla kerro mik\u00e4 valitsemassasi kohteessa on vikana. Kerro mahdollisimman paljon yksityiskohtia.<\/li>\n<li><strong>How do we plan to fix the problem?<\/strong><br \/>T\u00e4m\u00e4n otsikon alla kerro mit\u00e4 vialle\/asialle pit\u00e4isi tehd\u00e4, jotta sen saisi korjattua. Jos haluat antaa vialle kustannusarviota, voit kirjoittaa my\u00f6s sen t\u00e4m\u00e4n otsikon alle.<\/li>\n<\/ul>\n<p>\u00a0<\/p>\n<p>Kirjallisen ty\u00f6n t\u00e4ytyy olla riitt\u00e4v\u00e4n kattava: teksti\u00e4 pit\u00e4\u00e4 olla ainakin 4-5 PowerPoint \u2013dian verran (t\u00e4ysin\u00e4isi\u00e4 sivuja).<\/p>\n<p>Teksti kannattaa kirjoittaa word-tekstink\u00e4sittelyohjelmaa k\u00e4ytt\u00e4en, sill\u00e4 ohjelmassa on mahdollisuus tarkistaa kielen oikeinkirjoitus ja kielioppivirheet. K\u00e4yt\u00e4 avuksi my\u00f6s sanakirjaa. Siirr\u00e4 tekstisi PowerPointiin vasta kun olet kirjoittanut tekstin valmiiksi ja tarkistanut sen mahdollisimman hyvin. Kun ty\u00f6 on valmis, voit palauttaa sen opettajan ohjeistamalla tavalla.<\/p>\n<p><strong>b) Suullinen esitys<\/strong><\/p>\n<p>Valmistele suullinen esitys niin, ett\u00e4 et lue sit\u00e4 suoraan PowerPointilta, vaan yrit\u00e4 kertoa asia hieman toisin. Videokuvaa suullinen esityksesi ja palauta video opettajan kanssa sovitulla tavalla.<\/p>\n<p>Mukaan liitett\u00e4v\u00e4n videon pituus tulee olla noin 3-5 minuuttia.<\/p>\n<p><strong>Apuv\u00e4lineet:<\/strong><\/p>\n<ul>\n<li>K\u00e4nnykk\u00e4kameran videotoiminto<\/li>\n<li>sanakirja (esim. netist\u00e4 l\u00f6ytyv\u00e4 ilmainen sanakirja: sanakirja.org, voit k\u00e4ytt\u00e4\u00e4 my\u00f6s muita)<\/li>\n<li>word-tekstink\u00e4sittelyohjelma, jonka avulla opiskelija voi tarkistaa itse kirjoittamansa tekstin kieliasun ja oikeinkirjoituksen alustavasti itse ja harjoitella samalla kyseisten ty\u00f6kalujen k\u00e4ytt\u00f6\u00e4 ty\u00f6el\u00e4m\u00e4n kielenk\u00e4ytt\u00f6tilanteita varten.<\/li>\n<li>Power Point \u2013ohjelma, johon kirjoitat tekstin \u2019puhtaaksi\u2019 ja johon liit\u00e4t ottamasi kuvan (esim. k\u00e4nnyk\u00e4n videotoiminto, jolla videokuvaat esityksesi ennen kuin l\u00e4het\u00e4t sen arvioitavaksi opettajalle.<\/li>\n<\/ul>\n","protected":false},"excerpt":{"rendered":"<p>Teht\u00e4v\u00e4ss\u00e4 on oma vaihtoehtonsa sek\u00e4 auto- ett\u00e4 logistiikka-alalle. Tavoitteena on harjoitella sek\u00e4 yleiskielen ett\u00e4 oman erikoisalan kielen sanastoa sek\u00e4 kielen k\u00e4ytt\u00e4mist\u00e4. Tee teht\u00e4v\u00e4 huolellisesti. Teht\u00e4v\u00e4ss\u00e4 arvioidaan kirjallista ja suullista kielitaitoa, k\u00e4ytt\u00e4m\u00e4\u00e4si yleiskielt\u00e4 ja oman alasi erityissanaston k\u00e4ytt\u00f6\u00e4.\u00a0 Kuva: Minna Tamminen Teht\u00e4v\u00e4:\u00a0Tee kuvitteellisen ty\u00f6paikan viikkopalaveriin PowerPoint-esitys (a) ja suullinen esitys (b) asiakkaan autossa tai muussa valitussa &hellip; <a href=\"https:\/\/www.verkkovaria.fi\/yhteiset\/englanti\/?page_id=641\">Continued<\/a><\/p>\n","protected":false},"author":4,"featured_media":0,"parent":0,"menu_order":0,"comment_status":"closed","ping_status":"closed","template":"","meta":{"footnotes":"","_links_to":"","_links_to_target":""},"class_list":["post-641","page","type-page","status-publish","hentry"],"_links":{"self":[{"href":"https:\/\/www.verkkovaria.fi\/yhteiset\/englanti\/index.php?rest_route=\/wp\/v2\/pages\/641","targetHints":{"allow":["GET"]}}],"collection":[{"href":"https:\/\/www.verkkovaria.fi\/yhteiset\/englanti\/index.php?rest_route=\/wp\/v2\/pages"}],"about":[{"href":"https:\/\/www.verkkovaria.fi\/yhteiset\/englanti\/index.php?rest_route=\/wp\/v2\/types\/page"}],"author":[{"embeddable":true,"href":"https:\/\/www.verkkovaria.fi\/yhteiset\/englanti\/index.php?rest_route=\/wp\/v2\/users\/4"}],"replies":[{"embeddable":true,"href":"https:\/\/www.verkkovaria.fi\/yhteiset\/englanti\/index.php?rest_route=%2Fwp%2Fv2%2Fcomments&post=641"}],"version-history":[{"count":9,"href":"https:\/\/www.verkkovaria.fi\/yhteiset\/englanti\/index.php?rest_route=\/wp\/v2\/pages\/641\/revisions"}],"predecessor-version":[{"id":690,"href":"https:\/\/www.verkkovaria.fi\/yhteiset\/englanti\/index.php?rest_route=\/wp\/v2\/pages\/641\/revisions\/690"}],"wp:attachment":[{"href":"https:\/\/www.verkkovaria.fi\/yhteiset\/englanti\/index.php?rest_route=%2Fwp%2Fv2%2Fmedia&parent=641"}],"curies":[{"name":"wp","href":"https:\/\/api.w.org\/{rel}","templated":true}]}}