{"id":645,"date":"2016-03-23T11:10:23","date_gmt":"2016-03-23T11:10:23","guid":{"rendered":"http:\/\/www.verkkovaria.fi\/yhteiset\/englanti\/?page_id=645"},"modified":"2016-04-07T09:23:03","modified_gmt":"2016-04-07T09:23:03","slug":"tehtava-3-sahkopostin-kirjoittaminen-ja-tiedonhaku","status":"publish","type":"page","link":"https:\/\/www.verkkovaria.fi\/yhteiset\/englanti\/?page_id=645","title":{"rendered":"Teht\u00e4v\u00e4 3: S\u00e4hk\u00f6postin kirjoittaminen ja tiedonhaku"},"content":{"rendered":"<p>Tavoitteena on harjoitella k\u00e4ytt\u00e4m\u00e4\u00e4n englannin kielt\u00e4 todellisen el\u00e4m\u00e4n kaltaisessa tilanteessa, ajoneuvon vuokraamisessa.<\/p>\n<p><strong>Teht\u00e4v\u00e4:<\/strong><\/p>\n<p>a)\u00a0Etsi Internetist\u00e4 nelj\u00e4 (4) paikkaa, joista voi vuokrata Harley Davidsonin Miamissa, Floridassa. Valitse Touring-py\u00f6r\u00e4, esim. Street Glide tai vastaava. Tee paikoista lista word-tiedostoon niin, ett\u00e4 jokaisen paikan nimen alle kirjaat seuraavat tiedot mahdollisimman tarkasti sen mukaan mit\u00e4 tietoja kustakin paikasta annetaan.<\/p>\n<ul>\n<li>Yrityksen yhteystiedot (osoite ja puhelinnumero)<\/li>\n<li>Hinta kolmeksi p\u00e4iv\u00e4ksi?<\/li>\n<li>Sis\u00e4ltyv\u00e4tk\u00f6 verot hintaan vai lasketaanko ne annetun hinnan p\u00e4\u00e4lle?<\/li>\n<li>Mik\u00e4 on veroprosentti?<\/li>\n<li>Kuuluuko hintaan vakuutus?<\/li>\n<li>Kuuluuko hintaan kyp\u00e4r\u00e4t kahdelle?<\/li>\n<li>Onko hotellista kuljetus vuokraamolle?<\/li>\n<li>Voiko matkalaukkuja s\u00e4ilytt\u00e4\u00e4 vuokraamolla moottoripy\u00f6r\u00e4matkan ajan?\n<\/li>\n<\/ul>\n<p>b)\u00a0Kirjoita kohtelias s\u00e4hk\u00f6postiviesti, jonka l\u00e4hett\u00e4isit yritykseen ja tiedustele englanniksi yll\u00e4 listattuja asioita. Otsikoi viestisi INQUIRY (eli tiedustelu). Voit k\u00e4ytt\u00e4\u00e4 viestin kirjoitukseen word-tiedostoa. Palauta kirjoittamasi viesti\u00a0opettajan ilmoittamalla tavalla.<\/p>\n","protected":false},"excerpt":{"rendered":"<p>Tavoitteena on harjoitella k\u00e4ytt\u00e4m\u00e4\u00e4n englannin kielt\u00e4 todellisen el\u00e4m\u00e4n kaltaisessa tilanteessa, ajoneuvon vuokraamisessa. Teht\u00e4v\u00e4: a)\u00a0Etsi Internetist\u00e4 nelj\u00e4 (4) paikkaa, joista voi vuokrata Harley Davidsonin Miamissa, Floridassa. Valitse Touring-py\u00f6r\u00e4, esim. Street Glide tai vastaava. Tee paikoista lista word-tiedostoon niin, ett\u00e4 jokaisen paikan nimen alle kirjaat seuraavat tiedot mahdollisimman tarkasti sen mukaan mit\u00e4 tietoja kustakin paikasta annetaan. Yrityksen &hellip; <a href=\"https:\/\/www.verkkovaria.fi\/yhteiset\/englanti\/?page_id=645\">Continued<\/a><\/p>\n","protected":false},"author":4,"featured_media":0,"parent":0,"menu_order":0,"comment_status":"closed","ping_status":"closed","template":"","meta":{"footnotes":"","_links_to":"","_links_to_target":""},"class_list":["post-645","page","type-page","status-publish","hentry"],"_links":{"self":[{"href":"https:\/\/www.verkkovaria.fi\/yhteiset\/englanti\/index.php?rest_route=\/wp\/v2\/pages\/645","targetHints":{"allow":["GET"]}}],"collection":[{"href":"https:\/\/www.verkkovaria.fi\/yhteiset\/englanti\/index.php?rest_route=\/wp\/v2\/pages"}],"about":[{"href":"https:\/\/www.verkkovaria.fi\/yhteiset\/englanti\/index.php?rest_route=\/wp\/v2\/types\/page"}],"author":[{"embeddable":true,"href":"https:\/\/www.verkkovaria.fi\/yhteiset\/englanti\/index.php?rest_route=\/wp\/v2\/users\/4"}],"replies":[{"embeddable":true,"href":"https:\/\/www.verkkovaria.fi\/yhteiset\/englanti\/index.php?rest_route=%2Fwp%2Fv2%2Fcomments&post=645"}],"version-history":[{"count":4,"href":"https:\/\/www.verkkovaria.fi\/yhteiset\/englanti\/index.php?rest_route=\/wp\/v2\/pages\/645\/revisions"}],"predecessor-version":[{"id":705,"href":"https:\/\/www.verkkovaria.fi\/yhteiset\/englanti\/index.php?rest_route=\/wp\/v2\/pages\/645\/revisions\/705"}],"wp:attachment":[{"href":"https:\/\/www.verkkovaria.fi\/yhteiset\/englanti\/index.php?rest_route=%2Fwp%2Fv2%2Fmedia&parent=645"}],"curies":[{"name":"wp","href":"https:\/\/api.w.org\/{rel}","templated":true}]}}