{"id":649,"date":"2016-03-23T11:16:59","date_gmt":"2016-03-23T11:16:59","guid":{"rendered":"http:\/\/www.verkkovaria.fi\/yhteiset\/englanti\/?page_id=649"},"modified":"2016-03-30T11:57:32","modified_gmt":"2016-03-30T11:57:32","slug":"tehtava-4-ohjeiden-antaminen","status":"publish","type":"page","link":"https:\/\/www.verkkovaria.fi\/yhteiset\/englanti\/?page_id=649","title":{"rendered":"Teht\u00e4v\u00e4 4: Ohjeiden antaminen"},"content":{"rendered":"<p><strong>Kuormansidontaohjeiden antaminen harjoittelijalle<\/strong><\/p>\n<p>Olet t\u00f6iss\u00e4 logistiikka-alan yrityksess\u00e4 ja teht\u00e4v\u00e4n\u00e4si on <u>antaa harjoittelijalle ohjeet sitoa turvallisesti ja oikeaoppisesti kuorma suuria paperitehtaalta kuljetettavia painopaperirullia<\/u>. Kirjoita ohjeet Word-asiakirjaan ja palauta teht\u00e4v\u00e4 sovitulle oppimisalustalle. Kirjoita kokonaisia lauseita ja k\u00e4yt\u00e4 asianmukaista alan sanastoa. Sanastoapua l\u00f6yd\u00e4t sanakirjoista, esim. <a href=\"http:\/\/www.sanakirja.org\/\" target=\"_blank\">sanakirja.org<\/a>.\u00a0<\/p>\n<p>Voit etsi\u00e4 tietoa kuormansidonnasta mm.\u00a0hakusanoilla blocking\/bracking\/lashing esim. <a href=\"http:\/\/www.oceanems.com\/images\/A_Guide_to_Blocking_and_Bracing.pdf\" target=\"_blank\">Maersk Linen sivuilta<\/a>.<\/p>\n<p>Sis\u00e4llyt\u00e4 antamiisi kuormansidontaohjeisiin ainakin seuraavat asiat; mieti tarpeen mukaan<\/p>\n<ul>\n<li>sidonta vai tuenta vai molemmat<\/li>\n<li>Miten sijoittelet paperirullat, painot vaihtelevat<\/li>\n<li>Miten sijoitat liinat\/sidokset\/ketjut<\/li>\n<li>Mihin sijoitetaan kulmasuojat<\/li>\n<li>Onko muita mahdollisia sidontatapoja<\/li>\n<li>Miten paljon sidonnan tulee kest\u00e4\u00e4: a) eteenp\u00e4in, b) sivuille, ent\u00e4 c) taakse<\/li>\n<li>Mit\u00e4 tarkoittaa kitka ja miten se vaikuttaa kuorman sitomiseen?<\/li>\n<\/ul>\n","protected":false},"excerpt":{"rendered":"<p>Kuormansidontaohjeiden antaminen harjoittelijalle Olet t\u00f6iss\u00e4 logistiikka-alan yrityksess\u00e4 ja teht\u00e4v\u00e4n\u00e4si on antaa harjoittelijalle ohjeet sitoa turvallisesti ja oikeaoppisesti kuorma suuria paperitehtaalta kuljetettavia painopaperirullia. Kirjoita ohjeet Word-asiakirjaan ja palauta teht\u00e4v\u00e4 sovitulle oppimisalustalle. Kirjoita kokonaisia lauseita ja k\u00e4yt\u00e4 asianmukaista alan sanastoa. Sanastoapua l\u00f6yd\u00e4t sanakirjoista, esim. sanakirja.org.\u00a0 Voit etsi\u00e4 tietoa kuormansidonnasta mm.\u00a0hakusanoilla blocking\/bracking\/lashing esim. Maersk Linen sivuilta. Sis\u00e4llyt\u00e4 antamiisi &hellip; <a href=\"https:\/\/www.verkkovaria.fi\/yhteiset\/englanti\/?page_id=649\">Continued<\/a><\/p>\n","protected":false},"author":4,"featured_media":0,"parent":0,"menu_order":0,"comment_status":"closed","ping_status":"closed","template":"","meta":{"footnotes":"","_links_to":"","_links_to_target":""},"class_list":["post-649","page","type-page","status-publish","hentry"],"_links":{"self":[{"href":"https:\/\/www.verkkovaria.fi\/yhteiset\/englanti\/index.php?rest_route=\/wp\/v2\/pages\/649","targetHints":{"allow":["GET"]}}],"collection":[{"href":"https:\/\/www.verkkovaria.fi\/yhteiset\/englanti\/index.php?rest_route=\/wp\/v2\/pages"}],"about":[{"href":"https:\/\/www.verkkovaria.fi\/yhteiset\/englanti\/index.php?rest_route=\/wp\/v2\/types\/page"}],"author":[{"embeddable":true,"href":"https:\/\/www.verkkovaria.fi\/yhteiset\/englanti\/index.php?rest_route=\/wp\/v2\/users\/4"}],"replies":[{"embeddable":true,"href":"https:\/\/www.verkkovaria.fi\/yhteiset\/englanti\/index.php?rest_route=%2Fwp%2Fv2%2Fcomments&post=649"}],"version-history":[{"count":4,"href":"https:\/\/www.verkkovaria.fi\/yhteiset\/englanti\/index.php?rest_route=\/wp\/v2\/pages\/649\/revisions"}],"predecessor-version":[{"id":692,"href":"https:\/\/www.verkkovaria.fi\/yhteiset\/englanti\/index.php?rest_route=\/wp\/v2\/pages\/649\/revisions\/692"}],"wp:attachment":[{"href":"https:\/\/www.verkkovaria.fi\/yhteiset\/englanti\/index.php?rest_route=%2Fwp%2Fv2%2Fmedia&parent=649"}],"curies":[{"name":"wp","href":"https:\/\/api.w.org\/{rel}","templated":true}]}}