{"id":77,"date":"2015-09-20T17:50:55","date_gmt":"2015-09-20T17:50:55","guid":{"rendered":"http:\/\/www.verkkovaria.fi\/yhteiset\/englanti\/?page_id=77"},"modified":"2016-07-05T10:39:23","modified_gmt":"2016-07-05T10:39:23","slug":"tools-of-my-trade","status":"publish","type":"page","link":"https:\/\/www.verkkovaria.fi\/yhteiset\/englanti\/?page_id=77","title":{"rendered":"2.1 Tools of my trade"},"content":{"rendered":"<p><strong>Tools of my trade and how they are used<\/strong><\/p>\n<p><strong>T\u00e4ss\u00e4 osiossa ker\u00e4t\u00e4\u00e4n ty\u00f6paikalla tarvittavien ty\u00f6kalujen nimityksi\u00e4 englanniksi. Lis\u00e4ksi kirjoitetaan niiden k\u00e4ytt\u00f6tarkoituksesta.<\/strong><\/p>\n<p>Exercises:<\/p>\n<p>a) Kirjoitetaan englanniksi kuvaus ty\u00f6paikalla k\u00e4ytett\u00e4vist\u00e4 ty\u00f6kaluista. Mukaan voi liitt\u00e4\u00e4 kuvia. Palauta ty\u00f6 Fronterin palautuskansioon tai muulle sovitulle alustalle. Esimerkkisivun l\u00f6yd\u00e4t linkin takaa. Linkki:\u00a0<a href=\"http:\/\/www.verkkovaria.fi\/yhteiset\/englanti\/wp-content\/uploads\/2015\/10\/Tools-of-my-trade.docx\">Tools of my trade<\/a><\/p>\n<p>b) Opiskelijat kirjoittavat Fronterin keskustelupalstalle englanniksi kuvauksen jonkun ty\u00f6kalun k\u00e4ytt\u00f6tarkoituksesta ja toiset kirjoittavat oman arvauksensa ty\u00f6kalusta. Esim. \u201dThey are used for cutting paper, cardboard or fabric.\u201d \u2013 \u201dI know! It\u2019s scissors.\u201d<\/p>\n","protected":false},"excerpt":{"rendered":"<p>Tools of my trade and how they are used T\u00e4ss\u00e4 osiossa ker\u00e4t\u00e4\u00e4n ty\u00f6paikalla tarvittavien ty\u00f6kalujen nimityksi\u00e4 englanniksi. Lis\u00e4ksi kirjoitetaan niiden k\u00e4ytt\u00f6tarkoituksesta. Exercises: a) Kirjoitetaan englanniksi kuvaus ty\u00f6paikalla k\u00e4ytett\u00e4vist\u00e4 ty\u00f6kaluista. Mukaan voi liitt\u00e4\u00e4 kuvia. Palauta ty\u00f6 Fronterin palautuskansioon tai muulle sovitulle alustalle. Esimerkkisivun l\u00f6yd\u00e4t linkin takaa. Linkki:\u00a0Tools of my trade b) Opiskelijat kirjoittavat Fronterin keskustelupalstalle englanniksi &hellip; <a href=\"https:\/\/www.verkkovaria.fi\/yhteiset\/englanti\/?page_id=77\">Continued<\/a><\/p>\n","protected":false},"author":1,"featured_media":279,"parent":0,"menu_order":0,"comment_status":"closed","ping_status":"closed","template":"","meta":{"footnotes":"","_links_to":"","_links_to_target":""},"class_list":["post-77","page","type-page","status-publish","has-post-thumbnail","hentry"],"_links":{"self":[{"href":"https:\/\/www.verkkovaria.fi\/yhteiset\/englanti\/index.php?rest_route=\/wp\/v2\/pages\/77","targetHints":{"allow":["GET"]}}],"collection":[{"href":"https:\/\/www.verkkovaria.fi\/yhteiset\/englanti\/index.php?rest_route=\/wp\/v2\/pages"}],"about":[{"href":"https:\/\/www.verkkovaria.fi\/yhteiset\/englanti\/index.php?rest_route=\/wp\/v2\/types\/page"}],"author":[{"embeddable":true,"href":"https:\/\/www.verkkovaria.fi\/yhteiset\/englanti\/index.php?rest_route=\/wp\/v2\/users\/1"}],"replies":[{"embeddable":true,"href":"https:\/\/www.verkkovaria.fi\/yhteiset\/englanti\/index.php?rest_route=%2Fwp%2Fv2%2Fcomments&post=77"}],"version-history":[{"count":23,"href":"https:\/\/www.verkkovaria.fi\/yhteiset\/englanti\/index.php?rest_route=\/wp\/v2\/pages\/77\/revisions"}],"predecessor-version":[{"id":738,"href":"https:\/\/www.verkkovaria.fi\/yhteiset\/englanti\/index.php?rest_route=\/wp\/v2\/pages\/77\/revisions\/738"}],"wp:featuredmedia":[{"embeddable":true,"href":"https:\/\/www.verkkovaria.fi\/yhteiset\/englanti\/index.php?rest_route=\/wp\/v2\/media\/279"}],"wp:attachment":[{"href":"https:\/\/www.verkkovaria.fi\/yhteiset\/englanti\/index.php?rest_route=%2Fwp%2Fv2%2Fmedia&parent=77"}],"curies":[{"name":"wp","href":"https:\/\/api.w.org\/{rel}","templated":true}]}}