{"id":80,"date":"2015-09-20T17:59:21","date_gmt":"2015-09-20T17:59:21","guid":{"rendered":"http:\/\/www.verkkovaria.fi\/yhteiset\/englanti\/?page_id=80"},"modified":"2016-07-05T10:42:14","modified_gmt":"2016-07-05T10:42:14","slug":"a-learning-diary","status":"publish","type":"page","link":"https:\/\/www.verkkovaria.fi\/yhteiset\/englanti\/?page_id=80","title":{"rendered":"2.2 Learning diary"},"content":{"rendered":"<p><strong>A learning diary<\/strong><\/p>\n<p><strong>T\u00e4ss\u00e4 osiossa tehd\u00e4\u00e4n raportti tai pidet\u00e4\u00e4n oppimisp\u00e4iv\u00e4kirjaa ty\u00f6ss\u00e4oppimisjakson ensimm\u00e4iselt\u00e4 viikolta. Samalla opitaan kuvailemaan ty\u00f6ymp\u00e4rist\u00f6\u00e4 ja ty\u00f6teht\u00e4vi\u00e4.\u00a0<\/strong><\/p>\n<p><strong>Exercise: Valitse teht\u00e4v\u00e4 a tai b<\/strong><\/p>\n<p>a)\u00a0Kirjoita englanniksi oppimisp\u00e4iv\u00e4kirja tai raportti ensimm\u00e4iselt\u00e4 ty\u00f6viikoltasi. Esimerkin p\u00e4iv\u00e4kirjasta l\u00f6yd\u00e4t seuraavasta linkist\u00e4:\u00a0<a href=\"http:\/\/www.verkkovaria.fi\/yhteiset\/englanti\/wp-content\/uploads\/2015\/10\/A-learning-diary.docx\">A learning diary<\/a><\/p>\n<p>b)\u00a0Tee kuvallinen p\u00e4iv\u00e4kirja englanniksi ensimm\u00e4iselt\u00e4 ty\u00f6ss\u00e4oppimisviikoltasi. Liit\u00e4 mukaan valokuvia tai piirroksia. Esimerkkisivu l\u00f6ytyy seuraavasta linkist\u00e4:\u00a0<a href=\"http:\/\/www.verkkovaria.fi\/yhteiset\/englanti\/wp-content\/uploads\/2015\/10\/Diary-with-pictures.rtf\">A learning\u00a0diary with pictures<\/a><\/p>\n","protected":false},"excerpt":{"rendered":"<p>A learning diary T\u00e4ss\u00e4 osiossa tehd\u00e4\u00e4n raportti tai pidet\u00e4\u00e4n oppimisp\u00e4iv\u00e4kirjaa ty\u00f6ss\u00e4oppimisjakson ensimm\u00e4iselt\u00e4 viikolta. Samalla opitaan kuvailemaan ty\u00f6ymp\u00e4rist\u00f6\u00e4 ja ty\u00f6teht\u00e4vi\u00e4.\u00a0 Exercise: Valitse teht\u00e4v\u00e4 a tai b a)\u00a0Kirjoita englanniksi oppimisp\u00e4iv\u00e4kirja tai raportti ensimm\u00e4iselt\u00e4 ty\u00f6viikoltasi. Esimerkin p\u00e4iv\u00e4kirjasta l\u00f6yd\u00e4t seuraavasta linkist\u00e4:\u00a0A learning diary b)\u00a0Tee kuvallinen p\u00e4iv\u00e4kirja englanniksi ensimm\u00e4iselt\u00e4 ty\u00f6ss\u00e4oppimisviikoltasi. Liit\u00e4 mukaan valokuvia tai piirroksia. Esimerkkisivu l\u00f6ytyy seuraavasta linkist\u00e4:\u00a0A learning\u00a0diary &hellip; <a href=\"https:\/\/www.verkkovaria.fi\/yhteiset\/englanti\/?page_id=80\">Continued<\/a><\/p>\n","protected":false},"author":1,"featured_media":284,"parent":0,"menu_order":0,"comment_status":"closed","ping_status":"closed","template":"","meta":{"footnotes":"","_links_to":"","_links_to_target":""},"class_list":["post-80","page","type-page","status-publish","has-post-thumbnail","hentry"],"_links":{"self":[{"href":"https:\/\/www.verkkovaria.fi\/yhteiset\/englanti\/index.php?rest_route=\/wp\/v2\/pages\/80","targetHints":{"allow":["GET"]}}],"collection":[{"href":"https:\/\/www.verkkovaria.fi\/yhteiset\/englanti\/index.php?rest_route=\/wp\/v2\/pages"}],"about":[{"href":"https:\/\/www.verkkovaria.fi\/yhteiset\/englanti\/index.php?rest_route=\/wp\/v2\/types\/page"}],"author":[{"embeddable":true,"href":"https:\/\/www.verkkovaria.fi\/yhteiset\/englanti\/index.php?rest_route=\/wp\/v2\/users\/1"}],"replies":[{"embeddable":true,"href":"https:\/\/www.verkkovaria.fi\/yhteiset\/englanti\/index.php?rest_route=%2Fwp%2Fv2%2Fcomments&post=80"}],"version-history":[{"count":18,"href":"https:\/\/www.verkkovaria.fi\/yhteiset\/englanti\/index.php?rest_route=\/wp\/v2\/pages\/80\/revisions"}],"predecessor-version":[{"id":740,"href":"https:\/\/www.verkkovaria.fi\/yhteiset\/englanti\/index.php?rest_route=\/wp\/v2\/pages\/80\/revisions\/740"}],"wp:featuredmedia":[{"embeddable":true,"href":"https:\/\/www.verkkovaria.fi\/yhteiset\/englanti\/index.php?rest_route=\/wp\/v2\/media\/284"}],"wp:attachment":[{"href":"https:\/\/www.verkkovaria.fi\/yhteiset\/englanti\/index.php?rest_route=%2Fwp%2Fv2%2Fmedia&parent=80"}],"curies":[{"name":"wp","href":"https:\/\/api.w.org\/{rel}","templated":true}]}}