{"id":83,"date":"2015-09-20T18:05:19","date_gmt":"2015-09-20T18:05:19","guid":{"rendered":"http:\/\/www.verkkovaria.fi\/yhteiset\/englanti\/?page_id=83"},"modified":"2016-07-05T10:43:03","modified_gmt":"2016-07-05T10:43:03","slug":"an-interview","status":"publish","type":"page","link":"https:\/\/www.verkkovaria.fi\/yhteiset\/englanti\/?page_id=83","title":{"rendered":"2.3 Interview at work"},"content":{"rendered":"<p><strong>An interview at work<\/strong><\/p>\n<p><strong>T\u00e4ss\u00e4 osiossa opetellaan tekem\u00e4\u00e4n ty\u00f6paikkaan ja ty\u00f6teht\u00e4viin liittyvi\u00e4 kysymyksi\u00e4 englanniksi.<\/strong><\/p>\n<p><strong>Exercise:<\/strong><\/p>\n<p>Haastattele englanniksi ty\u00f6nantajaasi, esimiest\u00e4si tai ty\u00f6kaveriasi, noin 10 kysymyst\u00e4. Voit pyyt\u00e4\u00e4 haastateltavaa esittelem\u00e4\u00e4n itsens\u00e4, kertomaan ty\u00f6teht\u00e4vist\u00e4\u00e4n, kuinka kauan on ollut t\u00f6iss\u00e4 jne. \u201dCan you tell me something about yourself?\u201d \u201dWhat is your job here?\u201d\u201dHow long have you worked here?\u201d\u00a0 Palauta kysymykset ja vastaukset Fronterin palautuskansioon kirjallisessa muodossa tai \u00e4\u00e4nitettyn\u00e4\/kuvattuna. Voit katsoa seuraavan haastatteluvideon ennen teht\u00e4v\u00e4n aloittamista:\u00a0<a href=\"http:\/\/areena.yle.fi\/1-1796465\">An interview at work<\/a><\/p>\n","protected":false},"excerpt":{"rendered":"<p>An interview at work T\u00e4ss\u00e4 osiossa opetellaan tekem\u00e4\u00e4n ty\u00f6paikkaan ja ty\u00f6teht\u00e4viin liittyvi\u00e4 kysymyksi\u00e4 englanniksi. Exercise: Haastattele englanniksi ty\u00f6nantajaasi, esimiest\u00e4si tai ty\u00f6kaveriasi, noin 10 kysymyst\u00e4. Voit pyyt\u00e4\u00e4 haastateltavaa esittelem\u00e4\u00e4n itsens\u00e4, kertomaan ty\u00f6teht\u00e4vist\u00e4\u00e4n, kuinka kauan on ollut t\u00f6iss\u00e4 jne. \u201dCan you tell me something about yourself?\u201d \u201dWhat is your job here?\u201d\u201dHow long have you worked here?\u201d\u00a0 Palauta &hellip; <a href=\"https:\/\/www.verkkovaria.fi\/yhteiset\/englanti\/?page_id=83\">Continued<\/a><\/p>\n","protected":false},"author":1,"featured_media":291,"parent":0,"menu_order":0,"comment_status":"closed","ping_status":"closed","template":"","meta":{"footnotes":"","_links_to":"","_links_to_target":""},"class_list":["post-83","page","type-page","status-publish","has-post-thumbnail","hentry"],"_links":{"self":[{"href":"https:\/\/www.verkkovaria.fi\/yhteiset\/englanti\/index.php?rest_route=\/wp\/v2\/pages\/83","targetHints":{"allow":["GET"]}}],"collection":[{"href":"https:\/\/www.verkkovaria.fi\/yhteiset\/englanti\/index.php?rest_route=\/wp\/v2\/pages"}],"about":[{"href":"https:\/\/www.verkkovaria.fi\/yhteiset\/englanti\/index.php?rest_route=\/wp\/v2\/types\/page"}],"author":[{"embeddable":true,"href":"https:\/\/www.verkkovaria.fi\/yhteiset\/englanti\/index.php?rest_route=\/wp\/v2\/users\/1"}],"replies":[{"embeddable":true,"href":"https:\/\/www.verkkovaria.fi\/yhteiset\/englanti\/index.php?rest_route=%2Fwp%2Fv2%2Fcomments&post=83"}],"version-history":[{"count":17,"href":"https:\/\/www.verkkovaria.fi\/yhteiset\/englanti\/index.php?rest_route=\/wp\/v2\/pages\/83\/revisions"}],"predecessor-version":[{"id":741,"href":"https:\/\/www.verkkovaria.fi\/yhteiset\/englanti\/index.php?rest_route=\/wp\/v2\/pages\/83\/revisions\/741"}],"wp:featuredmedia":[{"embeddable":true,"href":"https:\/\/www.verkkovaria.fi\/yhteiset\/englanti\/index.php?rest_route=\/wp\/v2\/media\/291"}],"wp:attachment":[{"href":"https:\/\/www.verkkovaria.fi\/yhteiset\/englanti\/index.php?rest_route=%2Fwp%2Fv2%2Fmedia&parent=83"}],"curies":[{"name":"wp","href":"https:\/\/api.w.org\/{rel}","templated":true}]}}