{"id":89,"date":"2015-09-20T18:10:50","date_gmt":"2015-09-20T18:10:50","guid":{"rendered":"http:\/\/www.verkkovaria.fi\/yhteiset\/englanti\/?page_id=89"},"modified":"2016-07-05T10:43:48","modified_gmt":"2016-07-05T10:43:48","slug":"phases-of-work","status":"publish","type":"page","link":"https:\/\/www.verkkovaria.fi\/yhteiset\/englanti\/?page_id=89","title":{"rendered":"2.4 Phases of work"},"content":{"rendered":"<p><strong>T\u00e4ss\u00e4 osiosssa opitaan kertomaan englanniksi ammattiin liittyvist\u00e4 ty\u00f6vaiheista.<\/strong><\/p>\n<p><strong>Exercise:\u00a0Valitaan toinen vaihtoehdoista<\/strong><\/p>\n<p>a)\u00a0Phases of work: Ty\u00f6vaiheiden kuvaaminen ja esittely videolle<\/p>\n<p>Kerro videolla englanniksi jostakin ty\u00f6h\u00f6si liittyv\u00e4st\u00e4 teht\u00e4v\u00e4st\u00e4 tai ty\u00f6n eri vaiheista. Palauta Fronterin palautuskansioon.<\/p>\n<p>b)\u00a0Picture book of work: Kuvakirja ty\u00f6vaiheista ja selostus englanniksi. Palauta Fronterin palautuskansioon ja jaa kuvakirja edelleen muille opiskelijoille. Anna palautetta my\u00f6s muiden t\u00f6ist\u00e4. Esimerkkisivu l\u00f6ytyy seuraavasta linkist\u00e4:\u00a0<a href=\"http:\/\/www.verkkovaria.fi\/yhteiset\/englanti\/wp-content\/uploads\/2015\/10\/Phases-of-work.docx\">Phases of work<\/a><\/p>\n","protected":false},"excerpt":{"rendered":"<p>T\u00e4ss\u00e4 osiosssa opitaan kertomaan englanniksi ammattiin liittyvist\u00e4 ty\u00f6vaiheista. Exercise:\u00a0Valitaan toinen vaihtoehdoista a)\u00a0Phases of work: Ty\u00f6vaiheiden kuvaaminen ja esittely videolle Kerro videolla englanniksi jostakin ty\u00f6h\u00f6si liittyv\u00e4st\u00e4 teht\u00e4v\u00e4st\u00e4 tai ty\u00f6n eri vaiheista. Palauta Fronterin palautuskansioon. b)\u00a0Picture book of work: Kuvakirja ty\u00f6vaiheista ja selostus englanniksi. Palauta Fronterin palautuskansioon ja jaa kuvakirja edelleen muille opiskelijoille. Anna palautetta my\u00f6s muiden &hellip; <a href=\"https:\/\/www.verkkovaria.fi\/yhteiset\/englanti\/?page_id=89\">Continued<\/a><\/p>\n","protected":false},"author":1,"featured_media":297,"parent":0,"menu_order":0,"comment_status":"closed","ping_status":"closed","template":"","meta":{"footnotes":"","_links_to":"","_links_to_target":""},"class_list":["post-89","page","type-page","status-publish","has-post-thumbnail","hentry"],"_links":{"self":[{"href":"https:\/\/www.verkkovaria.fi\/yhteiset\/englanti\/index.php?rest_route=\/wp\/v2\/pages\/89","targetHints":{"allow":["GET"]}}],"collection":[{"href":"https:\/\/www.verkkovaria.fi\/yhteiset\/englanti\/index.php?rest_route=\/wp\/v2\/pages"}],"about":[{"href":"https:\/\/www.verkkovaria.fi\/yhteiset\/englanti\/index.php?rest_route=\/wp\/v2\/types\/page"}],"author":[{"embeddable":true,"href":"https:\/\/www.verkkovaria.fi\/yhteiset\/englanti\/index.php?rest_route=\/wp\/v2\/users\/1"}],"replies":[{"embeddable":true,"href":"https:\/\/www.verkkovaria.fi\/yhteiset\/englanti\/index.php?rest_route=%2Fwp%2Fv2%2Fcomments&post=89"}],"version-history":[{"count":16,"href":"https:\/\/www.verkkovaria.fi\/yhteiset\/englanti\/index.php?rest_route=\/wp\/v2\/pages\/89\/revisions"}],"predecessor-version":[{"id":742,"href":"https:\/\/www.verkkovaria.fi\/yhteiset\/englanti\/index.php?rest_route=\/wp\/v2\/pages\/89\/revisions\/742"}],"wp:featuredmedia":[{"embeddable":true,"href":"https:\/\/www.verkkovaria.fi\/yhteiset\/englanti\/index.php?rest_route=\/wp\/v2\/media\/297"}],"wp:attachment":[{"href":"https:\/\/www.verkkovaria.fi\/yhteiset\/englanti\/index.php?rest_route=%2Fwp%2Fv2%2Fmedia&parent=89"}],"curies":[{"name":"wp","href":"https:\/\/api.w.org\/{rel}","templated":true}]}}