{"id":99,"date":"2015-09-21T16:03:53","date_gmt":"2015-09-21T16:03:53","guid":{"rendered":"http:\/\/www.verkkovaria.fi\/yhteiset\/englanti\/?page_id=99"},"modified":"2016-07-05T10:44:39","modified_gmt":"2016-07-05T10:44:39","slug":"safety-signs","status":"publish","type":"page","link":"https:\/\/www.verkkovaria.fi\/yhteiset\/englanti\/?page_id=99","title":{"rendered":"2.5 Safety signs"},"content":{"rendered":"<p><strong>T\u00e4ss\u00e4 osiossa opitaan ty\u00f6turvallisuuteen liittyv\u00e4\u00e4 sanastoa englanniksi.<\/strong><\/p>\n<p><strong>Exercise:<\/strong><\/p>\n<p>Ker\u00e4\u00e4 Fronterin keskustelupalstalle tai muuhun sovittuun paikkaan ty\u00f6paikallasi olevia turvakylttej\u00e4 ja muita turvallisuuteen liittyvi\u00e4 ohjeita. K\u00e4\u00e4nn\u00e4 ne ryhm\u00e4si kanssa englanniksi.<\/p>\n","protected":false},"excerpt":{"rendered":"<p>T\u00e4ss\u00e4 osiossa opitaan ty\u00f6turvallisuuteen liittyv\u00e4\u00e4 sanastoa englanniksi. Exercise: Ker\u00e4\u00e4 Fronterin keskustelupalstalle tai muuhun sovittuun paikkaan ty\u00f6paikallasi olevia turvakylttej\u00e4 ja muita turvallisuuteen liittyvi\u00e4 ohjeita. K\u00e4\u00e4nn\u00e4 ne ryhm\u00e4si kanssa englanniksi.<\/p>\n","protected":false},"author":1,"featured_media":299,"parent":0,"menu_order":0,"comment_status":"closed","ping_status":"closed","template":"","meta":{"footnotes":"","_links_to":"","_links_to_target":""},"class_list":["post-99","page","type-page","status-publish","has-post-thumbnail","hentry"],"_links":{"self":[{"href":"https:\/\/www.verkkovaria.fi\/yhteiset\/englanti\/index.php?rest_route=\/wp\/v2\/pages\/99","targetHints":{"allow":["GET"]}}],"collection":[{"href":"https:\/\/www.verkkovaria.fi\/yhteiset\/englanti\/index.php?rest_route=\/wp\/v2\/pages"}],"about":[{"href":"https:\/\/www.verkkovaria.fi\/yhteiset\/englanti\/index.php?rest_route=\/wp\/v2\/types\/page"}],"author":[{"embeddable":true,"href":"https:\/\/www.verkkovaria.fi\/yhteiset\/englanti\/index.php?rest_route=\/wp\/v2\/users\/1"}],"replies":[{"embeddable":true,"href":"https:\/\/www.verkkovaria.fi\/yhteiset\/englanti\/index.php?rest_route=%2Fwp%2Fv2%2Fcomments&post=99"}],"version-history":[{"count":10,"href":"https:\/\/www.verkkovaria.fi\/yhteiset\/englanti\/index.php?rest_route=\/wp\/v2\/pages\/99\/revisions"}],"predecessor-version":[{"id":743,"href":"https:\/\/www.verkkovaria.fi\/yhteiset\/englanti\/index.php?rest_route=\/wp\/v2\/pages\/99\/revisions\/743"}],"wp:featuredmedia":[{"embeddable":true,"href":"https:\/\/www.verkkovaria.fi\/yhteiset\/englanti\/index.php?rest_route=\/wp\/v2\/media\/299"}],"wp:attachment":[{"href":"https:\/\/www.verkkovaria.fi\/yhteiset\/englanti\/index.php?rest_route=%2Fwp%2Fv2%2Fmedia&parent=99"}],"curies":[{"name":"wp","href":"https:\/\/api.w.org\/{rel}","templated":true}]}}