{"id":100,"date":"2016-03-12T15:27:20","date_gmt":"2016-03-12T13:27:20","guid":{"rendered":"http:\/\/www.verkkovaria.fi\/yhteiset\/hyvinvointi\/tylte\/?page_id=100"},"modified":"2017-04-21T18:56:23","modified_gmt":"2017-04-21T15:56:23","slug":"teema-6-seksuaalisuus","status":"publish","type":"page","link":"https:\/\/www.verkkovaria.fi\/yhteiset\/hyvinvointi\/tylte\/opiskelijalle\/teema-6-seksuaalisuus\/","title":{"rendered":"Teema 6. Seksuaalisuus"},"content":{"rendered":"<p>Seksuaalisuus -teemassa tutustutaan seksuaalioikeuksiin ja ehk\u00e4isyyn. Tavoitteena on, ett\u00e4 tied\u00e4t seksuaalioikeuksista ja ymm\u00e4rr\u00e4t eri ehk\u00e4isyvaihtoehtoja.<\/p>\n<p>Eri ehk\u00e4isyvaihtoehdoista voit lukea sivulta <a href=\"http:\/\/ehkaisy.com\/\">www.ehkaisy.com<\/a>. Tee sivun alalaidasta testit:<\/p>\n<ol>\n<li>Oletko ajantasalla?<\/li>\n<li>Etk\u00f6 ole viel\u00e4 varma, mik\u00e4 vaihtoehto sopii sinulle parhaiten?<\/li>\n<\/ol>\n<p>Mit\u00e4 sait tulokseksi? Kirjaa yl\u00f6s.<\/p>\n<p>&nbsp;<\/p>\n<p>&nbsp;<\/p>\n<p>\t\t\t\t<img decoding=\"async\" src=\"http:\/\/www.verkkovaria.fi\/yhteiset\/hyvinvointi\/tylte\/files\/2016\/03\/Seksuaalioikeudet_JPEG.jpeg\" alt=\"Seksuaalioikeudet_JPEG\" itemprop=\"image\"  \/><\/p>\n<p>Ohessa on seksuaalisuuteen liittyvi\u00e4 kysymyksi\u00e4. Vastaa kysymyksiin.\u00a0Voit k\u00e4ytt\u00e4\u00e4 apuna mm.\u00a0<a href=\"http:\/\/www.vaestoliitto.fi\" target=\"_blank\" rel=\"noopener noreferrer\">v\u00e4est\u00f6liiton sivuja<\/a>.<\/p>\n<p style=\"padding-left: 30px;\">1. Mitk\u00e4 seksuaalioikeudet ovat sinun mielest\u00e4si 3 t\u00e4rkeint\u00e4 oikeutta? Miksi?\u00a0Oikeudet n\u00e4et yll\u00e4 kuvassa.<\/p>\n<p style=\"padding-left: 30px;\">2. Mit\u00e4 tarkoittaa suojaik\u00e4raja?<\/p>\n<p style=\"padding-left: 30px;\">3. Ehk\u00e4isykeinoja on erilaisia. On my\u00f6s paljon v\u00e4\u00e4r\u00e4\u00e4 tietoa ehk\u00e4isyst\u00e4. Luettele, mitk\u00e4 eiv\u00e4t ole ehk\u00e4isymenetelmi\u00e4, vaikka yleisesti niin luullaan.<\/p>\n<p style=\"padding-left: 30px;\">4. Mit\u00e4 tarkoittaa endometrioosi?<\/p>\n<p style=\"padding-left: 30px;\">5. Mit\u00e4 tarkoittaa fantasia?<\/p>\n<p style=\"padding-left: 30px;\">6. Mit\u00e4 tarkoittaa klamydia? Milloin riski t\u00e4h\u00e4n kasvaa?<\/p>\n<p style=\"padding-left: 30px;\">7. Mit\u00e4 tarkoittaa masturbointi?<\/p>\n<p style=\"padding-left: 30px;\">8. Mit\u00e4 tarkoittaa seksuaaliterveys?<\/p>\n<p>&nbsp;<\/p>\n<p>PALAUTUS: Vastaukset palautetaan s\u00e4hk\u00f6isess\u00e4 muodossa opettajan kanssa sovitulla tavalla.<\/p>\n","protected":false},"excerpt":{"rendered":"<p>Seksuaalisuus -teemassa tutustutaan seksuaalioikeuksiin ja ehk\u00e4isyyn. Tavoitteena on, ett\u00e4 tied\u00e4t seksuaalioikeuksista ja ymm\u00e4rr\u00e4t eri ehk\u00e4isyvaihtoehtoja. Eri ehk\u00e4isyvaihtoehdoista voit lukea sivulta www.ehkaisy.com. Tee sivun alalaidasta testit: Oletko ajantasalla? Etk\u00f6 ole viel\u00e4 varma, mik\u00e4 vaihtoehto sopii sinulle parhaiten? Mit\u00e4 sait tulokseksi? Kirjaa yl\u00f6s. &nbsp; &nbsp; Ohessa on seksuaalisuuteen liittyvi\u00e4 kysymyksi\u00e4. Vastaa kysymyksiin.\u00a0Voit k\u00e4ytt\u00e4\u00e4 apuna mm.\u00a0v\u00e4est\u00f6liiton sivuja. 1. &hellip; <a href=\"https:\/\/www.verkkovaria.fi\/yhteiset\/hyvinvointi\/tylte\/opiskelijalle\/teema-6-seksuaalisuus\/\">Continued<\/a><\/p>\n","protected":false},"author":2,"featured_media":0,"parent":8,"menu_order":9,"comment_status":"closed","ping_status":"closed","template":"subpage.php","meta":{"footnotes":"","_links_to":"","_links_to_target":""},"class_list":["post-100","page","type-page","status-publish","hentry"],"_links":{"self":[{"href":"https:\/\/www.verkkovaria.fi\/yhteiset\/hyvinvointi\/tylte\/wp-json\/wp\/v2\/pages\/100","targetHints":{"allow":["GET"]}}],"collection":[{"href":"https:\/\/www.verkkovaria.fi\/yhteiset\/hyvinvointi\/tylte\/wp-json\/wp\/v2\/pages"}],"about":[{"href":"https:\/\/www.verkkovaria.fi\/yhteiset\/hyvinvointi\/tylte\/wp-json\/wp\/v2\/types\/page"}],"author":[{"embeddable":true,"href":"https:\/\/www.verkkovaria.fi\/yhteiset\/hyvinvointi\/tylte\/wp-json\/wp\/v2\/users\/2"}],"replies":[{"embeddable":true,"href":"https:\/\/www.verkkovaria.fi\/yhteiset\/hyvinvointi\/tylte\/wp-json\/wp\/v2\/comments?post=100"}],"version-history":[{"count":16,"href":"https:\/\/www.verkkovaria.fi\/yhteiset\/hyvinvointi\/tylte\/wp-json\/wp\/v2\/pages\/100\/revisions"}],"predecessor-version":[{"id":290,"href":"https:\/\/www.verkkovaria.fi\/yhteiset\/hyvinvointi\/tylte\/wp-json\/wp\/v2\/pages\/100\/revisions\/290"}],"up":[{"embeddable":true,"href":"https:\/\/www.verkkovaria.fi\/yhteiset\/hyvinvointi\/tylte\/wp-json\/wp\/v2\/pages\/8"}],"wp:attachment":[{"href":"https:\/\/www.verkkovaria.fi\/yhteiset\/hyvinvointi\/tylte\/wp-json\/wp\/v2\/media?parent=100"}],"curies":[{"name":"wp","href":"https:\/\/api.w.org\/{rel}","templated":true}]}}