{"id":96,"date":"2016-03-12T15:25:17","date_gmt":"2016-03-12T13:25:17","guid":{"rendered":"http:\/\/www.verkkovaria.fi\/yhteiset\/hyvinvointi\/tylte\/?page_id=96"},"modified":"2017-04-21T19:14:31","modified_gmt":"2017-04-21T16:14:31","slug":"teema-4-riippuvuus","status":"publish","type":"page","link":"https:\/\/www.verkkovaria.fi\/yhteiset\/hyvinvointi\/tylte\/opiskelijalle\/teema-4-riippuvuus\/","title":{"rendered":"Teema 4. Riippuvuus ja tupakointi"},"content":{"rendered":"<p>Tupakointi on riippuvuusoireyhtym\u00e4. Siihen\u00a0liittyy eritt\u00e4in vahvan tapariippuvuuden ja fyysisen nikotiiniriippuvuuden lis\u00e4ksi muitakin riippuvuuden muotoja, jotka osaltaan vahvistavat ja yll\u00e4pit\u00e4v\u00e4t tupakointia. N\u00e4it\u00e4 ovat yhteenkuuluvuutta vahvistava sosiaalinen riippuvuus ja tunnereaktioihin liittyv\u00e4 psyykkinen riippuvuus.<\/p>\n<p>Riippuvuus -teemassa keskityt\u00e4\u00e4nkin t\u00e4ss\u00e4 toteutuksessa tupakoinnin haittoihin. Tavoitteena on ymm\u00e4rt\u00e4\u00e4 miten tupakointi vaikuttaa kehoon ja terveyteen hitaasti, mutta varmasti.<\/p>\n<p>Tupakoinnin vaikutuksiin voit tutustua sivustolla\u00a0<a href=\"http:\/\/www.rookikroppa.fi\/\" target=\"_blank\" rel=\"noopener noreferrer\">www.r\u00f6\u00f6kikroppa.fi<\/a><\/p>\n<p>&nbsp;<\/p>\n<p>&nbsp;<\/p>\n<p>\t\t\t\t<img decoding=\"async\" src=\"http:\/\/www.verkkovaria.fi\/yhteiset\/hyvinvointi\/tylte\/files\/2016\/03\/tobaccobody_a4_aotw.jpg\" alt=\"tobaccobody_a4_aotw\" itemprop=\"image\"  \/><\/p>\n<p>Vastaa seuraaviin kysymyksiin k\u00e4ytt\u00e4en apuna <a href=\"http:\/\/www.rookikroppa.fi\/\" target=\"_blank\" rel=\"noopener noreferrer\">www.r\u00f6\u00f6kikroppa.fi<\/a>\u00a0-sivustoa.<\/p>\n<p style=\"padding-left: 30px;\">1. Mit\u00e4 tupakka tekee iholle?<br \/>\n2. Mit\u00e4 tupakka tekee hengityselimist\u00f6lle?<br \/>\n3. Mit\u00e4 tupakka tekee suun terveydelle?<br \/>\n4. Mit\u00e4 tupakka tekee hiuksille?<br \/>\n5. Mit\u00e4 tupakka tekee kynsille?<br \/>\n6. Mit\u00e4 tupakka tekee aineenvaihdunnalle?<br \/>\n7. Mit\u00e4 tupakka tekee siki\u00f6lle?<br \/>\n8. Mit\u00e4 tupakka tekee sukupuolielimille ja -el\u00e4m\u00e4lle?<br \/>\n9. Mit\u00e4 tupakka tekee sis\u00e4elimille ja vatsalaukulle?<br \/>\n10. Mit\u00e4 tupakka tekee verisuonille?<br \/>\n11. Miten itse ty\u00f6nantajana suhtautuisit tupakoivaan ty\u00f6ntekij\u00e4\u00e4n?<\/p>\n<p>PALAUTUS: Vastaukset palautetaan s\u00e4hk\u00f6isess\u00e4 muodossa opettajan kanssa sovitulla tavalla.<\/p>\n","protected":false},"excerpt":{"rendered":"<p>Tupakointi on riippuvuusoireyhtym\u00e4. Siihen\u00a0liittyy eritt\u00e4in vahvan tapariippuvuuden ja fyysisen nikotiiniriippuvuuden lis\u00e4ksi muitakin riippuvuuden muotoja, jotka osaltaan vahvistavat ja yll\u00e4pit\u00e4v\u00e4t tupakointia. N\u00e4it\u00e4 ovat yhteenkuuluvuutta vahvistava sosiaalinen riippuvuus ja tunnereaktioihin liittyv\u00e4 psyykkinen riippuvuus. Riippuvuus -teemassa keskityt\u00e4\u00e4nkin t\u00e4ss\u00e4 toteutuksessa tupakoinnin haittoihin. Tavoitteena on ymm\u00e4rt\u00e4\u00e4 miten tupakointi vaikuttaa kehoon ja terveyteen hitaasti, mutta varmasti. Tupakoinnin vaikutuksiin voit tutustua sivustolla\u00a0www.r\u00f6\u00f6kikroppa.fi &hellip; <a href=\"https:\/\/www.verkkovaria.fi\/yhteiset\/hyvinvointi\/tylte\/opiskelijalle\/teema-4-riippuvuus\/\">Continued<\/a><\/p>\n","protected":false},"author":2,"featured_media":0,"parent":8,"menu_order":6,"comment_status":"closed","ping_status":"closed","template":"","meta":{"footnotes":"","_links_to":"","_links_to_target":""},"class_list":["post-96","page","type-page","status-publish","hentry"],"_links":{"self":[{"href":"https:\/\/www.verkkovaria.fi\/yhteiset\/hyvinvointi\/tylte\/wp-json\/wp\/v2\/pages\/96","targetHints":{"allow":["GET"]}}],"collection":[{"href":"https:\/\/www.verkkovaria.fi\/yhteiset\/hyvinvointi\/tylte\/wp-json\/wp\/v2\/pages"}],"about":[{"href":"https:\/\/www.verkkovaria.fi\/yhteiset\/hyvinvointi\/tylte\/wp-json\/wp\/v2\/types\/page"}],"author":[{"embeddable":true,"href":"https:\/\/www.verkkovaria.fi\/yhteiset\/hyvinvointi\/tylte\/wp-json\/wp\/v2\/users\/2"}],"replies":[{"embeddable":true,"href":"https:\/\/www.verkkovaria.fi\/yhteiset\/hyvinvointi\/tylte\/wp-json\/wp\/v2\/comments?post=96"}],"version-history":[{"count":12,"href":"https:\/\/www.verkkovaria.fi\/yhteiset\/hyvinvointi\/tylte\/wp-json\/wp\/v2\/pages\/96\/revisions"}],"predecessor-version":[{"id":293,"href":"https:\/\/www.verkkovaria.fi\/yhteiset\/hyvinvointi\/tylte\/wp-json\/wp\/v2\/pages\/96\/revisions\/293"}],"up":[{"embeddable":true,"href":"https:\/\/www.verkkovaria.fi\/yhteiset\/hyvinvointi\/tylte\/wp-json\/wp\/v2\/pages\/8"}],"wp:attachment":[{"href":"https:\/\/www.verkkovaria.fi\/yhteiset\/hyvinvointi\/tylte\/wp-json\/wp\/v2\/media?parent=96"}],"curies":[{"name":"wp","href":"https:\/\/api.w.org\/{rel}","templated":true}]}}