{"id":98,"date":"2016-03-12T15:25:54","date_gmt":"2016-03-12T13:25:54","guid":{"rendered":"http:\/\/www.verkkovaria.fi\/yhteiset\/hyvinvointi\/tylte\/?page_id=98"},"modified":"2017-04-21T19:15:45","modified_gmt":"2017-04-21T16:15:45","slug":"teema-5-ensiapu","status":"publish","type":"page","link":"https:\/\/www.verkkovaria.fi\/yhteiset\/hyvinvointi\/tylte\/opiskelijalle\/teema-5-ensiapu\/","title":{"rendered":"Teema 5. Ensiapu"},"content":{"rendered":"<p>Ensiapu -teemassa tutustutaan yleisimpiin ensiapua vaativiin tilanteisiin. Tarkoituksena on, ett\u00e4 tied\u00e4t mist\u00e4 l\u00f6yd\u00e4t luotettavat ensiapuohjeet ja osaat toimia tilanteessa oikein. Teht\u00e4v\u00e4n ja ensiapuoppaan avulla opit toimimaan ensiapua vaativissa tilanteissa oikein.<\/p>\n<p>Kun ensiapua tarvitaan, aikaa on aina v\u00e4h\u00e4n. Osaamalla ensiavun voit pelastaa ihmishenki\u00e4. Auttaminen on aina jokaisen velvollisuus h\u00e4t\u00e4tilanteessa ja kaikilla on oikeus saada tarvitessaan apua.<\/p>\n<p>\t\t\t\t<img decoding=\"async\" src=\"http:\/\/www.verkkovaria.fi\/yhteiset\/hyvinvointi\/tylte\/files\/2016\/03\/ensiapu_verkko.jpg\" alt=\"Tapaturma on aina ik\u00e4v\u00e4 yll\u00e4tys. Oikealla, nopealla hoidolla voidaan pelastaa jopa henki\u00e4. Kuva: Shutterstock\" itemprop=\"image\"  \/><br \/>\n\t\tTapaturma on aina ik\u00e4v\u00e4 yll\u00e4tys. Oikealla, nopealla hoidolla voidaan pelastaa jopa henki\u00e4. Kuva: Shutterstock<\/p>\n<p><em>H\u00e4t\u00e4ensiapu<\/em> on henke\u00e4 pelastava ensiapu. H\u00e4t\u00e4ensiavulla pelastat potilaan hengen, est\u00e4t h\u00e4nen tilansa pahenemisen ja kutsut ammattiavun paikalle. H\u00e4t\u00e4tilanteessa on aina kysymys minuuteista, vakavasti loukkaantunut tai \u00e4killisesti sairastunut tarvitsee apua nopeasti. Aloita h\u00e4t\u00e4ensiapu heti tapahtumapaikalla.<\/p>\n<p><em>Ensiapu<\/em> on vammautuneelle tai \u00e4killisesti sairastuneelle annettava auttamistapahtumaketju, johon kuuluvat pelastaminen, ensiapu, ensihoito, kuljetus ja hoito.<\/p>\n<p>Perehdy\u00a0<a href=\"http:\/\/www.ensiapuopas.com\/\" target=\"_blank\" rel=\"noopener noreferrer\">ensiapuoppaaseen<\/a>\u00a0ja vastaa oheisiin kysymyksiin.<\/p>\n<p style=\"padding-left: 30px;\">1. Mik\u00e4 on yleinen h\u00e4t\u00e4numero?<\/p>\n<p style=\"padding-left: 30px;\">2. Olet elokuvateatterin aulassa odottamassa elokuvan alkamista. \u00c4kki\u00e4 er\u00e4s odottelijoista menett\u00e4\u00e4 tajuntansa ja kaatuu. H\u00e4nen vartalonsa j\u00e4ykistyy ja alkaa kouristella. Miten pit\u00e4isi toimia?<\/p>\n<p style=\"padding-left: 30px;\">3. Olet yst\u00e4v\u00e4si luona ja h\u00e4nen pikkuveljens\u00e4 alkaa hikoilla, vapista ja h\u00e4n on kalpea ja tuntee heikotusta. Yst\u00e4v\u00e4si kertoo, ett\u00e4 veli sairastaa diabetesta. Miten toimitte?<\/p>\n<p style=\"padding-left: 30px;\">4. Naapurissa asuva i\u00e4k\u00e4s mies on tekem\u00e4ss\u00e4 lumit\u00f6it\u00e4, kun h\u00e4n tuntee kovaa puristavaa rintakipua, joka s\u00e4teilee k\u00e4sivarteen. H\u00e4n on tuskainen, kylm\u00e4nhikinen ja pahoinvoiva. Millaista ensiapua annat h\u00e4nelle?<\/p>\n<p style=\"padding-left: 30px;\">5. Olet liikuntatunnilla pelaamassa s\u00e4hly\u00e4, kun yksi opiskelijoista satuttaa nilkkansa pahasti. Miten toimit?<\/p>\n<p style=\"padding-left: 30px;\">6. Olet leikkaamassa leip\u00e4\u00e4 kun veitsi lipsahtaa leikaten ison haavana k\u00e4teesi. Miten toimit?<\/p>\n<p style=\"padding-left: 30px;\">7. Olette ryhm\u00e4nne kanssa kahvitauolla. Yksi opiskelijoista kaataa kiehuvaa vett\u00e4 k\u00e4delleen. Miten toimitte?<\/p>\n<p style=\"padding-left: 30px;\">8. Kaverisi py\u00f6rtyy. Miten toimit?<\/p>\n<p style=\"padding-left: 30px;\">9. Tulet auto-onnettomuuspaikalle. Miten aloitat ensiaputoimet?<\/p>\n<p style=\"padding-left: 30px;\">10. Olet lenkill\u00e4 kaverisi kanssa, kun h\u00e4nen hengitys alkaa vinkumaan ja h\u00e4nen on vaikea hengitt\u00e4\u00e4. H\u00e4nen on my\u00f6s vaikea puhua. Miten autat kaveria?<\/p>\n<p style=\"padding-left: 30px;\">11. Luettele mit\u00e4 ensiapuv\u00e4lineit\u00e4 omassa ty\u00f6paikassasi pit\u00e4isi olla l\u00e4hell\u00e4 ja miksi? Luettele v\u00e4hint\u00e4\u00e4n 5 tarviketta\/asiaa.<\/p>\n<p style=\"padding-left: 30px;\">\n<p>PALAUTUS: Vastaukset palautetaan s\u00e4hk\u00f6isess\u00e4 muodossa opettajan kanssa sovitulla tavalla.<\/p>\n","protected":false},"excerpt":{"rendered":"<p>Ensiapu -teemassa tutustutaan yleisimpiin ensiapua vaativiin tilanteisiin. Tarkoituksena on, ett\u00e4 tied\u00e4t mist\u00e4 l\u00f6yd\u00e4t luotettavat ensiapuohjeet ja osaat toimia tilanteessa oikein. Teht\u00e4v\u00e4n ja ensiapuoppaan avulla opit toimimaan ensiapua vaativissa tilanteissa oikein. Kun ensiapua tarvitaan, aikaa on aina v\u00e4h\u00e4n. Osaamalla ensiavun voit pelastaa ihmishenki\u00e4. Auttaminen on aina jokaisen velvollisuus h\u00e4t\u00e4tilanteessa ja kaikilla on oikeus saada tarvitessaan apua. &hellip; <a href=\"https:\/\/www.verkkovaria.fi\/yhteiset\/hyvinvointi\/tylte\/opiskelijalle\/teema-5-ensiapu\/\">Continued<\/a><\/p>\n","protected":false},"author":2,"featured_media":0,"parent":8,"menu_order":8,"comment_status":"closed","ping_status":"closed","template":"subpage.php","meta":{"footnotes":"","_links_to":"","_links_to_target":""},"class_list":["post-98","page","type-page","status-publish","hentry"],"_links":{"self":[{"href":"https:\/\/www.verkkovaria.fi\/yhteiset\/hyvinvointi\/tylte\/wp-json\/wp\/v2\/pages\/98","targetHints":{"allow":["GET"]}}],"collection":[{"href":"https:\/\/www.verkkovaria.fi\/yhteiset\/hyvinvointi\/tylte\/wp-json\/wp\/v2\/pages"}],"about":[{"href":"https:\/\/www.verkkovaria.fi\/yhteiset\/hyvinvointi\/tylte\/wp-json\/wp\/v2\/types\/page"}],"author":[{"embeddable":true,"href":"https:\/\/www.verkkovaria.fi\/yhteiset\/hyvinvointi\/tylte\/wp-json\/wp\/v2\/users\/2"}],"replies":[{"embeddable":true,"href":"https:\/\/www.verkkovaria.fi\/yhteiset\/hyvinvointi\/tylte\/wp-json\/wp\/v2\/comments?post=98"}],"version-history":[{"count":14,"href":"https:\/\/www.verkkovaria.fi\/yhteiset\/hyvinvointi\/tylte\/wp-json\/wp\/v2\/pages\/98\/revisions"}],"predecessor-version":[{"id":294,"href":"https:\/\/www.verkkovaria.fi\/yhteiset\/hyvinvointi\/tylte\/wp-json\/wp\/v2\/pages\/98\/revisions\/294"}],"up":[{"embeddable":true,"href":"https:\/\/www.verkkovaria.fi\/yhteiset\/hyvinvointi\/tylte\/wp-json\/wp\/v2\/pages\/8"}],"wp:attachment":[{"href":"https:\/\/www.verkkovaria.fi\/yhteiset\/hyvinvointi\/tylte\/wp-json\/wp\/v2\/media?parent=98"}],"curies":[{"name":"wp","href":"https:\/\/api.w.org\/{rel}","templated":true}]}}