{"id":10,"date":"2015-09-24T07:17:25","date_gmt":"2015-09-24T07:17:25","guid":{"rendered":"http:\/\/www.verkkovaria.fi\/yhteiset\/kemia\/?page_id=10"},"modified":"2016-06-27T13:55:26","modified_gmt":"2016-06-27T13:55:26","slug":"arviointi","status":"publish","type":"page","link":"https:\/\/www.verkkovaria.fi\/yhteiset\/kemia\/?page_id=10","title":{"rendered":"Arviointi"},"content":{"rendered":"<h3>Opintojen osa<\/h3>\n<p>T\u00e4m\u00e4 kemian verkkototeutus vastaa <strong>Matemaattis-luonnontieteellinen osaaminen &#8211;<\/strong>tutkinnon osan sis\u00e4lt\u00f6\u00e4\u00a0<em><strong>Osaamisalan kemia<\/strong><\/em>. Laajuudeltaan se on 1 osaamispiste (1 osp).<\/p>\n<h3>Kirjallinen arviointi<\/h3>\n<p>Sis\u00e4ll\u00f6st\u00e4<em>\u00a0Osaamisalan kemia<\/em> ei tule erillist\u00e4 numeroarvosanaa: saat suoritusmerkinn\u00e4n (S) ja kirjallisen arvion, joka toimii kemian osaamisesi tunnuksena, kun annetaan numeroarvosana (1 &#8211; 3) osa-alueesta\u00a0<strong>Fysiikka ja kemia<\/strong>.<\/p>\n<h3>Tavoitteet<\/h3>\n<p>T\u00e4m\u00e4n kemian sis\u00e4ll\u00f6n opiskeltuasi\u00a0sinun tulisi osata ottaa ty\u00f6ss\u00e4si huomioon oman alasi kannalta keskeisi\u00e4 kemian ilmi\u00f6it\u00e4 ja osata huomioida omassa ty\u00f6ss\u00e4si keskeisten aineiden erityisominaisuuksia. Ty\u00f6ss\u00e4si keskeisten aineiden osalta sinun tulee osata my\u00f6s s\u00e4ilytt\u00e4\u00e4, k\u00e4ytt\u00e4\u00e4 ja h\u00e4vitt\u00e4\u00e4 niit\u00e4 turvallisesti kemikaalilains\u00e4\u00e4d\u00e4nn\u00f6n vaatimusten mukaisesti.<\/p>\n<h3>Arvioinnin kohteet<\/h3>\n<p><strong>Yleinen kemia:<\/strong> T\u00e4m\u00e4n osion kohdalla arvioidaan yleisten kemian periaatteiden, ty\u00f6tapojen ja k\u00e4yt\u00e4nt\u00f6jen osaamistasi. N\u00e4iden osaaminen on edellytys oman alan kemiallisten ilmi\u00f6iden ja aineiden erityisominaisuuksien syvemm\u00e4lle ymm\u00e4rt\u00e4miselle. Arvioinnissa kiinnitet\u00e4\u00e4n huomiota siihen, miten hyvin osaat huomioida mahdolliset vaaratekij\u00e4t k\u00e4sitelt\u00e4ess\u00e4 erilaisia kemikaaleja ja taitoasi lukea kemikaalien turvalliseen k\u00e4sittelyyn ojaavia asiakirjoja.<\/p>\n<p><strong>Alakohtaiset teht\u00e4v\u00e4t:<\/strong> T\u00e4m\u00e4n osion kohdalla arvioidaan omaan alaasi liittyvien kemiallisten ilmi\u00f6iden ymm\u00e4rt\u00e4mist\u00e4 ja taitoasi hy\u00f6dynt\u00e4\u00e4 kemiallista osaamistasi omaan alaasi liittyvien teht\u00e4vien ratkaisemisessa. Arvioinnissa huomioidaan my\u00f6s se, miten hyvin osaat yhdistell\u00e4 eri yhteyksiss\u00e4 oppimiasi kemiaan liityvi\u00e4 oman alasi tietoja ja p\u00e4\u00e4tell\u00e4 niit\u00e4 hy\u00f6dynt\u00e4en ratkaisun omaan alaasi liittyv\u00e4\u00e4n laajempaan teht\u00e4v\u00e4\u00e4n.<\/p>\n<p>Opetussuunnitelman perusteissa olevat arvioinnin kriteerit ja kohteet l\u00f6yd\u00e4t t\u00e4st\u00e4 <a href=\"https:\/\/eperusteet.opintopolku.fi\/#\/fi\/esitys\/133953\/ops\/tutkinnonosat\/144026\" target=\"_blank\">linkist\u00e4<\/a>. Linkki ohjaa Sosiaali- ja terveysalan tutkinnon osaan\u00a0<strong>Matemaattis-luonnontieteellinen osaaminen<\/strong>, mutta kriteerit ovat muilla aloilla varsin samanlaiset. Kemian osuus l\u00f6ytyy kohdasta <em>Fysiikka ja kemia<\/em>.<\/p>\n","protected":false},"excerpt":{"rendered":"<p>Opintojen osa T\u00e4m\u00e4 kemian verkkototeutus vastaa Matemaattis-luonnontieteellinen osaaminen &#8211;tutkinnon osan sis\u00e4lt\u00f6\u00e4\u00a0Osaamisalan kemia. Laajuudeltaan se on 1 osaamispiste (1 osp). Kirjallinen arviointi Sis\u00e4ll\u00f6st\u00e4\u00a0Osaamisalan kemia ei tule erillist\u00e4 numeroarvosanaa: saat suoritusmerkinn\u00e4n (S) ja kirjallisen arvion, joka toimii kemian osaamisesi tunnuksena, kun annetaan numeroarvosana (1 &#8211; 3) osa-alueesta\u00a0Fysiikka ja kemia. Tavoitteet T\u00e4m\u00e4n kemian sis\u00e4ll\u00f6n opiskeltuasi\u00a0sinun tulisi osata ottaa &hellip; <a href=\"https:\/\/www.verkkovaria.fi\/yhteiset\/kemia\/?page_id=10\">Continued<\/a><\/p>\n","protected":false},"author":1,"featured_media":306,"parent":0,"menu_order":0,"comment_status":"closed","ping_status":"closed","template":"","meta":{"footnotes":"","_links_to":"","_links_to_target":""},"class_list":["post-10","page","type-page","status-publish","has-post-thumbnail","hentry"],"_links":{"self":[{"href":"https:\/\/www.verkkovaria.fi\/yhteiset\/kemia\/index.php?rest_route=\/wp\/v2\/pages\/10","targetHints":{"allow":["GET"]}}],"collection":[{"href":"https:\/\/www.verkkovaria.fi\/yhteiset\/kemia\/index.php?rest_route=\/wp\/v2\/pages"}],"about":[{"href":"https:\/\/www.verkkovaria.fi\/yhteiset\/kemia\/index.php?rest_route=\/wp\/v2\/types\/page"}],"author":[{"embeddable":true,"href":"https:\/\/www.verkkovaria.fi\/yhteiset\/kemia\/index.php?rest_route=\/wp\/v2\/users\/1"}],"replies":[{"embeddable":true,"href":"https:\/\/www.verkkovaria.fi\/yhteiset\/kemia\/index.php?rest_route=%2Fwp%2Fv2%2Fcomments&post=10"}],"version-history":[{"count":13,"href":"https:\/\/www.verkkovaria.fi\/yhteiset\/kemia\/index.php?rest_route=\/wp\/v2\/pages\/10\/revisions"}],"predecessor-version":[{"id":457,"href":"https:\/\/www.verkkovaria.fi\/yhteiset\/kemia\/index.php?rest_route=\/wp\/v2\/pages\/10\/revisions\/457"}],"wp:featuredmedia":[{"embeddable":true,"href":"https:\/\/www.verkkovaria.fi\/yhteiset\/kemia\/index.php?rest_route=\/wp\/v2\/media\/306"}],"wp:attachment":[{"href":"https:\/\/www.verkkovaria.fi\/yhteiset\/kemia\/index.php?rest_route=%2Fwp%2Fv2%2Fmedia&parent=10"}],"curies":[{"name":"wp","href":"https:\/\/api.w.org\/{rel}","templated":true}]}}