{"id":105,"date":"2015-10-20T07:45:42","date_gmt":"2015-10-20T07:45:42","guid":{"rendered":"http:\/\/www.verkkovaria.fi\/yhteiset\/kemia\/?page_id=105"},"modified":"2016-03-31T09:52:54","modified_gmt":"2016-03-31T09:52:54","slug":"sahkokemia","status":"publish","type":"page","link":"https:\/\/www.verkkovaria.fi\/yhteiset\/kemia\/?page_id=105","title":{"rendered":"S\u00e4hk\u00f6kemia"},"content":{"rendered":"<p><em>Osaamistavoite: s\u00e4hk\u00f6kemiallisten ilmi\u00f6iden ymm\u00e4rt\u00e4minen ja huomioon ottaminen omassa ammatissa<\/em><\/p>\n<p>Ilman s\u00e4hk\u00f6kemian sovelluksia nykyaikainen el\u00e4m\u00e4nmeno ei olisi mahdollista: miltei jokainen kantaa s\u00e4hk\u00f6kemiallisen sovelluksen varassa toimivaa laitetta taskussaan. Elektrolyysi puolestaan on tarpeellinen esimerkiksi raakametallien puhdistuksessa ja metallien p\u00e4\u00e4llyst\u00e4misess\u00e4 toisella metallilla esimerkiksi korroosion est\u00e4miseksi.<\/p>\n<p>T\u00e4ss\u00e4 osiossa tehd\u00e4\u00e4n ensin itsen\u00e4isesti kaksi valmistavaa teht\u00e4v\u00e4\u00e4, joiden tekeminen antaa varsinaisessa teht\u00e4v\u00e4ss\u00e4 tarvittavat perustiedot. Jos et onnistu l\u00f6yt\u00e4m\u00e4\u00e4n vastauksia valmistavien teht\u00e4vien kysymyksiin, kysy apua kaverilta tai ota yhteys opettajaan. Vain varsinainen teht\u00e4v\u00e4 palautetaan tarkastettavaksi.<\/p>\n<h3>Valmistava teht\u00e4v\u00e4 1: Metallien j\u00e4nnitesarja<\/h3>\n<p>Eri aineilla on erilainen taipumus luovuttaa ja ottaa vastaan elektroneja. Kun aine luovuttaa elektroneja toiselle aineelle, aineen sanotaan hapettuvan. Jos aine ottaa vastaan elektroneja, se pelkistyy. Metallit voidaan j\u00e4rjest\u00e4\u00e4 pelkistymispyrkimyksens\u00e4 mukaan metallien j\u00e4nnitesarjaksi.<\/p>\n<p>Tutustu vapaavalintaista l\u00e4hdett\u00e4 k\u00e4ytt\u00e4en metallien s\u00e4hk\u00f6kemialliseen j\u00e4nnitesarjaan.<\/p>\n<p><strong>Selvit\u00e4, mit\u00e4 tarkoittaa<\/strong> a) ep\u00e4jalo metalli, b) jalo metalli, c) hapetusluku<\/p>\n<h3>Valmistava teht\u00e4v\u00e4 2: S\u00e4hk\u00f6kemiallinen kenno<\/h3>\n<p>S\u00e4hk\u00f6kemiallisia kennoja on kahta tyyppi\u00e4: galvaanisia kennoja ja elektrolyysikennoja.<\/p>\n<p>Tutki haluamastasi l\u00e4hteest\u00e4, mit\u00e4 eroa on galvaanisella kennolla ja elektrolyysikennolla.<\/p>\n<p><strong>Selvit\u00e4, mit\u00e4 tarkoitaa<\/strong> a) anodi, b) katodi, c) s\u00e4hk\u00f6motorinen voima (l\u00e4hdej\u00e4nnite)<\/p>\n<p><strong>Yll\u00e4 oppimaasi ja metallien j\u00e4nnitesarjaa hy\u00f6dyksesi k\u00e4ytt\u00e4en anna selitys seuraaville ilmi\u00f6ille:<\/strong><\/p>\n<ul>\n<li>Raakaan perunaan ty\u00f6nnet\u00e4\u00e4n kuparinaula ja p\u00e4tk\u00e4 magnesiumnauhaa niin, ett\u00e4 ne eiv\u00e4t kosketa toisiaan. T\u00e4m\u00e4n j\u00e4lkeen kiinnitet\u00e4\u00e4n naulaan ja nauhaan s\u00e4hk\u00f6johtimet, joiden toiset p\u00e4\u00e4t kiinnitet\u00e4\u00e4n lamppuun. Lamppu syttyy. Miksi?<\/li>\n<li>Henkil\u00f6, jolla on hampaassa amalgaamipaikka (amalgaami sis\u00e4lt\u00e4\u00e4 elohopeaa), haukkaa suklaalevy\u00e4, johon on j\u00e4\u00e4nyt kiinni pala aluminiinifoliota. Suussa tuntuu aika j\u00e4nn\u00e4lt\u00e4. Miksi?<\/li>\n<\/ul>\n<p>\u00a0<\/p>\n<h3>Varsinainen teht\u00e4v\u00e4: S\u00e4hk\u00f6kemian sovelluksia<\/h3>\n<p><strong>S\u00e4hk\u00f6kemian sovelluksia ovat mm.<\/strong><\/p>\n<ul>\n<li>paristot ja akut<\/li>\n<li>elektrolyysi<\/li>\n<li>korroosion est\u00e4misess\u00e4 k\u00e4ytett\u00e4v\u00e4t menetelm\u00e4t<\/li>\n<\/ul>\n<p>\u00a0<\/p>\n<p><strong>Valitse yll\u00e4 mainituista sovelluksista yksi ja laadi siit\u00e4 kertova PowerPoint-esitys<\/strong> (saa k\u00e4ytt\u00e4\u00e4 toki my\u00f6s LibreOffice Impressi\u00e4). Esityksen tulee olla sellainen, ett\u00e4 muut oman alasi opiskelijat voivat k\u00e4ytt\u00e4\u00e4 sit\u00e4 oppimateriaalina: \u00e4l\u00e4 siis unohda etsi\u00e4 esitykseesi sopivia kuvia (muista l\u00e4hdeviite my\u00f6s kuviin!), kaavioita ja k\u00e4yt\u00e4nn\u00f6n esimerkkej\u00e4 sovellusten k\u00e4yt\u00f6st\u00e4.<\/p>\n<p><strong>Palauta valmis esitys Fronteriin VerkkoKEMIAn palautuskansioon tai muuhun sovittuun paikkaan.<\/strong><\/p>\n","protected":false},"excerpt":{"rendered":"<p>Osaamistavoite: s\u00e4hk\u00f6kemiallisten ilmi\u00f6iden ymm\u00e4rt\u00e4minen ja huomioon ottaminen omassa ammatissa Ilman s\u00e4hk\u00f6kemian sovelluksia nykyaikainen el\u00e4m\u00e4nmeno ei olisi mahdollista: miltei jokainen kantaa s\u00e4hk\u00f6kemiallisen sovelluksen varassa toimivaa laitetta taskussaan. Elektrolyysi puolestaan on tarpeellinen esimerkiksi raakametallien puhdistuksessa ja metallien p\u00e4\u00e4llyst\u00e4misess\u00e4 toisella metallilla esimerkiksi korroosion est\u00e4miseksi. T\u00e4ss\u00e4 osiossa tehd\u00e4\u00e4n ensin itsen\u00e4isesti kaksi valmistavaa teht\u00e4v\u00e4\u00e4, joiden tekeminen antaa varsinaisessa teht\u00e4v\u00e4ss\u00e4 tarvittavat &hellip; <a href=\"https:\/\/www.verkkovaria.fi\/yhteiset\/kemia\/?page_id=105\">Continued<\/a><\/p>\n","protected":false},"author":1,"featured_media":345,"parent":0,"menu_order":0,"comment_status":"closed","ping_status":"closed","template":"","meta":{"footnotes":"","_links_to":"","_links_to_target":""},"class_list":["post-105","page","type-page","status-publish","has-post-thumbnail","hentry"],"_links":{"self":[{"href":"https:\/\/www.verkkovaria.fi\/yhteiset\/kemia\/index.php?rest_route=\/wp\/v2\/pages\/105","targetHints":{"allow":["GET"]}}],"collection":[{"href":"https:\/\/www.verkkovaria.fi\/yhteiset\/kemia\/index.php?rest_route=\/wp\/v2\/pages"}],"about":[{"href":"https:\/\/www.verkkovaria.fi\/yhteiset\/kemia\/index.php?rest_route=\/wp\/v2\/types\/page"}],"author":[{"embeddable":true,"href":"https:\/\/www.verkkovaria.fi\/yhteiset\/kemia\/index.php?rest_route=\/wp\/v2\/users\/1"}],"replies":[{"embeddable":true,"href":"https:\/\/www.verkkovaria.fi\/yhteiset\/kemia\/index.php?rest_route=%2Fwp%2Fv2%2Fcomments&post=105"}],"version-history":[{"count":7,"href":"https:\/\/www.verkkovaria.fi\/yhteiset\/kemia\/index.php?rest_route=\/wp\/v2\/pages\/105\/revisions"}],"predecessor-version":[{"id":426,"href":"https:\/\/www.verkkovaria.fi\/yhteiset\/kemia\/index.php?rest_route=\/wp\/v2\/pages\/105\/revisions\/426"}],"wp:featuredmedia":[{"embeddable":true,"href":"https:\/\/www.verkkovaria.fi\/yhteiset\/kemia\/index.php?rest_route=\/wp\/v2\/media\/345"}],"wp:attachment":[{"href":"https:\/\/www.verkkovaria.fi\/yhteiset\/kemia\/index.php?rest_route=%2Fwp%2Fv2%2Fmedia&parent=105"}],"curies":[{"name":"wp","href":"https:\/\/api.w.org\/{rel}","templated":true}]}}