{"id":111,"date":"2015-10-20T07:46:26","date_gmt":"2015-10-20T07:46:26","guid":{"rendered":"http:\/\/www.verkkovaria.fi\/yhteiset\/kemia\/?page_id=111"},"modified":"2016-03-31T09:57:35","modified_gmt":"2016-03-31T09:57:35","slug":"kosmetiikan-kemia","status":"publish","type":"page","link":"https:\/\/www.verkkovaria.fi\/yhteiset\/kemia\/?page_id=111","title":{"rendered":"Kosmetiikan kemia"},"content":{"rendered":"<p><em>Osaamistavoite: kosmetiikassa k\u00e4ytettyjen kemikaalien ominaisuuksien ja vaikutusten tuntemus ja huomioon ottaminen omassa ty\u00f6ss\u00e4, kosmetiikan vastuullinen k\u00e4ytt\u00f6<\/em><\/p>\n<p>Kosmeettisten aineiden tarkoituksena on puhdistaa, muuttaa tuoksua tai ulkon\u00e4k\u00f6\u00e4 ja suojata ja pit\u00e4\u00e4 kunnossa kehon ulkoisia osia. Erilaisia kosmeettisissa tuotteissa k\u00e4ytettyj\u00e4 ainesosia on suunnilleen 10 000 ja uusia aineita kehitet\u00e4\u00e4n jatkuvasti. Osa aikaisimmin k\u00e4ytetyist\u00e4 aineista on p\u00e4\u00e4tynyt kokonaan kiellettyjen aineiden luetteloon havaitun myrkyllisyyden tai muiden haittavaikutusten takia. Kiellettyjen aineiden luettelo koskee meikkituotteiden lis\u00e4ksi kaikkia muitakin kosmetiikkaan luettavia tuotteita kuten hammastahnoja, saippuoita, hiustenhoitoon tarkoitettua tuotteita ja ihovoiteita.<\/p>\n<p>Kosmetiikkatuotteissa t\u00e4ytyy s\u00e4\u00e4d\u00f6sten mukaan olla ainesosaluettelo, jossa aineet on lueteltu massan mukaisessa j\u00e4rjestyksess\u00e4. Aineet, joita on tuotteen massasta alle prosentti, voidaan merkit\u00e4 vapaassa j\u00e4rjestyksess\u00e4 luettelon loppuun. EU:ssa ainesosille k\u00e4ytet\u00e4\u00e4n INCI-nime\u00e4 (= International Nomenclature Cosmetic Ingredients), jotta k\u00e4ytetyt aineet voidaan kaikissa j\u00e4senvaltioissa tunnistaa samalla nimell\u00e4. Tuotteen pakkausmerkinn\u00f6ist\u00e4 tulee k\u00e4yd\u00e4 ilmi my\u00f6s ohjeet tuotteen turvalliseen k\u00e4ytt\u00f6\u00f6n. Alle 30 kuukautta s\u00e4ilyviss\u00e4 tuotteissa tulee olla my\u00f6s parasta ennen -merkint\u00e4.<\/p>\n<h3>Teht\u00e4v\u00e4 1: Oma kosmetiikan k\u00e4ytt\u00f6ni<\/h3>\n<h4>Valmistava teht\u00e4v\u00e4 A:<\/h4>\n<p>Laadi luettelo kaikista kosmeettisista tuotteista, joita k\u00e4yt\u00e4t v\u00e4hint\u00e4\u00e4n kerran viikossa. Lue luettelosi l\u00e4pi ja varmista, ett\u00e4 olet muistanut mainita kaikki tuotteet.<\/p>\n<h4>Valmistava teht\u00e4v\u00e4 B:<\/h4>\n<p>Jaa luettelosi kosmeettiset tuotteet kahteen ryhm\u00e4\u00e4n: ensimm\u00e4iseen ryhm\u00e4\u00e4n ne, joita ilman et miss\u00e4\u00e4n tapauksessa tulisi toimeen, toiseen ryhm\u00e4\u00e4n ne tuotteet, joiden k\u00e4yt\u00f6st\u00e4 voisit luopua kokonaan. Harkitse tarkoin kunkin tuotteen sijoitusta omaan ryhm\u00e4\u00e4ns\u00e4: mist\u00e4 syyst\u00e4 se on sinulle v\u00e4ltt\u00e4m\u00e4t\u00f6n tai miksi se on oikeastaan turha?<\/p>\n<h4>Valmistava teht\u00e4v\u00e4 C:<\/h4>\n<p>Ota tutkimuksesi kohteeksi se ryhm\u00e4, jonka tuotteet ovat sinulle v\u00e4ltt\u00e4m\u00e4tt\u00f6mi\u00e4 (joita ilman et siis tulisi toimeen). Selvit\u00e4 kyseisten tuotteiden ainesosaluettelosta kunkin tuotteen sis\u00e4lt\u00e4m\u00e4t kemikaalit. Laske kuinka monta eri kemikaalia mielest\u00e4si v\u00e4ltt\u00e4m\u00e4tt\u00f6m\u00e4t tuotteet sis\u00e4lt\u00e4v\u00e4t yhteens\u00e4.<\/p>\n<h4>Varsinainen teht\u00e4v\u00e4:<\/h4>\n<p>Tehdess\u00e4si valmistavia teht\u00e4vi\u00e4 mieless\u00e4si syntyi varmasti erilaisia kosmetiikkaa koskevia ajatuksia. <strong>Laadi lyhyehk\u00f6 kirjoitus otsikolla &#8221;XX minulle v\u00e4ltt\u00e4m\u00e4t\u00f6nt\u00e4 kosmetiikan kemikaalia&#8221;<\/strong> (miss\u00e4 XX on valmistavassa teht\u00e4v\u00e4ss\u00e4 C laskemasi kemikaalien lukum\u00e4\u00e4r\u00e4). Pohdi kirjoituksessasi syit\u00e4, miksi juuri n\u00e4it\u00e4 kemikaaleja sis\u00e4lt\u00e4v\u00e4t tuotteet ovat sinulle v\u00e4ltt\u00e4m\u00e4tt\u00f6mi\u00e4 ja millaisia ajatuksia valmistelevien teht\u00e4vien tekeminen toi mieleesi kosmetiikkaa koskien.<\/p>\n<p><strong>Palauta valmis kirjoitus Fronteriin VerkkoKEMIAn palautuskansioon tai muuhun sovittuun paikkaan.<\/strong><\/p>\n<h3>Teht\u00e4v\u00e4 2: Ty\u00f6ss\u00e4ni k\u00e4ytett\u00e4v\u00e4t kosmeettiset aineet<\/h3>\n<p>Kosmetologi k\u00e4ytt\u00e4\u00e4 ty\u00f6ss\u00e4\u00e4n monia kosmeettisia aineita, samoin kampaajat ja parturit. Kosmeettisia aineita k\u00e4ytet\u00e4\u00e4n my\u00f6s terveydenhuollossa.<\/p>\n<p><strong>Valitse alla olevasta luettelosta 4 tuoteryhm\u00e4\u00e4, joihin todenn\u00e4k\u00f6isimmin t\u00f6rm\u00e4\u00e4t omassa ty\u00f6ss\u00e4si.<\/strong> Etsi valitsemiisi tuoteryhmiin kuuluva tuote. Laadi n\u00e4ist\u00e4 tuotteista taulukko, josta l\u00f6ytyv\u00e4t seuraavat tiedot: 1) tuoteryhm\u00e4 ja esimerkki tuotteesta (esim: kosteusvoide, Erisan kosteuttava kasvovoide), 2) esimerkkituotteen p\u00e4\u00e4asialliset ainesosat, 3) tuotteen k\u00e4ytt\u00f6tarkoitus, 4) tuotteen k\u00e4ytt\u00f6\u00e4 mahdollisesti rajoittavat seikat (esim. &#8221;ei \u00e4rtyneelle iholle&#8221;) ja 5) tuotteen mahdollisesti aiheuttamat allergiset tai muut oireet (huomaa, ett\u00e4 oireita saattaa aiheuttaa vaikka vain yksikin tuotteen sis\u00e4lt\u00e4m\u00e4 kemikaali).<\/p>\n<h4>Valittavissa olevat tuoteryhm\u00e4t:<\/h4>\n<p>kosteusvoide, antiperspirantti, hiusv\u00e4ri, shampoo, hiustenhoito\u00f6ljy, nestesaippua, partavesi, hajuvesi, hammastahna, huulipuna, luomiv\u00e4ri, puuteri<\/p>\n<p><strong>Palauta valmis taulukko Fronteriin VerkkoKEMIAn palautuskansioon tai muuhun sovittuun paikkaan.<\/strong><\/p>\n<h3>Teht\u00e4v\u00e4 3: Kosmeettisten tuotteiden elinkaari<\/h3>\n<h4>Valmistava teht\u00e4v\u00e4 A:<\/h4>\n<p>Selvit\u00e4 haluamasi l\u00e4hteen avulla, mit\u00e4 tarkoittaa tuotteen elinkaari. Kirjoita itsellesi muistiin elinkaaren vaiheet.<\/p>\n<h4>Valmistava teht\u00e4v\u00e4 B:<\/h4>\n<p>Valitse jokin itsellesi t\u00e4rke\u00e4 kosmetiikan tuote (teht\u00e4v\u00e4st\u00e4 1) ja selvit\u00e4 sen elinkaari.<\/p>\n<h4>Valmistava teht\u00e4v\u00e4 C:<\/h4>\n<p>Tutki laatimaasi tuotteen elinkaarta. Miss\u00e4 vaiheissa tuotteen ymp\u00e4rist\u00f6vaikutukset ovat suurimmillaan? Millaisilla tavoilla tuotteen ymp\u00e4rist\u00f6rasituksia voisi pienet\u00e4\u00e4 elinkaaren eri vaiheissa? Mihin tuon tuotteen elinkaaren vaiheisiin voi tuotteen k\u00e4ytt\u00e4j\u00e4 vaikuttaa omilla valinnoillaan?<\/p>\n<h4>Varsinainen teht\u00e4v\u00e4:<\/h4>\n<p><strong>Edell\u00e4 olleiden valmistavien teht\u00e4vien vastauksiasi hy\u00f6dynt\u00e4en laadi ohjeet valitsemasi tuotteen vastuullisesta k\u00e4yt\u00f6st\u00e4.<\/strong> Ohjeista tulee k\u00e4yd\u00e4 ilmi, millaisiin seikkoihin tuotteen k\u00e4ytt\u00e4j\u00e4n tulee kiinnitt\u00e4\u00e4 huomiota valitessaan kaupassa itselleen kyseist\u00e4 tuotetta ja miksi (esim. miksi pit\u00e4isi valita tuon merkkinen deodorantti eik\u00e4 tuota toista), millaiset seikat tuotetta k\u00e4ytett\u00e4ess\u00e4 voivat aiheuttaa ymp\u00e4rist\u00f6haittoja, ja millainen on vastuullinen tapa lopulta h\u00e4vitt\u00e4\u00e4 loppuunk\u00e4ytetyn tuotteen pakkaus. Valitse ohjeille mielest\u00e4si j\u00e4rkevin esitystapa: voit laatia ohjeesi tekstiksi, sarjakuvaksi, julisteeksi tai mihink\u00e4 tahansa sellaiseen muotoon, mik\u00e4 on toteutettavissasi.<\/p>\n<p><strong>Palauta valmiit ohjeet Fronteriin VerkkoKEMIAn palautuskansioon tai muuhun sovittuun paikkaan.<\/strong> Jos ohjeesi eiv\u00e4t ole s\u00e4hk\u00f6isess\u00e4 muodossa (esim. juliste, jota et pysty skannaamaan), sovi sen palauttamisesta opettajan kanssa.<\/p>\n","protected":false},"excerpt":{"rendered":"<p>Osaamistavoite: kosmetiikassa k\u00e4ytettyjen kemikaalien ominaisuuksien ja vaikutusten tuntemus ja huomioon ottaminen omassa ty\u00f6ss\u00e4, kosmetiikan vastuullinen k\u00e4ytt\u00f6 Kosmeettisten aineiden tarkoituksena on puhdistaa, muuttaa tuoksua tai ulkon\u00e4k\u00f6\u00e4 ja suojata ja pit\u00e4\u00e4 kunnossa kehon ulkoisia osia. Erilaisia kosmeettisissa tuotteissa k\u00e4ytettyj\u00e4 ainesosia on suunnilleen 10 000 ja uusia aineita kehitet\u00e4\u00e4n jatkuvasti. Osa aikaisimmin k\u00e4ytetyist\u00e4 aineista on p\u00e4\u00e4tynyt kokonaan kiellettyjen &hellip; <a href=\"https:\/\/www.verkkovaria.fi\/yhteiset\/kemia\/?page_id=111\">Continued<\/a><\/p>\n","protected":false},"author":1,"featured_media":277,"parent":0,"menu_order":0,"comment_status":"closed","ping_status":"closed","template":"","meta":{"footnotes":"","_links_to":"","_links_to_target":""},"class_list":["post-111","page","type-page","status-publish","has-post-thumbnail","hentry"],"_links":{"self":[{"href":"https:\/\/www.verkkovaria.fi\/yhteiset\/kemia\/index.php?rest_route=\/wp\/v2\/pages\/111","targetHints":{"allow":["GET"]}}],"collection":[{"href":"https:\/\/www.verkkovaria.fi\/yhteiset\/kemia\/index.php?rest_route=\/wp\/v2\/pages"}],"about":[{"href":"https:\/\/www.verkkovaria.fi\/yhteiset\/kemia\/index.php?rest_route=\/wp\/v2\/types\/page"}],"author":[{"embeddable":true,"href":"https:\/\/www.verkkovaria.fi\/yhteiset\/kemia\/index.php?rest_route=\/wp\/v2\/users\/1"}],"replies":[{"embeddable":true,"href":"https:\/\/www.verkkovaria.fi\/yhteiset\/kemia\/index.php?rest_route=%2Fwp%2Fv2%2Fcomments&post=111"}],"version-history":[{"count":7,"href":"https:\/\/www.verkkovaria.fi\/yhteiset\/kemia\/index.php?rest_route=\/wp\/v2\/pages\/111\/revisions"}],"predecessor-version":[{"id":430,"href":"https:\/\/www.verkkovaria.fi\/yhteiset\/kemia\/index.php?rest_route=\/wp\/v2\/pages\/111\/revisions\/430"}],"wp:featuredmedia":[{"embeddable":true,"href":"https:\/\/www.verkkovaria.fi\/yhteiset\/kemia\/index.php?rest_route=\/wp\/v2\/media\/277"}],"wp:attachment":[{"href":"https:\/\/www.verkkovaria.fi\/yhteiset\/kemia\/index.php?rest_route=%2Fwp%2Fv2%2Fmedia&parent=111"}],"curies":[{"name":"wp","href":"https:\/\/api.w.org\/{rel}","templated":true}]}}