{"id":113,"date":"2015-10-20T07:46:41","date_gmt":"2015-10-20T07:46:41","guid":{"rendered":"http:\/\/www.verkkovaria.fi\/yhteiset\/kemia\/?page_id=113"},"modified":"2016-03-31T09:59:34","modified_gmt":"2016-03-31T09:59:34","slug":"varien-ja-maalien-kemia","status":"publish","type":"page","link":"https:\/\/www.verkkovaria.fi\/yhteiset\/kemia\/?page_id=113","title":{"rendered":"V\u00e4rien ja maalien kemia"},"content":{"rendered":"<p><em>Osaamistavoite: alalla k\u00e4ytett\u00e4vien v\u00e4riaineiden ja niiden sidosaineiden kemiallisten ominaisuuksien huomioon ottaminen omassa ty\u00f6ss\u00e4, maalaamisessa k\u00e4ytettyjen kemikaalien asianmukainen h\u00e4vitt\u00e4minen<\/em><\/p>\n<p>Erilaisia v\u00e4riaineita ja maaleja k\u00e4ytet\u00e4\u00e4n hyvin monenlaisiin kohteisiin, esimerkiksi erilaisiin taideteoksiin, kankaiden ja muiden materiaalien v\u00e4rj\u00e4\u00e4miseen, talojen maalaamiseen sis\u00e4lt\u00e4 ja ulkoa, erilaisten esineiden v\u00e4rikk\u00e4iksi saamiseen ja tuotteiden pinnoittamiseen k\u00e4ytt\u00f6i\u00e4n pident\u00e4miseksi. T\u00e4st\u00e4 johtuen v\u00e4rien kanssa joutuu tekemisiin monenlaisissa ammateissa, mink\u00e4 takia on hyv\u00e4 olla tietoinen v\u00e4riaineiden ja niiden sidosaineena k\u00e4ytettyjen kemikaalien kemiallisista ominaisuuksista.<\/p>\n<p>Seuraavassa on erilaisia v\u00e4rien ja maalien kemiaan liittyvi\u00e4 teht\u00e4vi\u00e4. <strong>Tee niist\u00e4 oman valintasi mukaan yksi (A, B, C tai D), josta katsot olevan eniten hy\u00f6ty\u00e4 opiskelemallasi alalla.<\/strong><\/p>\n<h3>Teht\u00e4v\u00e4 A: V\u00e4ripigmenttien kemiaa<\/h3>\n<p>Maalit saavat v\u00e4rins\u00e4 joko yhdest\u00e4 v\u00e4ripigmentist\u00e4 tai useamman v\u00e4ripigmentin sekoituksesta. Osa v\u00e4ripigmenteist\u00e4 l\u00f6ytyy luonnosta ihan sellaisinaan (maav\u00e4rit, mineraaliv\u00e4rit), osa valmistetaan t\u00e4ysin kemiallisesti laboratoriossa (synteettiset v\u00e4rit). My\u00f6s maav\u00e4rej\u00e4 ja mineraaliv\u00e4rej\u00e4 voidaan korvata synteettisill\u00e4 vastineillaan, jolloin saadaan v\u00e4riaine, jossa ei ole mukana luonnonv\u00e4reiss\u00e4 aina esiintyvi\u00e4 ep\u00e4puhtauksia.<\/p>\n<p>Kuten kaikki aineet, my\u00f6s v\u00e4ripigmentit voivat reagoida kesken\u00e4\u00e4n. T\u00e4st\u00e4 syyst\u00e4 ihan mit\u00e4 tahansa kahta v\u00e4riainetta ei voi sekoittaa kesken\u00e4\u00e4n. V\u00e4riaineet voivat reagoida my\u00f6s ilmassa olevien ep\u00e4puhtauksien tai ilman sis\u00e4lt\u00e4m\u00e4n hapen kanssa. Kun v\u00e4riaine reagoi jonkin toisen v\u00e4riaineen tai toisen aineen kanssa, tuloksena on yleens\u00e4 v\u00e4rin muuttuminen.<\/p>\n<p><strong>Laadi taulukko, jossa on kerrottu alla olevien v\u00e4ripigmenttien kohdalta seuraavat asiat:<\/strong><\/p>\n<ul>\n<li>v\u00e4ripigmentin nimi ja kemiallinen kaava<\/li>\n<li>pigmentin alkuper\u00e4 (mist\u00e4 sit\u00e4 saadaan, kaivetaanko maasta vai tehd\u00e4\u00e4nk\u00f6 laboratoriossa ja mist\u00e4 raaka-aineista)<\/li>\n<li>kuvaus pigmentin v\u00e4rist\u00e4 (esim. &#8221;vaalea vihert\u00e4v\u00e4nsininen&#8221;)<\/li>\n<li>pigmentin kest\u00e4vyys (kest\u00e4\u00e4k\u00f6 valoa, happea, happoja tms.)<\/li>\n<li>mahdolliset reaktiot toisten v\u00e4riaineiden kanssa (riitt\u00e4\u00e4 mainita toisen v\u00e4riaineen nimi, ei tarvitse esitt\u00e4\u00e4 tapahtuvaa kemiallista reaktiota, ellei v\u00e4ltt\u00e4m\u00e4tt\u00e4 halua)<\/li>\n<\/ul>\n<p>\u00a0<\/p>\n<h4>Tutkittavat pigmentit:<\/h4>\n<p>lyijyvalkoinen, keltaokra, karmiini, vermillion (= aito sinoperinpunainen), aniliini, ultramariinin sininen, ftalon vihre\u00e4, norsunluunmusta<\/p>\n<p><strong>Palauta valmis taulukko Fronteriin VerkkoKEMIAn palautuskansioon tai muuhun sovittuun paikkaan.<\/strong><\/p>\n<h3>\u00a0<\/h3>\n<h3>Teht\u00e4v\u00e4 B: V\u00e4rej\u00e4 ruoassa<\/h3>\n<p>Monia elintarvikkeita v\u00e4rj\u00e4t\u00e4\u00e4n, jotta ne n\u00e4ytt\u00e4isiv\u00e4t herkullisemmilta. Kakkujen p\u00e4\u00e4lle voidaan jopa printata kuvia sy\u00f6t\u00e4viksi kelpaavilla v\u00e4riaineilla.<\/p>\n<p><strong>Tutustu<\/strong> haluamasi l\u00e4hteen avulla elintarvikkeiden v\u00e4rj\u00e4\u00e4miseen ja siin\u00e4 k\u00e4ytettyihin v\u00e4riaineisiin.<strong> Laadi aiheesta taulukko:<\/strong><\/p>\n<ul>\n<li>ensimm\u00e4iseen sarakkeeseen kirjoita v\u00e4riaineen v\u00e4ri (esim. punainen)<\/li>\n<li>toiseen sarakkeeseen esimerkki elintarvikev\u00e4rist\u00e4, joka v\u00e4rj\u00e4\u00e4 ruoan ensimm\u00e4isess\u00e4 sarakkeessa mainitun v\u00e4riseksi, kirjoita n\u00e4kyviin my\u00f6s v\u00e4rin kemiallinen kaava (tai virallinen kemiallinen nimi, jos kaavaa ei l\u00f6ydy)<\/li>\n<li>kolmanteen sarakkeeseen kirjoita, mit\u00e4 elintarvikkeita juuri t\u00e4ll\u00e4 v\u00e4riaineella voidaan v\u00e4rj\u00e4t\u00e4<\/li>\n<li>nelj\u00e4nness\u00e4 sarakkeessa ilmoita v\u00e4riaineen kest\u00e4vyydest\u00e4 ja mahdollisista vaikutuksista ruoan koostumukseen (esim. kest\u00e4\u00e4k\u00f6 kuumennusta tai pakastamista, tekeek\u00f6 ruoasta tahmeaa tai vaikuttaako tuotteen s\u00e4ilyvyyteen)<\/li>\n<li>viidenteen sarakkeeseen merkitse onko t\u00e4m\u00e4n v\u00e4riaineen havaittu aiheuttavan allergisia reaktioita tai muita haittavaikutuksia (vaikuttaako esim. joidenkin ruoka-aineiden makuun)<\/li>\n<\/ul>\n<p>V\u00e4riaineita tulee koota taulukkoon v\u00e4hint\u00e4\u00e4n 8.<\/p>\n<p><strong>Palauta valmis taulukko Fronteriin VerkkoKEMIAn palautuskansioon tai muuhun sovittuun paikkaan.<\/strong><\/p>\n<p>\u00a0<\/p>\n<h3>Teht\u00e4v\u00e4 C: Metallipintojen maalaamisen kemiaa<\/h3>\n<p>Maalaaminen vaatii usein erilaisia valmisteluja ennen kuin varsinaiseen ty\u00f6h\u00f6n voidaan k\u00e4yd\u00e4 oli maalattava kohde sitten taulun pohjakangas, talon sein\u00e4 tai auto. Yksi esivalmistelujen vaihe on ep\u00e4puhtauksien poisto maalattavalta pinnalta. Erilaiset ep\u00e4puhtaudet poistetaan erilaisin menetelmin.<\/p>\n<p><strong>Tutustu<\/strong> haluamiesi l\u00e4hteiden avulla metallipintojen puhdistamiseen ep\u00e4puhtauksista ennen maalaamista. <strong>Laadi erilaisista ep\u00e4puhtauksista taulukko, josta selvi\u00e4\u00e4 seuraavat asiat:<\/strong><\/p>\n<ul>\n<li>ep\u00e4puhtaus (tutkittavat ep\u00e4puhtaudet lueteltu alla)<\/li>\n<li>ep\u00e4puhtauden l\u00e4hde (eli mist\u00e4 ep\u00e4puhtaus on per\u00e4isin, mist\u00e4 se on aiheutunut)<\/li>\n<li>onko ep\u00e4puhtaus poistettavissa mill\u00e4 menetelm\u00e4ll\u00e4 (l\u00e4hteek\u00f6 pesem\u00e4ll\u00e4 vai tarvitaanko jotakin j\u00e4re\u00e4mp\u00e4\u00e4 k\u00e4sittely\u00e4)<\/li>\n<li>mit\u00e4 ainetta puhdistamisessa voi k\u00e4ytt\u00e4\u00e4<\/li>\n<li>mit\u00e4 seikkoja tulee ottaa huomioon kyseist\u00e4 puhdistuskemikaalia k\u00e4ytett\u00e4ess\u00e4 (tarvitaanko suojavarusteita, ent\u00e4 ilmastointia, miten syntynyt likainen vesi\/kemikaaliliuos tulee h\u00e4vitt\u00e4\u00e4 yms.)<\/li>\n<\/ul>\n<h4>\u00a0<\/h4>\n<h4>Taulukosta tulee l\u00f6yty\u00e4 seuraavat ep\u00e4puhtaudet:<\/h4>\n<p>1) suoja\u00f6ljy ja rasva, 2) metallilastut, 3) ruoste ja valkoruoste, 4) suolat, 5) ty\u00f6st\u00f6nesteet, 6) hiilip\u00f6ly ja noki, 7) vetorasvat ja -saippuat<\/p>\n<p><strong>Palauta valmis taulukko Fronteriin VerkkoKEMIAn palautuskansioon tai muuhun sovittuun paikkaan.<\/strong><\/p>\n<p>\u00a0<\/p>\n<h3>Teht\u00e4v\u00e4 D: Maalaamisessa ja muussa v\u00e4rj\u00e4\u00e4misess\u00e4 k\u00e4ytettyjen kemikaalien h\u00e4vitt\u00e4minen<\/h3>\n<p>Erilaisissa maalaus- ja v\u00e4rj\u00e4yst\u00f6iss\u00e4 k\u00e4ytet\u00e4\u00e4n kemikaaleja, jotka ovat sellaisinaan ymp\u00e4rist\u00f6myrkkyj\u00e4. Niit\u00e4 ei siis voi h\u00e4vitt\u00e4\u00e4 kaatamalla viem\u00e4riin tai laittamalla roskiin.<\/p>\n<p><strong>Valitse 4 omalla alallasi t\u00e4rke\u00e4\u00e4 v\u00e4rien k\u00e4ytt\u00f6\u00f6n liittyv\u00e4\u00e4 kemikaalia<\/strong> (muita kuin v\u00e4riaineita).<\/p>\n<p><strong>Laadi n\u00e4iden nelj\u00e4n kemikaalin h\u00e4vitt\u00e4mist\u00e4 koskevat ohjeet muille alasi opiskelijoille.<\/strong><\/p>\n<p>Ohjeista tulee selvit\u00e4:<\/p>\n<ul>\n<li>kemikaalin nimi<\/li>\n<li>kemikaalin koostumus (kemiallinen kaava; jos kyseess\u00e4 on useamman aineen seos, riitt\u00e4\u00e4 kirjoittaa n\u00e4kyviin p\u00e4\u00e4asialliset vaikuttavat aineet)<\/li>\n<li>kemikaalin k\u00e4ytt\u00f6tarkoitus<\/li>\n<li>kemikaalin ymp\u00e4rist\u00f6vaikutukset<\/li>\n<li>ohjeet kyseisen kemikaalin asianmukaiseen h\u00e4vitt\u00e4miseen ja<\/li>\n<li>onko olemassa jotakin toista v\u00e4hemm\u00e4n ymp\u00e4rist\u00f6lle haitallista ainetta, jolla t\u00e4m\u00e4n aineen k\u00e4ytt\u00f6\u00e4 voisi korvata.<\/li>\n<\/ul>\n<p>Ohjeiden muoto on vapaavalintainen: voit tehd\u00e4 helposti luettavan taulukon, PowerPoint-esityksen, tekstimuotoisen esitteen, julisteen, videon, \u00e4\u00e4nitteen&#8230; Valitse asian esitt\u00e4miseen tapa, jolla uskot toisten opiskelijoiden helpoiten oppivan asian.<\/p>\n<p><strong>Palauta valmiit ohjeet Fronteriin VerkkoKEMIAn palautuskansioon tai muuhun sovittuun paikkaan.<\/strong> Jos tuotoksesi ei ole s\u00e4hk\u00f6isess\u00e4 muodossa, sovi opettajan kanssa erikseen sen palauttamisesta.<\/p>\n","protected":false},"excerpt":{"rendered":"<p>Osaamistavoite: alalla k\u00e4ytett\u00e4vien v\u00e4riaineiden ja niiden sidosaineiden kemiallisten ominaisuuksien huomioon ottaminen omassa ty\u00f6ss\u00e4, maalaamisessa k\u00e4ytettyjen kemikaalien asianmukainen h\u00e4vitt\u00e4minen Erilaisia v\u00e4riaineita ja maaleja k\u00e4ytet\u00e4\u00e4n hyvin monenlaisiin kohteisiin, esimerkiksi erilaisiin taideteoksiin, kankaiden ja muiden materiaalien v\u00e4rj\u00e4\u00e4miseen, talojen maalaamiseen sis\u00e4lt\u00e4 ja ulkoa, erilaisten esineiden v\u00e4rikk\u00e4iksi saamiseen ja tuotteiden pinnoittamiseen k\u00e4ytt\u00f6i\u00e4n pident\u00e4miseksi. T\u00e4st\u00e4 johtuen v\u00e4rien kanssa joutuu tekemisiin monenlaisissa &hellip; <a href=\"https:\/\/www.verkkovaria.fi\/yhteiset\/kemia\/?page_id=113\">Continued<\/a><\/p>\n","protected":false},"author":1,"featured_media":280,"parent":0,"menu_order":0,"comment_status":"closed","ping_status":"closed","template":"","meta":{"footnotes":"","_links_to":"","_links_to_target":""},"class_list":["post-113","page","type-page","status-publish","has-post-thumbnail","hentry"],"_links":{"self":[{"href":"https:\/\/www.verkkovaria.fi\/yhteiset\/kemia\/index.php?rest_route=\/wp\/v2\/pages\/113","targetHints":{"allow":["GET"]}}],"collection":[{"href":"https:\/\/www.verkkovaria.fi\/yhteiset\/kemia\/index.php?rest_route=\/wp\/v2\/pages"}],"about":[{"href":"https:\/\/www.verkkovaria.fi\/yhteiset\/kemia\/index.php?rest_route=\/wp\/v2\/types\/page"}],"author":[{"embeddable":true,"href":"https:\/\/www.verkkovaria.fi\/yhteiset\/kemia\/index.php?rest_route=\/wp\/v2\/users\/1"}],"replies":[{"embeddable":true,"href":"https:\/\/www.verkkovaria.fi\/yhteiset\/kemia\/index.php?rest_route=%2Fwp%2Fv2%2Fcomments&post=113"}],"version-history":[{"count":7,"href":"https:\/\/www.verkkovaria.fi\/yhteiset\/kemia\/index.php?rest_route=\/wp\/v2\/pages\/113\/revisions"}],"predecessor-version":[{"id":431,"href":"https:\/\/www.verkkovaria.fi\/yhteiset\/kemia\/index.php?rest_route=\/wp\/v2\/pages\/113\/revisions\/431"}],"wp:featuredmedia":[{"embeddable":true,"href":"https:\/\/www.verkkovaria.fi\/yhteiset\/kemia\/index.php?rest_route=\/wp\/v2\/media\/280"}],"wp:attachment":[{"href":"https:\/\/www.verkkovaria.fi\/yhteiset\/kemia\/index.php?rest_route=%2Fwp%2Fv2%2Fmedia&parent=113"}],"curies":[{"name":"wp","href":"https:\/\/api.w.org\/{rel}","templated":true}]}}